{"id":3423,"date":"2026-02-17T07:39:57","date_gmt":"2026-02-17T06:39:57","guid":{"rendered":"https:\/\/dynaflow.de\/forecasting-labor-management\/"},"modified":"2026-02-17T07:39:57","modified_gmt":"2026-02-17T06:39:57","slug":"forecasting-labor-management","status":"publish","type":"page","link":"https:\/\/dynaflow.de\/fr\/forecasting-labor-management\/","title":{"rendered":"Forecasting &amp; Labor Management"},"content":{"rendered":"","protected":false},"excerpt":{"rendered":"","protected":false},"author":2,"featured_media":0,"parent":0,"menu_order":0,"comment_status":"closed","ping_status":"closed","template":"","meta":{"_acf_changed":false,"footnotes":""},"class_list":["post-3423","page","type-page","status-publish","hentry"],"acf":[],"yoast_head":"<!-- This site is optimized with the Yoast SEO plugin v26.9 - https:\/\/yoast.com\/product\/yoast-seo-wordpress\/ -->\n<title>Forecasting &amp; Labor Management - Dynaflow Technology FacturationCommandes et factures optimis\u00e9es par l\u2019IA<\/title>\n<meta name=\"description\" content=\"Logiciel pour les fournisseurs 3PL (ex\u00e9cution du commerce \u00e9lectronique). Facturation transparente et flexible, con\u00e7ue pour les mod\u00e8les de tarification 3PL r\u00e9els. Pour la plupart des 3PL, la facturation est le maillon fragile de leur configuration. FlowOMS transforme les donn\u00e9es WMS en factures transparentes et pr\u00eates \u00e0 \u00eatre envoy\u00e9es aux clients, quelle que soit la complexit\u00e9 ou l\u2019individualit\u00e9 de votre structure de prix. Gestion des op\u00e9rations et gestion des transporteurs optimis\u00e9es par l\u2019IA\" \/>\n<meta name=\"robots\" content=\"index, follow, max-snippet:-1, max-image-preview:large, max-video-preview:-1\" \/>\n<link rel=\"canonical\" href=\"https:\/\/dynaflow.de\/fr\/forecasting-labor-management\/\" \/>\n<meta property=\"og:locale\" content=\"fr_FR\" \/>\n<meta property=\"og:type\" content=\"article\" \/>\n<meta property=\"og:title\" content=\"FlowOMS pour les 3PL\u00a0: facturation transparente et flexible, con\u00e7ue pour les mod\u00e8les de tarification 3PL r\u00e9els\" \/>\n<meta property=\"og:description\" content=\"Logiciel pour les fournisseurs 3PL (ex\u00e9cution du commerce \u00e9lectronique). Facturation transparente et flexible, con\u00e7ue pour les mod\u00e8les de tarification 3PL r\u00e9els. Pour la plupart des 3PL, la facturation est le maillon fragile de leur configuration. FlowOMS transforme les donn\u00e9es WMS en factures transparentes et pr\u00eates \u00e0 \u00eatre envoy\u00e9es aux clients, quelle que soit la complexit\u00e9 ou l\u2019individualit\u00e9 de votre structure de prix. Gestion des op\u00e9rations et gestion des transporteurs optimis\u00e9es par l\u2019IA\" \/>\n<meta property=\"og:url\" content=\"https:\/\/dynaflow.de\/fr\/forecasting-labor-management\/\" \/>\n<meta property=\"og:site_name\" content=\"Dynaflow Technology\" \/>\n<meta name=\"twitter:card\" content=\"summary_large_image\" \/>\n<script type=\"application\/ld+json\" class=\"yoast-schema-graph\">{\"@context\":\"https:\/\/schema.org\",\"@graph\":[{\"@type\":\"WebPage\",\"@id\":\"https:\/\/dynaflow.de\/fr\/forecasting-labor-management\/\",\"url\":\"https:\/\/dynaflow.de\/fr\/forecasting-labor-management\/\",\"name\":\"Forecasting &amp; Labor Management - Dynaflow Technology FacturationCommandes et factures optimis\u00e9es par l\u2019IA\",\"isPartOf\":{\"@id\":\"https:\/\/dynaflow.de\/fr\/#website\"},\"datePublished\":\"2026-02-17T06:39:57+00:00\",\"description\":\"Logiciel pour les fournisseurs 3PL (ex\u00e9cution du commerce \u00e9lectronique). Facturation transparente et flexible, con\u00e7ue pour les mod\u00e8les de tarification 3PL r\u00e9els. Pour la plupart des 3PL, la facturation est le maillon fragile de leur configuration. FlowOMS transforme les donn\u00e9es WMS en factures transparentes et pr\u00eates \u00e0 \u00eatre envoy\u00e9es aux clients, quelle que soit la complexit\u00e9 ou l\u2019individualit\u00e9 de votre structure de prix. Gestion des op\u00e9rations et gestion des transporteurs optimis\u00e9es par l\u2019IA\",\"breadcrumb\":{\"@id\":\"https:\/\/dynaflow.de\/fr\/forecasting-labor-management\/#breadcrumb\"},\"inLanguage\":\"fr-FR\",\"potentialAction\":[{\"@type\":\"ReadAction\",\"target\":[\"https:\/\/dynaflow.de\/fr\/forecasting-labor-management\/\"]}]},{\"@type\":\"BreadcrumbList\",\"@id\":\"https:\/\/dynaflow.de\/fr\/forecasting-labor-management\/#breadcrumb\",\"itemListElement\":[{\"@type\":\"ListItem\",\"position\":1,\"name\":\"Home\",\"item\":\"https:\/\/dynaflow.de\/fr\/\"},{\"@type\":\"ListItem\",\"position\":2,\"name\":\"Forecasting &amp; Labor Management\"}]},{\"@type\":\"WebSite\",\"@id\":\"https:\/\/dynaflow.de\/fr\/#website\",\"url\":\"https:\/\/dynaflow.de\/fr\/\",\"name\":\"Dynaflow Technology\",\"description\":\"\",\"potentialAction\":[{\"@type\":\"SearchAction\",\"target\":{\"@type\":\"EntryPoint\",\"urlTemplate\":\"https:\/\/dynaflow.de\/fr\/?s={search_term_string}\"},\"query-input\":{\"@type\":\"PropertyValueSpecification\",\"valueRequired\":true,\"valueName\":\"search_term_string\"}}],\"inLanguage\":\"fr-FR\"}]}<\/script>\n<!-- \/ Yoast SEO plugin. -->","yoast_head_json":{"title":"Forecasting &amp; Labor Management - Dynaflow Technology FacturationCommandes et factures optimis\u00e9es par l\u2019IA","description":"Logiciel pour les fournisseurs 3PL (ex\u00e9cution du commerce \u00e9lectronique). Facturation transparente et flexible, con\u00e7ue pour les mod\u00e8les de tarification 3PL r\u00e9els. Pour la plupart des 3PL, la facturation est le maillon fragile de leur configuration. FlowOMS transforme les donn\u00e9es WMS en factures transparentes et pr\u00eates \u00e0 \u00eatre envoy\u00e9es aux clients, quelle que soit la complexit\u00e9 ou l\u2019individualit\u00e9 de votre structure de prix. Gestion des op\u00e9rations et gestion des transporteurs optimis\u00e9es par l\u2019IA","robots":{"index":"index","follow":"follow","max-snippet":"max-snippet:-1","max-image-preview":"max-image-preview:large","max-video-preview":"max-video-preview:-1"},"canonical":"https:\/\/dynaflow.de\/fr\/forecasting-labor-management\/","og_locale":"fr_FR","og_type":"article","og_title":"FlowOMS pour les 3PL\u00a0: facturation transparente et flexible, con\u00e7ue pour les mod\u00e8les de tarification 3PL r\u00e9els","og_description":"Logiciel pour les fournisseurs 3PL (ex\u00e9cution du commerce \u00e9lectronique). Facturation transparente et flexible, con\u00e7ue pour les mod\u00e8les de tarification 3PL r\u00e9els. Pour la plupart des 3PL, la facturation est le maillon fragile de leur configuration. FlowOMS transforme les donn\u00e9es WMS en factures transparentes et pr\u00eates \u00e0 \u00eatre envoy\u00e9es aux clients, quelle que soit la complexit\u00e9 ou l\u2019individualit\u00e9 de votre structure de prix. Gestion des op\u00e9rations et gestion des transporteurs optimis\u00e9es par l\u2019IA","og_url":"https:\/\/dynaflow.de\/fr\/forecasting-labor-management\/","og_site_name":"Dynaflow Technology","twitter_card":"summary_large_image","schema":{"@context":"https:\/\/schema.org","@graph":[{"@type":"WebPage","@id":"https:\/\/dynaflow.de\/fr\/forecasting-labor-management\/","url":"https:\/\/dynaflow.de\/fr\/forecasting-labor-management\/","name":"Forecasting &amp; Labor Management - Dynaflow Technology FacturationCommandes et factures optimis\u00e9es par l\u2019IA","isPartOf":{"@id":"https:\/\/dynaflow.de\/fr\/#website"},"datePublished":"2026-02-17T06:39:57+00:00","description":"Logiciel pour les fournisseurs 3PL (ex\u00e9cution du commerce \u00e9lectronique). Facturation transparente et flexible, con\u00e7ue pour les mod\u00e8les de tarification 3PL r\u00e9els. Pour la plupart des 3PL, la facturation est le maillon fragile de leur configuration. FlowOMS transforme les donn\u00e9es WMS en factures transparentes et pr\u00eates \u00e0 \u00eatre envoy\u00e9es aux clients, quelle que soit la complexit\u00e9 ou l\u2019individualit\u00e9 de votre structure de prix. Gestion des op\u00e9rations et gestion des transporteurs optimis\u00e9es par l\u2019IA","breadcrumb":{"@id":"https:\/\/dynaflow.de\/fr\/forecasting-labor-management\/#breadcrumb"},"inLanguage":"fr-FR","potentialAction":[{"@type":"ReadAction","target":["https:\/\/dynaflow.de\/fr\/forecasting-labor-management\/"]}]},{"@type":"BreadcrumbList","@id":"https:\/\/dynaflow.de\/fr\/forecasting-labor-management\/#breadcrumb","itemListElement":[{"@type":"ListItem","position":1,"name":"Home","item":"https:\/\/dynaflow.de\/fr\/"},{"@type":"ListItem","position":2,"name":"Forecasting &amp; Labor Management"}]},{"@type":"WebSite","@id":"https:\/\/dynaflow.de\/fr\/#website","url":"https:\/\/dynaflow.de\/fr\/","name":"Dynaflow Technology","description":"","potentialAction":[{"@type":"SearchAction","target":{"@type":"EntryPoint","urlTemplate":"https:\/\/dynaflow.de\/fr\/?s={search_term_string}"},"query-input":{"@type":"PropertyValueSpecification","valueRequired":true,"valueName":"search_term_string"}}],"inLanguage":"fr-FR"}]}},"_links":{"self":[{"href":"https:\/\/dynaflow.de\/fr\/wp-json\/wp\/v2\/pages\/3423","targetHints":{"allow":["GET"]}}],"collection":[{"href":"https:\/\/dynaflow.de\/fr\/wp-json\/wp\/v2\/pages"}],"about":[{"href":"https:\/\/dynaflow.de\/fr\/wp-json\/wp\/v2\/types\/page"}],"author":[{"embeddable":true,"href":"https:\/\/dynaflow.de\/fr\/wp-json\/wp\/v2\/users\/2"}],"replies":[{"embeddable":true,"href":"https:\/\/dynaflow.de\/fr\/wp-json\/wp\/v2\/comments?post=3423"}],"version-history":[{"count":0,"href":"https:\/\/dynaflow.de\/fr\/wp-json\/wp\/v2\/pages\/3423\/revisions"}],"wp:attachment":[{"href":"https:\/\/dynaflow.de\/fr\/wp-json\/wp\/v2\/media?parent=3423"}],"curies":[{"name":"wp","href":"https:\/\/api.w.org\/{rel}","templated":true}]}}