{"id":3199,"date":"2024-02-27T14:05:15","date_gmt":"2024-02-27T13:05:15","guid":{"rendered":"https:\/\/dynaflow.de\/contact\/"},"modified":"2026-02-06T21:06:20","modified_gmt":"2026-02-06T20:06:20","slug":"contact","status":"publish","type":"page","link":"https:\/\/dynaflow.de\/fr\/contact\/","title":{"rendered":"Contact"},"content":{"rendered":"","protected":false},"excerpt":{"rendered":"","protected":false},"author":1,"featured_media":0,"parent":0,"menu_order":0,"comment_status":"closed","ping_status":"closed","template":"","meta":{"_acf_changed":false,"footnotes":""},"class_list":["post-3199","page","type-page","status-publish","hentry"],"acf":[],"yoast_head":"<!-- This site is optimized with the Yoast SEO plugin v26.9 - https:\/\/yoast.com\/product\/yoast-seo-wordpress\/ -->\n<title>Contact - Dynaflow Technology<\/title>\n<meta name=\"description\" content=\"Kontaktierte unser Team jederzeit, egal ob du Unterst\u00fctzung ben\u00f6tigst oder eine Frage hast. Wir helfen dir gerne weiter.\" \/>\n<meta name=\"robots\" content=\"index, follow, max-snippet:-1, max-image-preview:large, max-video-preview:-1\" \/>\n<link rel=\"canonical\" href=\"https:\/\/dynaflow.de\/fr\/contact\/\" \/>\n<meta property=\"og:locale\" content=\"fr_FR\" \/>\n<meta property=\"og:type\" content=\"article\" \/>\n<meta property=\"og:title\" content=\"Contact Dynaflow Technology\" \/>\n<meta property=\"og:description\" content=\"N&#039;h\u00e9sitez pas \u00e0 contacter notre \u00e9quipe \u00e0 tout moment, que vous ayez besoin d&#039;aide ou que vous ayez une question. Nous serons ravis de vous aider.\" \/>\n<meta property=\"og:url\" content=\"https:\/\/dynaflow.de\/fr\/contact\/\" \/>\n<meta property=\"og:site_name\" content=\"Dynaflow Technology\" \/>\n<meta property=\"article:modified_time\" content=\"2026-02-06T20:06:20+00:00\" \/>\n<meta property=\"og:image\" content=\"https:\/\/weship.d.zip.solutions\/apps\/uploads\/2025\/10\/Customer-Care-1.jpg\" \/>\n<meta name=\"twitter:card\" content=\"summary_large_image\" \/>\n<script type=\"application\/ld+json\" class=\"yoast-schema-graph\">{\"@context\":\"https:\/\/schema.org\",\"@graph\":[{\"@type\":\"WebPage\",\"@id\":\"https:\/\/dynaflow.de\/fr\/contact\/\",\"url\":\"https:\/\/dynaflow.de\/fr\/contact\/\",\"name\":\"Contact - Dynaflow Technology\",\"isPartOf\":{\"@id\":\"https:\/\/dynaflow.de\/fr\/#website\"},\"datePublished\":\"2024-02-27T13:05:15+00:00\",\"dateModified\":\"2026-02-06T20:06:20+00:00\",\"description\":\"Kontaktierte unser Team jederzeit, egal ob du Unterst\u00fctzung ben\u00f6tigst oder eine Frage hast. Wir helfen dir gerne weiter.\",\"breadcrumb\":{\"@id\":\"https:\/\/dynaflow.de\/fr\/contact\/#breadcrumb\"},\"inLanguage\":\"fr-FR\",\"potentialAction\":[{\"@type\":\"ReadAction\",\"target\":[\"https:\/\/dynaflow.de\/fr\/contact\/\"]}]},{\"@type\":\"BreadcrumbList\",\"@id\":\"https:\/\/dynaflow.de\/fr\/contact\/#breadcrumb\",\"itemListElement\":[{\"@type\":\"ListItem\",\"position\":1,\"name\":\"Home\",\"item\":\"https:\/\/dynaflow.de\/fr\/\"},{\"@type\":\"ListItem\",\"position\":2,\"name\":\"Contact\"}]},{\"@type\":\"WebSite\",\"@id\":\"https:\/\/dynaflow.de\/fr\/#website\",\"url\":\"https:\/\/dynaflow.de\/fr\/\",\"name\":\"Dynaflow Technology\",\"description\":\"\",\"potentialAction\":[{\"@type\":\"SearchAction\",\"target\":{\"@type\":\"EntryPoint\",\"urlTemplate\":\"https:\/\/dynaflow.de\/fr\/?s={search_term_string}\"},\"query-input\":{\"@type\":\"PropertyValueSpecification\",\"valueRequired\":true,\"valueName\":\"search_term_string\"}}],\"inLanguage\":\"fr-FR\"}]}<\/script>\n<!-- \/ Yoast SEO plugin. -->","yoast_head_json":{"title":"Contact - Dynaflow Technology","description":"Kontaktierte unser Team jederzeit, egal ob du Unterst\u00fctzung ben\u00f6tigst oder eine Frage hast. Wir helfen dir gerne weiter.","robots":{"index":"index","follow":"follow","max-snippet":"max-snippet:-1","max-image-preview":"max-image-preview:large","max-video-preview":"max-video-preview:-1"},"canonical":"https:\/\/dynaflow.de\/fr\/contact\/","og_locale":"fr_FR","og_type":"article","og_title":"Contact Dynaflow Technology","og_description":"N'h\u00e9sitez pas \u00e0 contacter notre \u00e9quipe \u00e0 tout moment, que vous ayez besoin d'aide ou que vous ayez une question. Nous serons ravis de vous aider.","og_url":"https:\/\/dynaflow.de\/fr\/contact\/","og_site_name":"Dynaflow Technology","article_modified_time":"2026-02-06T20:06:20+00:00","og_image":[{"url":"https:\/\/weship.d.zip.solutions\/apps\/uploads\/2025\/10\/Customer-Care-1.jpg","type":"","width":"","height":""}],"twitter_card":"summary_large_image","schema":{"@context":"https:\/\/schema.org","@graph":[{"@type":"WebPage","@id":"https:\/\/dynaflow.de\/fr\/contact\/","url":"https:\/\/dynaflow.de\/fr\/contact\/","name":"Contact - Dynaflow Technology","isPartOf":{"@id":"https:\/\/dynaflow.de\/fr\/#website"},"datePublished":"2024-02-27T13:05:15+00:00","dateModified":"2026-02-06T20:06:20+00:00","description":"Kontaktierte unser Team jederzeit, egal ob du Unterst\u00fctzung ben\u00f6tigst oder eine Frage hast. Wir helfen dir gerne weiter.","breadcrumb":{"@id":"https:\/\/dynaflow.de\/fr\/contact\/#breadcrumb"},"inLanguage":"fr-FR","potentialAction":[{"@type":"ReadAction","target":["https:\/\/dynaflow.de\/fr\/contact\/"]}]},{"@type":"BreadcrumbList","@id":"https:\/\/dynaflow.de\/fr\/contact\/#breadcrumb","itemListElement":[{"@type":"ListItem","position":1,"name":"Home","item":"https:\/\/dynaflow.de\/fr\/"},{"@type":"ListItem","position":2,"name":"Contact"}]},{"@type":"WebSite","@id":"https:\/\/dynaflow.de\/fr\/#website","url":"https:\/\/dynaflow.de\/fr\/","name":"Dynaflow Technology","description":"","potentialAction":[{"@type":"SearchAction","target":{"@type":"EntryPoint","urlTemplate":"https:\/\/dynaflow.de\/fr\/?s={search_term_string}"},"query-input":{"@type":"PropertyValueSpecification","valueRequired":true,"valueName":"search_term_string"}}],"inLanguage":"fr-FR"}]}},"_links":{"self":[{"href":"https:\/\/dynaflow.de\/fr\/wp-json\/wp\/v2\/pages\/3199","targetHints":{"allow":["GET"]}}],"collection":[{"href":"https:\/\/dynaflow.de\/fr\/wp-json\/wp\/v2\/pages"}],"about":[{"href":"https:\/\/dynaflow.de\/fr\/wp-json\/wp\/v2\/types\/page"}],"author":[{"embeddable":true,"href":"https:\/\/dynaflow.de\/fr\/wp-json\/wp\/v2\/users\/1"}],"replies":[{"embeddable":true,"href":"https:\/\/dynaflow.de\/fr\/wp-json\/wp\/v2\/comments?post=3199"}],"version-history":[{"count":1,"href":"https:\/\/dynaflow.de\/fr\/wp-json\/wp\/v2\/pages\/3199\/revisions"}],"predecessor-version":[{"id":3290,"href":"https:\/\/dynaflow.de\/fr\/wp-json\/wp\/v2\/pages\/3199\/revisions\/3290"}],"wp:attachment":[{"href":"https:\/\/dynaflow.de\/fr\/wp-json\/wp\/v2\/media?parent=3199"}],"curies":[{"name":"wp","href":"https:\/\/api.w.org\/{rel}","templated":true}]}}