{"id":3054,"date":"2025-06-05T21:28:20","date_gmt":"2025-06-05T19:28:20","guid":{"rendered":"https:\/\/dynaflow.de\/apercu\/"},"modified":"2025-06-05T21:28:20","modified_gmt":"2025-06-05T19:28:20","slug":"apercu","status":"publish","type":"page","link":"https:\/\/dynaflow.de\/fr\/apercu\/","title":{"rendered":"Aper\u00e7u"},"content":{"rendered":"","protected":false},"excerpt":{"rendered":"","protected":false},"author":1,"featured_media":0,"parent":0,"menu_order":0,"comment_status":"closed","ping_status":"closed","template":"","meta":{"_acf_changed":false,"footnotes":""},"class_list":["post-3054","page","type-page","status-publish","hentry"],"acf":[],"yoast_head":"<!-- This site is optimized with the Yoast SEO plugin v26.9 - https:\/\/yoast.com\/product\/yoast-seo-wordpress\/ -->\n<title>Aper\u00e7u - Dynaflow Technology Logiciel pour les prestataires 3PL<\/title>\n<meta name=\"description\" content=\"Logiciel pour les fournisseurs 3PL (ex\u00e9cution du commerce \u00e9lectronique). FlowOMS aide les fournisseurs de services d&#039;ex\u00e9cution \u00e0 optimiser leurs op\u00e9rations, \u00e0 r\u00e9duire les frictions et \u00e0 prot\u00e9ger leurs marges gr\u00e2ce \u00e0 l&#039;automatisation, \u00e0 des informations en temps r\u00e9el et \u00e0 des flux de travail intelligents. Gestion des op\u00e9rations et gestion des transporteurs optimis\u00e9es par l&#039;IA\" \/>\n<meta name=\"robots\" content=\"index, follow, max-snippet:-1, max-image-preview:large, max-video-preview:-1\" \/>\n<link rel=\"canonical\" href=\"https:\/\/dynaflow.de\/fr\/apercu\/\" \/>\n<meta property=\"og:locale\" content=\"fr_FR\" \/>\n<meta property=\"og:type\" content=\"article\" \/>\n<meta property=\"og:title\" content=\"Aper\u00e7u - Logiciel Dynaflow Technology pour les fournisseurs 3PL\" \/>\n<meta property=\"og:description\" content=\"Logiciel pour les fournisseurs 3PL (ex\u00e9cution du commerce \u00e9lectronique). FlowOMS aide les fournisseurs de services d&#039;ex\u00e9cution \u00e0 optimiser leurs op\u00e9rations, \u00e0 r\u00e9duire les frictions et \u00e0 prot\u00e9ger leurs marges gr\u00e2ce \u00e0 l&#039;automatisation, \u00e0 des informations en temps r\u00e9el et \u00e0 des flux de travail intelligents. Gestion des op\u00e9rations et gestion des transporteurs optimis\u00e9es par l&#039;IA\" \/>\n<meta property=\"og:url\" content=\"https:\/\/dynaflow.de\/fr\/apercu\/\" \/>\n<meta property=\"og:site_name\" content=\"Dynaflow Technology\" \/>\n<meta property=\"og:image\" content=\"https:\/\/weship.d.zip.solutions\/apps\/uploads\/2025\/10\/Submenu-1024x620.jpg\" \/>\n<meta name=\"twitter:card\" content=\"summary_large_image\" \/>\n<script type=\"application\/ld+json\" class=\"yoast-schema-graph\">{\"@context\":\"https:\/\/schema.org\",\"@graph\":[{\"@type\":\"WebPage\",\"@id\":\"https:\/\/dynaflow.de\/fr\/apercu\/\",\"url\":\"https:\/\/dynaflow.de\/fr\/apercu\/\",\"name\":\"Aper\u00e7u - Dynaflow Technology Logiciel pour les prestataires 3PL\",\"isPartOf\":{\"@id\":\"https:\/\/dynaflow.de\/fr\/#website\"},\"datePublished\":\"2025-06-05T19:28:20+00:00\",\"description\":\"Logiciel pour les fournisseurs 3PL (ex\u00e9cution du commerce \u00e9lectronique). FlowOMS aide les fournisseurs de services d'ex\u00e9cution \u00e0 optimiser leurs op\u00e9rations, \u00e0 r\u00e9duire les frictions et \u00e0 prot\u00e9ger leurs marges gr\u00e2ce \u00e0 l'automatisation, \u00e0 des informations en temps r\u00e9el et \u00e0 des flux de travail intelligents. Gestion des op\u00e9rations et gestion des transporteurs optimis\u00e9es par l'IA\",\"breadcrumb\":{\"@id\":\"https:\/\/dynaflow.de\/fr\/apercu\/#breadcrumb\"},\"inLanguage\":\"fr-FR\",\"potentialAction\":[{\"@type\":\"ReadAction\",\"target\":[\"https:\/\/dynaflow.de\/fr\/apercu\/\"]}]},{\"@type\":\"BreadcrumbList\",\"@id\":\"https:\/\/dynaflow.de\/fr\/apercu\/#breadcrumb\",\"itemListElement\":[{\"@type\":\"ListItem\",\"position\":1,\"name\":\"Home\",\"item\":\"https:\/\/dynaflow.de\/fr\/\"},{\"@type\":\"ListItem\",\"position\":2,\"name\":\"Aper\u00e7u\"}]},{\"@type\":\"WebSite\",\"@id\":\"https:\/\/dynaflow.de\/fr\/#website\",\"url\":\"https:\/\/dynaflow.de\/fr\/\",\"name\":\"Dynaflow Technology\",\"description\":\"\",\"potentialAction\":[{\"@type\":\"SearchAction\",\"target\":{\"@type\":\"EntryPoint\",\"urlTemplate\":\"https:\/\/dynaflow.de\/fr\/?s={search_term_string}\"},\"query-input\":{\"@type\":\"PropertyValueSpecification\",\"valueRequired\":true,\"valueName\":\"search_term_string\"}}],\"inLanguage\":\"fr-FR\"}]}<\/script>\n<!-- \/ Yoast SEO plugin. -->","yoast_head_json":{"title":"Aper\u00e7u - Dynaflow Technology Logiciel pour les prestataires 3PL","description":"Logiciel pour les fournisseurs 3PL (ex\u00e9cution du commerce \u00e9lectronique). FlowOMS aide les fournisseurs de services d'ex\u00e9cution \u00e0 optimiser leurs op\u00e9rations, \u00e0 r\u00e9duire les frictions et \u00e0 prot\u00e9ger leurs marges gr\u00e2ce \u00e0 l'automatisation, \u00e0 des informations en temps r\u00e9el et \u00e0 des flux de travail intelligents. Gestion des op\u00e9rations et gestion des transporteurs optimis\u00e9es par l'IA","robots":{"index":"index","follow":"follow","max-snippet":"max-snippet:-1","max-image-preview":"max-image-preview:large","max-video-preview":"max-video-preview:-1"},"canonical":"https:\/\/dynaflow.de\/fr\/apercu\/","og_locale":"fr_FR","og_type":"article","og_title":"Aper\u00e7u - Logiciel Dynaflow Technology pour les fournisseurs 3PL","og_description":"Logiciel pour les fournisseurs 3PL (ex\u00e9cution du commerce \u00e9lectronique). FlowOMS aide les fournisseurs de services d'ex\u00e9cution \u00e0 optimiser leurs op\u00e9rations, \u00e0 r\u00e9duire les frictions et \u00e0 prot\u00e9ger leurs marges gr\u00e2ce \u00e0 l'automatisation, \u00e0 des informations en temps r\u00e9el et \u00e0 des flux de travail intelligents. Gestion des op\u00e9rations et gestion des transporteurs optimis\u00e9es par l'IA","og_url":"https:\/\/dynaflow.de\/fr\/apercu\/","og_site_name":"Dynaflow Technology","og_image":[{"url":"https:\/\/weship.d.zip.solutions\/apps\/uploads\/2025\/10\/Submenu-1024x620.jpg","type":"","width":"","height":""}],"twitter_card":"summary_large_image","schema":{"@context":"https:\/\/schema.org","@graph":[{"@type":"WebPage","@id":"https:\/\/dynaflow.de\/fr\/apercu\/","url":"https:\/\/dynaflow.de\/fr\/apercu\/","name":"Aper\u00e7u - Dynaflow Technology Logiciel pour les prestataires 3PL","isPartOf":{"@id":"https:\/\/dynaflow.de\/fr\/#website"},"datePublished":"2025-06-05T19:28:20+00:00","description":"Logiciel pour les fournisseurs 3PL (ex\u00e9cution du commerce \u00e9lectronique). FlowOMS aide les fournisseurs de services d'ex\u00e9cution \u00e0 optimiser leurs op\u00e9rations, \u00e0 r\u00e9duire les frictions et \u00e0 prot\u00e9ger leurs marges gr\u00e2ce \u00e0 l'automatisation, \u00e0 des informations en temps r\u00e9el et \u00e0 des flux de travail intelligents. Gestion des op\u00e9rations et gestion des transporteurs optimis\u00e9es par l'IA","breadcrumb":{"@id":"https:\/\/dynaflow.de\/fr\/apercu\/#breadcrumb"},"inLanguage":"fr-FR","potentialAction":[{"@type":"ReadAction","target":["https:\/\/dynaflow.de\/fr\/apercu\/"]}]},{"@type":"BreadcrumbList","@id":"https:\/\/dynaflow.de\/fr\/apercu\/#breadcrumb","itemListElement":[{"@type":"ListItem","position":1,"name":"Home","item":"https:\/\/dynaflow.de\/fr\/"},{"@type":"ListItem","position":2,"name":"Aper\u00e7u"}]},{"@type":"WebSite","@id":"https:\/\/dynaflow.de\/fr\/#website","url":"https:\/\/dynaflow.de\/fr\/","name":"Dynaflow Technology","description":"","potentialAction":[{"@type":"SearchAction","target":{"@type":"EntryPoint","urlTemplate":"https:\/\/dynaflow.de\/fr\/?s={search_term_string}"},"query-input":{"@type":"PropertyValueSpecification","valueRequired":true,"valueName":"search_term_string"}}],"inLanguage":"fr-FR"}]}},"_links":{"self":[{"href":"https:\/\/dynaflow.de\/fr\/wp-json\/wp\/v2\/pages\/3054","targetHints":{"allow":["GET"]}}],"collection":[{"href":"https:\/\/dynaflow.de\/fr\/wp-json\/wp\/v2\/pages"}],"about":[{"href":"https:\/\/dynaflow.de\/fr\/wp-json\/wp\/v2\/types\/page"}],"author":[{"embeddable":true,"href":"https:\/\/dynaflow.de\/fr\/wp-json\/wp\/v2\/users\/1"}],"replies":[{"embeddable":true,"href":"https:\/\/dynaflow.de\/fr\/wp-json\/wp\/v2\/comments?post=3054"}],"version-history":[{"count":0,"href":"https:\/\/dynaflow.de\/fr\/wp-json\/wp\/v2\/pages\/3054\/revisions"}],"wp:attachment":[{"href":"https:\/\/dynaflow.de\/fr\/wp-json\/wp\/v2\/media?parent=3054"}],"curies":[{"name":"wp","href":"https:\/\/api.w.org\/{rel}","templated":true}]}}