{"id":3038,"date":"2025-10-28T12:45:26","date_gmt":"2025-10-28T11:45:26","guid":{"rendered":"https:\/\/dynaflow.de\/wms-pour-les-3pl\/"},"modified":"2026-02-06T22:03:26","modified_gmt":"2026-02-06T21:03:26","slug":"wms-pour-les-3pl","status":"publish","type":"page","link":"https:\/\/dynaflow.de\/fr\/wms-pour-les-3pl\/","title":{"rendered":"WMS pour les 3PL"},"content":{"rendered":"","protected":false},"excerpt":{"rendered":"","protected":false},"author":2,"featured_media":0,"parent":0,"menu_order":0,"comment_status":"closed","ping_status":"closed","template":"","meta":{"_acf_changed":false,"footnotes":""},"class_list":["post-3038","page","type-page","status-publish","hentry"],"acf":[],"yoast_head":"<!-- This site is optimized with the Yoast SEO plugin v26.9 - https:\/\/yoast.com\/product\/yoast-seo-wordpress\/ -->\n<title>WMS pour les 3PL - Dynaflow Technology propuls\u00e9 par l\u2019IA<\/title>\n<meta name=\"description\" content=\"Le syst\u00e8me de gestion d\u2019entrep\u00f4t con\u00e7u pour les fournisseurs 3PL. Logiciel pour les fournisseurs 3PL (ex\u00e9cution du commerce \u00e9lectronique). Our WMS is designed specifically for the complexity of multi-client fulfillment - flexible, automated, and ready to scale. Built by logistics experts, made to run your operations with precision and efficiency. Gestion des op\u00e9rations et gestion des transporteurs optimis\u00e9es par l\u2019IA\" \/>\n<meta name=\"robots\" content=\"index, follow, max-snippet:-1, max-image-preview:large, max-video-preview:-1\" \/>\n<link rel=\"canonical\" href=\"https:\/\/dynaflow.de\/fr\/wms-pour-les-3pl\/\" \/>\n<meta property=\"og:locale\" content=\"fr_FR\" \/>\n<meta property=\"og:type\" content=\"article\" \/>\n<meta property=\"og:title\" content=\"Le syst\u00e8me de gestion d\u2019entrep\u00f4t con\u00e7u pour les fournisseurs 3PL\" \/>\n<meta property=\"og:description\" content=\"Le syst\u00e8me de gestion d\u2019entrep\u00f4t con\u00e7u pour les fournisseurs 3PL. Logiciel pour les fournisseurs 3PL (ex\u00e9cution du commerce \u00e9lectronique). Notre WMS est sp\u00e9cialement con\u00e7u pour la complexit\u00e9 de l\u2019ex\u00e9cution multi-clients\u00a0: flexible, automatis\u00e9 et pr\u00eat \u00e0 \u00e9voluer. Construit par des experts en logistique, il est con\u00e7u pour ex\u00e9cuter vos op\u00e9rations avec pr\u00e9cision et efficacit\u00e9. Gestion des op\u00e9rations et gestion des transporteurs optimis\u00e9es par l\u2019IA\" \/>\n<meta property=\"og:url\" content=\"https:\/\/dynaflow.de\/fr\/wms-pour-les-3pl\/\" \/>\n<meta property=\"og:site_name\" content=\"Dynaflow Technology\" \/>\n<meta property=\"article:modified_time\" content=\"2026-02-06T21:03:26+00:00\" \/>\n<meta name=\"twitter:card\" content=\"summary_large_image\" \/>\n<script type=\"application\/ld+json\" class=\"yoast-schema-graph\">{\"@context\":\"https:\/\/schema.org\",\"@graph\":[{\"@type\":\"WebPage\",\"@id\":\"https:\/\/dynaflow.de\/fr\/wms-pour-les-3pl\/\",\"url\":\"https:\/\/dynaflow.de\/fr\/wms-pour-les-3pl\/\",\"name\":\"WMS pour les 3PL - Dynaflow Technology propuls\u00e9 par l\u2019IA\",\"isPartOf\":{\"@id\":\"https:\/\/dynaflow.de\/fr\/#website\"},\"datePublished\":\"2025-10-28T11:45:26+00:00\",\"dateModified\":\"2026-02-06T21:03:26+00:00\",\"description\":\"Le syst\u00e8me de gestion d\u2019entrep\u00f4t con\u00e7u pour les fournisseurs 3PL. Logiciel pour les fournisseurs 3PL (ex\u00e9cution du commerce \u00e9lectronique). Our WMS is designed specifically for the complexity of multi-client fulfillment - flexible, automated, and ready to scale. Built by logistics experts, made to run your operations with precision and efficiency. Gestion des op\u00e9rations et gestion des transporteurs optimis\u00e9es par l\u2019IA\",\"breadcrumb\":{\"@id\":\"https:\/\/dynaflow.de\/fr\/wms-pour-les-3pl\/#breadcrumb\"},\"inLanguage\":\"fr-FR\",\"potentialAction\":[{\"@type\":\"ReadAction\",\"target\":[\"https:\/\/dynaflow.de\/fr\/wms-pour-les-3pl\/\"]}]},{\"@type\":\"BreadcrumbList\",\"@id\":\"https:\/\/dynaflow.de\/fr\/wms-pour-les-3pl\/#breadcrumb\",\"itemListElement\":[{\"@type\":\"ListItem\",\"position\":1,\"name\":\"Home\",\"item\":\"https:\/\/dynaflow.de\/fr\/\"},{\"@type\":\"ListItem\",\"position\":2,\"name\":\"WMS pour les 3PL\"}]},{\"@type\":\"WebSite\",\"@id\":\"https:\/\/dynaflow.de\/fr\/#website\",\"url\":\"https:\/\/dynaflow.de\/fr\/\",\"name\":\"Dynaflow Technology\",\"description\":\"\",\"potentialAction\":[{\"@type\":\"SearchAction\",\"target\":{\"@type\":\"EntryPoint\",\"urlTemplate\":\"https:\/\/dynaflow.de\/fr\/?s={search_term_string}\"},\"query-input\":{\"@type\":\"PropertyValueSpecification\",\"valueRequired\":true,\"valueName\":\"search_term_string\"}}],\"inLanguage\":\"fr-FR\"}]}<\/script>\n<!-- \/ Yoast SEO plugin. -->","yoast_head_json":{"title":"WMS pour les 3PL - Dynaflow Technology propuls\u00e9 par l\u2019IA","description":"Le syst\u00e8me de gestion d\u2019entrep\u00f4t con\u00e7u pour les fournisseurs 3PL. Logiciel pour les fournisseurs 3PL (ex\u00e9cution du commerce \u00e9lectronique). Our WMS is designed specifically for the complexity of multi-client fulfillment - flexible, automated, and ready to scale. Built by logistics experts, made to run your operations with precision and efficiency. Gestion des op\u00e9rations et gestion des transporteurs optimis\u00e9es par l\u2019IA","robots":{"index":"index","follow":"follow","max-snippet":"max-snippet:-1","max-image-preview":"max-image-preview:large","max-video-preview":"max-video-preview:-1"},"canonical":"https:\/\/dynaflow.de\/fr\/wms-pour-les-3pl\/","og_locale":"fr_FR","og_type":"article","og_title":"Le syst\u00e8me de gestion d\u2019entrep\u00f4t con\u00e7u pour les fournisseurs 3PL","og_description":"Le syst\u00e8me de gestion d\u2019entrep\u00f4t con\u00e7u pour les fournisseurs 3PL. Logiciel pour les fournisseurs 3PL (ex\u00e9cution du commerce \u00e9lectronique). Notre WMS est sp\u00e9cialement con\u00e7u pour la complexit\u00e9 de l\u2019ex\u00e9cution multi-clients\u00a0: flexible, automatis\u00e9 et pr\u00eat \u00e0 \u00e9voluer. Construit par des experts en logistique, il est con\u00e7u pour ex\u00e9cuter vos op\u00e9rations avec pr\u00e9cision et efficacit\u00e9. Gestion des op\u00e9rations et gestion des transporteurs optimis\u00e9es par l\u2019IA","og_url":"https:\/\/dynaflow.de\/fr\/wms-pour-les-3pl\/","og_site_name":"Dynaflow Technology","article_modified_time":"2026-02-06T21:03:26+00:00","twitter_card":"summary_large_image","schema":{"@context":"https:\/\/schema.org","@graph":[{"@type":"WebPage","@id":"https:\/\/dynaflow.de\/fr\/wms-pour-les-3pl\/","url":"https:\/\/dynaflow.de\/fr\/wms-pour-les-3pl\/","name":"WMS pour les 3PL - Dynaflow Technology propuls\u00e9 par l\u2019IA","isPartOf":{"@id":"https:\/\/dynaflow.de\/fr\/#website"},"datePublished":"2025-10-28T11:45:26+00:00","dateModified":"2026-02-06T21:03:26+00:00","description":"Le syst\u00e8me de gestion d\u2019entrep\u00f4t con\u00e7u pour les fournisseurs 3PL. Logiciel pour les fournisseurs 3PL (ex\u00e9cution du commerce \u00e9lectronique). Our WMS is designed specifically for the complexity of multi-client fulfillment - flexible, automated, and ready to scale. Built by logistics experts, made to run your operations with precision and efficiency. Gestion des op\u00e9rations et gestion des transporteurs optimis\u00e9es par l\u2019IA","breadcrumb":{"@id":"https:\/\/dynaflow.de\/fr\/wms-pour-les-3pl\/#breadcrumb"},"inLanguage":"fr-FR","potentialAction":[{"@type":"ReadAction","target":["https:\/\/dynaflow.de\/fr\/wms-pour-les-3pl\/"]}]},{"@type":"BreadcrumbList","@id":"https:\/\/dynaflow.de\/fr\/wms-pour-les-3pl\/#breadcrumb","itemListElement":[{"@type":"ListItem","position":1,"name":"Home","item":"https:\/\/dynaflow.de\/fr\/"},{"@type":"ListItem","position":2,"name":"WMS pour les 3PL"}]},{"@type":"WebSite","@id":"https:\/\/dynaflow.de\/fr\/#website","url":"https:\/\/dynaflow.de\/fr\/","name":"Dynaflow Technology","description":"","potentialAction":[{"@type":"SearchAction","target":{"@type":"EntryPoint","urlTemplate":"https:\/\/dynaflow.de\/fr\/?s={search_term_string}"},"query-input":{"@type":"PropertyValueSpecification","valueRequired":true,"valueName":"search_term_string"}}],"inLanguage":"fr-FR"}]}},"_links":{"self":[{"href":"https:\/\/dynaflow.de\/fr\/wp-json\/wp\/v2\/pages\/3038","targetHints":{"allow":["GET"]}}],"collection":[{"href":"https:\/\/dynaflow.de\/fr\/wp-json\/wp\/v2\/pages"}],"about":[{"href":"https:\/\/dynaflow.de\/fr\/wp-json\/wp\/v2\/types\/page"}],"author":[{"embeddable":true,"href":"https:\/\/dynaflow.de\/fr\/wp-json\/wp\/v2\/users\/2"}],"replies":[{"embeddable":true,"href":"https:\/\/dynaflow.de\/fr\/wp-json\/wp\/v2\/comments?post=3038"}],"version-history":[{"count":1,"href":"https:\/\/dynaflow.de\/fr\/wp-json\/wp\/v2\/pages\/3038\/revisions"}],"predecessor-version":[{"id":3302,"href":"https:\/\/dynaflow.de\/fr\/wp-json\/wp\/v2\/pages\/3038\/revisions\/3302"}],"wp:attachment":[{"href":"https:\/\/dynaflow.de\/fr\/wp-json\/wp\/v2\/media?parent=3038"}],"curies":[{"name":"wp","href":"https:\/\/api.w.org\/{rel}","templated":true}]}}