{"id":3029,"date":"2025-10-28T18:04:46","date_gmt":"2025-10-28T17:04:46","guid":{"rendered":"https:\/\/dynaflow.de\/operations\/"},"modified":"2026-02-06T21:53:15","modified_gmt":"2026-02-06T20:53:15","slug":"operations","status":"publish","type":"page","link":"https:\/\/dynaflow.de\/fr\/operations\/","title":{"rendered":"Op\u00e9rations"},"content":{"rendered":"","protected":false},"excerpt":{"rendered":"","protected":false},"author":2,"featured_media":0,"parent":0,"menu_order":0,"comment_status":"closed","ping_status":"closed","template":"","meta":{"_acf_changed":false,"footnotes":""},"class_list":["post-3029","page","type-page","status-publish","hentry"],"acf":[],"yoast_head":"<!-- This site is optimized with the Yoast SEO plugin v26.9 - https:\/\/yoast.com\/product\/yoast-seo-wordpress\/ -->\n<title>Op\u00e9rations - Dynaflow Technology Logiciel de gestion des stocks bas\u00e9 sur l\u2019IA<\/title>\n<meta name=\"description\" content=\"Contr\u00f4le total des stocks et des exp\u00e9ditions. Offrez \u00e0 vos clients une visibilit\u00e9 en temps r\u00e9el sur leurs produits, leurs entr\u00e9es et leurs commandes. Ils peuvent g\u00e9rer les donn\u00e9es des articles, t\u00e9l\u00e9charger les d\u00e9tails douaniers, planifier les marchandises entrantes et suivre chaque exp\u00e9dition, le tout \u00e0 l\u2019int\u00e9rieur de votre portail 3PL personnalis\u00e9. Logiciel pour les fournisseurs 3PL (ex\u00e9cution du commerce \u00e9lectronique) bas\u00e9 sur l\u2019IA\" \/>\n<meta name=\"robots\" content=\"index, follow, max-snippet:-1, max-image-preview:large, max-video-preview:-1\" \/>\n<link rel=\"canonical\" href=\"https:\/\/dynaflow.de\/fr\/operations\/\" \/>\n<meta property=\"og:locale\" content=\"fr_FR\" \/>\n<meta property=\"og:type\" content=\"article\" \/>\n<meta property=\"og:title\" content=\"Op\u00e9rations - Logiciel de gestion des stocks Dynaflow Technology bas\u00e9 sur l\u2019IA\" \/>\n<meta property=\"og:description\" content=\"Contr\u00f4le total des stocks et des exp\u00e9ditions. Offrez \u00e0 vos clients une visibilit\u00e9 en temps r\u00e9el sur leurs produits, leurs entr\u00e9es et leurs commandes. Ils peuvent g\u00e9rer les donn\u00e9es des articles, t\u00e9l\u00e9charger les d\u00e9tails douaniers, planifier les marchandises entrantes et suivre chaque exp\u00e9dition, le tout \u00e0 l\u2019int\u00e9rieur de votre portail 3PL personnalis\u00e9. Logiciel pour les fournisseurs 3PL (ex\u00e9cution du commerce \u00e9lectronique) bas\u00e9 sur l\u2019IA\" \/>\n<meta property=\"og:url\" content=\"https:\/\/dynaflow.de\/fr\/operations\/\" \/>\n<meta property=\"og:site_name\" content=\"Dynaflow Technology\" \/>\n<meta property=\"article:modified_time\" content=\"2026-02-06T20:53:15+00:00\" \/>\n<meta name=\"twitter:card\" content=\"summary_large_image\" \/>\n<script type=\"application\/ld+json\" class=\"yoast-schema-graph\">{\"@context\":\"https:\/\/schema.org\",\"@graph\":[{\"@type\":\"WebPage\",\"@id\":\"https:\/\/dynaflow.de\/fr\/operations\/\",\"url\":\"https:\/\/dynaflow.de\/fr\/operations\/\",\"name\":\"Op\u00e9rations - Dynaflow Technology Logiciel de gestion des stocks bas\u00e9 sur l\u2019IA\",\"isPartOf\":{\"@id\":\"https:\/\/dynaflow.de\/fr\/#website\"},\"datePublished\":\"2025-10-28T17:04:46+00:00\",\"dateModified\":\"2026-02-06T20:53:15+00:00\",\"description\":\"Contr\u00f4le total des stocks et des exp\u00e9ditions. Offrez \u00e0 vos clients une visibilit\u00e9 en temps r\u00e9el sur leurs produits, leurs entr\u00e9es et leurs commandes. Ils peuvent g\u00e9rer les donn\u00e9es des articles, t\u00e9l\u00e9charger les d\u00e9tails douaniers, planifier les marchandises entrantes et suivre chaque exp\u00e9dition, le tout \u00e0 l\u2019int\u00e9rieur de votre portail 3PL personnalis\u00e9. Logiciel pour les fournisseurs 3PL (ex\u00e9cution du commerce \u00e9lectronique) bas\u00e9 sur l\u2019IA\",\"breadcrumb\":{\"@id\":\"https:\/\/dynaflow.de\/fr\/operations\/#breadcrumb\"},\"inLanguage\":\"fr-FR\",\"potentialAction\":[{\"@type\":\"ReadAction\",\"target\":[\"https:\/\/dynaflow.de\/fr\/operations\/\"]}]},{\"@type\":\"BreadcrumbList\",\"@id\":\"https:\/\/dynaflow.de\/fr\/operations\/#breadcrumb\",\"itemListElement\":[{\"@type\":\"ListItem\",\"position\":1,\"name\":\"Home\",\"item\":\"https:\/\/dynaflow.de\/fr\/\"},{\"@type\":\"ListItem\",\"position\":2,\"name\":\"Op\u00e9rations\"}]},{\"@type\":\"WebSite\",\"@id\":\"https:\/\/dynaflow.de\/fr\/#website\",\"url\":\"https:\/\/dynaflow.de\/fr\/\",\"name\":\"Dynaflow Technology\",\"description\":\"\",\"potentialAction\":[{\"@type\":\"SearchAction\",\"target\":{\"@type\":\"EntryPoint\",\"urlTemplate\":\"https:\/\/dynaflow.de\/fr\/?s={search_term_string}\"},\"query-input\":{\"@type\":\"PropertyValueSpecification\",\"valueRequired\":true,\"valueName\":\"search_term_string\"}}],\"inLanguage\":\"fr-FR\"}]}<\/script>\n<!-- \/ Yoast SEO plugin. -->","yoast_head_json":{"title":"Op\u00e9rations - Dynaflow Technology Logiciel de gestion des stocks bas\u00e9 sur l\u2019IA","description":"Contr\u00f4le total des stocks et des exp\u00e9ditions. Offrez \u00e0 vos clients une visibilit\u00e9 en temps r\u00e9el sur leurs produits, leurs entr\u00e9es et leurs commandes. Ils peuvent g\u00e9rer les donn\u00e9es des articles, t\u00e9l\u00e9charger les d\u00e9tails douaniers, planifier les marchandises entrantes et suivre chaque exp\u00e9dition, le tout \u00e0 l\u2019int\u00e9rieur de votre portail 3PL personnalis\u00e9. Logiciel pour les fournisseurs 3PL (ex\u00e9cution du commerce \u00e9lectronique) bas\u00e9 sur l\u2019IA","robots":{"index":"index","follow":"follow","max-snippet":"max-snippet:-1","max-image-preview":"max-image-preview:large","max-video-preview":"max-video-preview:-1"},"canonical":"https:\/\/dynaflow.de\/fr\/operations\/","og_locale":"fr_FR","og_type":"article","og_title":"Op\u00e9rations - Logiciel de gestion des stocks Dynaflow Technology bas\u00e9 sur l\u2019IA","og_description":"Contr\u00f4le total des stocks et des exp\u00e9ditions. Offrez \u00e0 vos clients une visibilit\u00e9 en temps r\u00e9el sur leurs produits, leurs entr\u00e9es et leurs commandes. Ils peuvent g\u00e9rer les donn\u00e9es des articles, t\u00e9l\u00e9charger les d\u00e9tails douaniers, planifier les marchandises entrantes et suivre chaque exp\u00e9dition, le tout \u00e0 l\u2019int\u00e9rieur de votre portail 3PL personnalis\u00e9. Logiciel pour les fournisseurs 3PL (ex\u00e9cution du commerce \u00e9lectronique) bas\u00e9 sur l\u2019IA","og_url":"https:\/\/dynaflow.de\/fr\/operations\/","og_site_name":"Dynaflow Technology","article_modified_time":"2026-02-06T20:53:15+00:00","twitter_card":"summary_large_image","schema":{"@context":"https:\/\/schema.org","@graph":[{"@type":"WebPage","@id":"https:\/\/dynaflow.de\/fr\/operations\/","url":"https:\/\/dynaflow.de\/fr\/operations\/","name":"Op\u00e9rations - Dynaflow Technology Logiciel de gestion des stocks bas\u00e9 sur l\u2019IA","isPartOf":{"@id":"https:\/\/dynaflow.de\/fr\/#website"},"datePublished":"2025-10-28T17:04:46+00:00","dateModified":"2026-02-06T20:53:15+00:00","description":"Contr\u00f4le total des stocks et des exp\u00e9ditions. Offrez \u00e0 vos clients une visibilit\u00e9 en temps r\u00e9el sur leurs produits, leurs entr\u00e9es et leurs commandes. Ils peuvent g\u00e9rer les donn\u00e9es des articles, t\u00e9l\u00e9charger les d\u00e9tails douaniers, planifier les marchandises entrantes et suivre chaque exp\u00e9dition, le tout \u00e0 l\u2019int\u00e9rieur de votre portail 3PL personnalis\u00e9. Logiciel pour les fournisseurs 3PL (ex\u00e9cution du commerce \u00e9lectronique) bas\u00e9 sur l\u2019IA","breadcrumb":{"@id":"https:\/\/dynaflow.de\/fr\/operations\/#breadcrumb"},"inLanguage":"fr-FR","potentialAction":[{"@type":"ReadAction","target":["https:\/\/dynaflow.de\/fr\/operations\/"]}]},{"@type":"BreadcrumbList","@id":"https:\/\/dynaflow.de\/fr\/operations\/#breadcrumb","itemListElement":[{"@type":"ListItem","position":1,"name":"Home","item":"https:\/\/dynaflow.de\/fr\/"},{"@type":"ListItem","position":2,"name":"Op\u00e9rations"}]},{"@type":"WebSite","@id":"https:\/\/dynaflow.de\/fr\/#website","url":"https:\/\/dynaflow.de\/fr\/","name":"Dynaflow Technology","description":"","potentialAction":[{"@type":"SearchAction","target":{"@type":"EntryPoint","urlTemplate":"https:\/\/dynaflow.de\/fr\/?s={search_term_string}"},"query-input":{"@type":"PropertyValueSpecification","valueRequired":true,"valueName":"search_term_string"}}],"inLanguage":"fr-FR"}]}},"_links":{"self":[{"href":"https:\/\/dynaflow.de\/fr\/wp-json\/wp\/v2\/pages\/3029","targetHints":{"allow":["GET"]}}],"collection":[{"href":"https:\/\/dynaflow.de\/fr\/wp-json\/wp\/v2\/pages"}],"about":[{"href":"https:\/\/dynaflow.de\/fr\/wp-json\/wp\/v2\/types\/page"}],"author":[{"embeddable":true,"href":"https:\/\/dynaflow.de\/fr\/wp-json\/wp\/v2\/users\/2"}],"replies":[{"embeddable":true,"href":"https:\/\/dynaflow.de\/fr\/wp-json\/wp\/v2\/comments?post=3029"}],"version-history":[{"count":1,"href":"https:\/\/dynaflow.de\/fr\/wp-json\/wp\/v2\/pages\/3029\/revisions"}],"predecessor-version":[{"id":3297,"href":"https:\/\/dynaflow.de\/fr\/wp-json\/wp\/v2\/pages\/3029\/revisions\/3297"}],"wp:attachment":[{"href":"https:\/\/dynaflow.de\/fr\/wp-json\/wp\/v2\/media?parent=3029"}],"curies":[{"name":"wp","href":"https:\/\/api.w.org\/{rel}","templated":true}]}}