{"id":2922,"date":"2025-10-28T20:41:52","date_gmt":"2025-10-28T19:41:52","guid":{"rendered":"https:\/\/dynaflow.de\/integrations\/"},"modified":"2026-02-06T21:46:26","modified_gmt":"2026-02-06T20:46:26","slug":"integrations","status":"publish","type":"page","link":"https:\/\/dynaflow.de\/fr\/integrations\/","title":{"rendered":"Int\u00e9grations"},"content":{"rendered":"","protected":false},"excerpt":{"rendered":"","protected":false},"author":2,"featured_media":0,"parent":0,"menu_order":0,"comment_status":"closed","ping_status":"closed","template":"","meta":{"_acf_changed":false,"footnotes":""},"class_list":["post-2922","page","type-page","status-publish","hentry"],"acf":[],"yoast_head":"<!-- This site is optimized with the Yoast SEO plugin v26.9 - https:\/\/yoast.com\/product\/yoast-seo-wordpress\/ -->\n<title>Int\u00e9grations - Dynaflow Technology Logiciel pour les fournisseurs 3PL optimis\u00e9 par l\u2019IA<\/title>\n<meta name=\"description\" content=\"FlowOMS connecte automatiquement les boutiques, les ERP et les places de march\u00e9, offrant \u00e0 vos clients une synchronisation en temps r\u00e9el des commandes, des stocks et du suivi, tout en vous \u00e9vitant les op\u00e9rations de maintenance et les mises \u00e0 jour de version. Logiciel pour les prestataires 3PL (ex\u00e9cution du commerce \u00e9lectronique). Gestion des op\u00e9rations et gestion des transporteurs optimis\u00e9es par l\u2019IA\" \/>\n<meta name=\"robots\" content=\"index, follow, max-snippet:-1, max-image-preview:large, max-video-preview:-1\" \/>\n<link rel=\"canonical\" href=\"https:\/\/dynaflow.de\/fr\/integrations\/\" \/>\n<meta property=\"og:locale\" content=\"fr_FR\" \/>\n<meta property=\"og:type\" content=\"article\" \/>\n<meta property=\"og:title\" content=\"Int\u00e9grations - Dynaflow Technology - Logiciel d\u2019IA pour les prestataires 3PL\" \/>\n<meta property=\"og:description\" content=\"FlowOMS connecte automatiquement les boutiques, les ERP et les places de march\u00e9, offrant \u00e0 vos clients une synchronisation en temps r\u00e9el des commandes, des stocks et du suivi, tout en vous \u00e9vitant les op\u00e9rations de maintenance et les mises \u00e0 jour de version. Logiciel pour les prestataires 3PL (ex\u00e9cution du commerce \u00e9lectronique). Gestion des op\u00e9rations et gestion des transporteurs optimis\u00e9es par l\u2019IA\" \/>\n<meta property=\"og:url\" content=\"https:\/\/dynaflow.de\/fr\/integrations\/\" \/>\n<meta property=\"og:site_name\" content=\"Dynaflow Technology\" \/>\n<meta property=\"article:modified_time\" content=\"2026-02-06T20:46:26+00:00\" \/>\n<meta name=\"twitter:card\" content=\"summary_large_image\" \/>\n<script type=\"application\/ld+json\" class=\"yoast-schema-graph\">{\"@context\":\"https:\/\/schema.org\",\"@graph\":[{\"@type\":\"WebPage\",\"@id\":\"https:\/\/dynaflow.de\/fr\/integrations\/\",\"url\":\"https:\/\/dynaflow.de\/fr\/integrations\/\",\"name\":\"Int\u00e9grations - Dynaflow Technology Logiciel pour les fournisseurs 3PL optimis\u00e9 par l\u2019IA\",\"isPartOf\":{\"@id\":\"https:\/\/dynaflow.de\/fr\/#website\"},\"datePublished\":\"2025-10-28T19:41:52+00:00\",\"dateModified\":\"2026-02-06T20:46:26+00:00\",\"description\":\"FlowOMS connecte automatiquement les boutiques, les ERP et les places de march\u00e9, offrant \u00e0 vos clients une synchronisation en temps r\u00e9el des commandes, des stocks et du suivi, tout en vous \u00e9vitant les op\u00e9rations de maintenance et les mises \u00e0 jour de version. Logiciel pour les prestataires 3PL (ex\u00e9cution du commerce \u00e9lectronique). Gestion des op\u00e9rations et gestion des transporteurs optimis\u00e9es par l\u2019IA\",\"breadcrumb\":{\"@id\":\"https:\/\/dynaflow.de\/fr\/integrations\/#breadcrumb\"},\"inLanguage\":\"fr-FR\",\"potentialAction\":[{\"@type\":\"ReadAction\",\"target\":[\"https:\/\/dynaflow.de\/fr\/integrations\/\"]}]},{\"@type\":\"BreadcrumbList\",\"@id\":\"https:\/\/dynaflow.de\/fr\/integrations\/#breadcrumb\",\"itemListElement\":[{\"@type\":\"ListItem\",\"position\":1,\"name\":\"Home\",\"item\":\"https:\/\/dynaflow.de\/fr\/\"},{\"@type\":\"ListItem\",\"position\":2,\"name\":\"Int\u00e9grations\"}]},{\"@type\":\"WebSite\",\"@id\":\"https:\/\/dynaflow.de\/fr\/#website\",\"url\":\"https:\/\/dynaflow.de\/fr\/\",\"name\":\"Dynaflow Technology\",\"description\":\"\",\"potentialAction\":[{\"@type\":\"SearchAction\",\"target\":{\"@type\":\"EntryPoint\",\"urlTemplate\":\"https:\/\/dynaflow.de\/fr\/?s={search_term_string}\"},\"query-input\":{\"@type\":\"PropertyValueSpecification\",\"valueRequired\":true,\"valueName\":\"search_term_string\"}}],\"inLanguage\":\"fr-FR\"}]}<\/script>\n<!-- \/ Yoast SEO plugin. -->","yoast_head_json":{"title":"Int\u00e9grations - Dynaflow Technology Logiciel pour les fournisseurs 3PL optimis\u00e9 par l\u2019IA","description":"FlowOMS connecte automatiquement les boutiques, les ERP et les places de march\u00e9, offrant \u00e0 vos clients une synchronisation en temps r\u00e9el des commandes, des stocks et du suivi, tout en vous \u00e9vitant les op\u00e9rations de maintenance et les mises \u00e0 jour de version. Logiciel pour les prestataires 3PL (ex\u00e9cution du commerce \u00e9lectronique). Gestion des op\u00e9rations et gestion des transporteurs optimis\u00e9es par l\u2019IA","robots":{"index":"index","follow":"follow","max-snippet":"max-snippet:-1","max-image-preview":"max-image-preview:large","max-video-preview":"max-video-preview:-1"},"canonical":"https:\/\/dynaflow.de\/fr\/integrations\/","og_locale":"fr_FR","og_type":"article","og_title":"Int\u00e9grations - Dynaflow Technology - Logiciel d\u2019IA pour les prestataires 3PL","og_description":"FlowOMS connecte automatiquement les boutiques, les ERP et les places de march\u00e9, offrant \u00e0 vos clients une synchronisation en temps r\u00e9el des commandes, des stocks et du suivi, tout en vous \u00e9vitant les op\u00e9rations de maintenance et les mises \u00e0 jour de version. Logiciel pour les prestataires 3PL (ex\u00e9cution du commerce \u00e9lectronique). Gestion des op\u00e9rations et gestion des transporteurs optimis\u00e9es par l\u2019IA","og_url":"https:\/\/dynaflow.de\/fr\/integrations\/","og_site_name":"Dynaflow Technology","article_modified_time":"2026-02-06T20:46:26+00:00","twitter_card":"summary_large_image","schema":{"@context":"https:\/\/schema.org","@graph":[{"@type":"WebPage","@id":"https:\/\/dynaflow.de\/fr\/integrations\/","url":"https:\/\/dynaflow.de\/fr\/integrations\/","name":"Int\u00e9grations - Dynaflow Technology Logiciel pour les fournisseurs 3PL optimis\u00e9 par l\u2019IA","isPartOf":{"@id":"https:\/\/dynaflow.de\/fr\/#website"},"datePublished":"2025-10-28T19:41:52+00:00","dateModified":"2026-02-06T20:46:26+00:00","description":"FlowOMS connecte automatiquement les boutiques, les ERP et les places de march\u00e9, offrant \u00e0 vos clients une synchronisation en temps r\u00e9el des commandes, des stocks et du suivi, tout en vous \u00e9vitant les op\u00e9rations de maintenance et les mises \u00e0 jour de version. Logiciel pour les prestataires 3PL (ex\u00e9cution du commerce \u00e9lectronique). Gestion des op\u00e9rations et gestion des transporteurs optimis\u00e9es par l\u2019IA","breadcrumb":{"@id":"https:\/\/dynaflow.de\/fr\/integrations\/#breadcrumb"},"inLanguage":"fr-FR","potentialAction":[{"@type":"ReadAction","target":["https:\/\/dynaflow.de\/fr\/integrations\/"]}]},{"@type":"BreadcrumbList","@id":"https:\/\/dynaflow.de\/fr\/integrations\/#breadcrumb","itemListElement":[{"@type":"ListItem","position":1,"name":"Home","item":"https:\/\/dynaflow.de\/fr\/"},{"@type":"ListItem","position":2,"name":"Int\u00e9grations"}]},{"@type":"WebSite","@id":"https:\/\/dynaflow.de\/fr\/#website","url":"https:\/\/dynaflow.de\/fr\/","name":"Dynaflow Technology","description":"","potentialAction":[{"@type":"SearchAction","target":{"@type":"EntryPoint","urlTemplate":"https:\/\/dynaflow.de\/fr\/?s={search_term_string}"},"query-input":{"@type":"PropertyValueSpecification","valueRequired":true,"valueName":"search_term_string"}}],"inLanguage":"fr-FR"}]}},"_links":{"self":[{"href":"https:\/\/dynaflow.de\/fr\/wp-json\/wp\/v2\/pages\/2922","targetHints":{"allow":["GET"]}}],"collection":[{"href":"https:\/\/dynaflow.de\/fr\/wp-json\/wp\/v2\/pages"}],"about":[{"href":"https:\/\/dynaflow.de\/fr\/wp-json\/wp\/v2\/types\/page"}],"author":[{"embeddable":true,"href":"https:\/\/dynaflow.de\/fr\/wp-json\/wp\/v2\/users\/2"}],"replies":[{"embeddable":true,"href":"https:\/\/dynaflow.de\/fr\/wp-json\/wp\/v2\/comments?post=2922"}],"version-history":[{"count":1,"href":"https:\/\/dynaflow.de\/fr\/wp-json\/wp\/v2\/pages\/2922\/revisions"}],"predecessor-version":[{"id":3296,"href":"https:\/\/dynaflow.de\/fr\/wp-json\/wp\/v2\/pages\/2922\/revisions\/3296"}],"wp:attachment":[{"href":"https:\/\/dynaflow.de\/fr\/wp-json\/wp\/v2\/media?parent=2922"}],"curies":[{"name":"wp","href":"https:\/\/api.w.org\/{rel}","templated":true}]}}