{"id":2841,"date":"2024-03-07T09:53:29","date_gmt":"2024-03-07T08:53:29","guid":{"rendered":"https:\/\/dynaflow.de\/accueil\/"},"modified":"2026-02-13T10:08:46","modified_gmt":"2026-02-13T09:08:46","slug":"accueil","status":"publish","type":"page","link":"https:\/\/dynaflow.de\/fr\/","title":{"rendered":"Accueil"},"content":{"rendered":"","protected":false},"excerpt":{"rendered":"","protected":false},"author":1,"featured_media":0,"parent":0,"menu_order":0,"comment_status":"closed","ping_status":"closed","template":"","meta":{"_acf_changed":false,"footnotes":""},"class_list":["post-2841","page","type-page","status-publish","hentry"],"acf":[],"yoast_head":"<!-- This site is optimized with the Yoast SEO plugin v26.9 - https:\/\/yoast.com\/product\/yoast-seo-wordpress\/ -->\n<title>Dynaflow Technology - Solutions pour les prestataires de services logistiques - 3PL<\/title>\n<meta name=\"description\" content=\"La solution 3PL pour l\u2019ex\u00e9cution e-commerce. FlowOMS s\u2019int\u00e8gre \u00e0 votre WMS et y ajoute une interface client en marque blanche, sans d\u00e9veloppement requis. Des op\u00e9rations fluides et une gestion des transporteurs optimis\u00e9es par l\u2019IA.\" \/>\n<meta name=\"robots\" content=\"index, follow, max-snippet:-1, max-image-preview:large, max-video-preview:-1\" \/>\n<link rel=\"canonical\" href=\"https:\/\/dynaflow.de\/fr\/\" \/>\n<meta property=\"og:locale\" content=\"fr_FR\" \/>\n<meta property=\"og:type\" content=\"article\" \/>\n<meta property=\"og:title\" content=\"Dynaflow Technology - Solutions pour les prestataires de services logistiques - 3PL\" \/>\n<meta property=\"og:description\" content=\"La solution 3PL pour l\u2019ex\u00e9cution e-commerce. FlowOMS s\u2019int\u00e8gre \u00e0 votre WMS et y ajoute une interface client en marque blanche, sans d\u00e9veloppement requis. Des op\u00e9rations fluides et une gestion des transporteurs optimis\u00e9es par l\u2019IA.\" \/>\n<meta property=\"og:url\" content=\"https:\/\/dynaflow.de\/fr\/\" \/>\n<meta property=\"og:site_name\" content=\"Dynaflow Technology\" \/>\n<meta property=\"article:modified_time\" content=\"2026-02-13T09:08:46+00:00\" \/>\n<meta property=\"og:image\" content=\"https:\/\/weship.d.zip.solutions\/apps\/uploads\/2025\/10\/weship-logistik-zentrum-oesterreich.jpg\" \/>\n<meta name=\"twitter:card\" content=\"summary_large_image\" \/>\n<script type=\"application\/ld+json\" class=\"yoast-schema-graph\">{\"@context\":\"https:\/\/schema.org\",\"@graph\":[{\"@type\":\"WebPage\",\"@id\":\"https:\/\/dynaflow.de\/fr\/\",\"url\":\"https:\/\/dynaflow.de\/fr\/\",\"name\":\"Dynaflow Technology - Solutions pour les prestataires de services logistiques - 3PL\",\"isPartOf\":{\"@id\":\"https:\/\/dynaflow.de\/fr\/#website\"},\"datePublished\":\"2024-03-07T08:53:29+00:00\",\"dateModified\":\"2026-02-13T09:08:46+00:00\",\"description\":\"La solution 3PL pour l\u2019ex\u00e9cution e-commerce. FlowOMS s\u2019int\u00e8gre \u00e0 votre WMS et y ajoute une interface client en marque blanche, sans d\u00e9veloppement requis. Des op\u00e9rations fluides et une gestion des transporteurs optimis\u00e9es par l\u2019IA.\",\"breadcrumb\":{\"@id\":\"https:\/\/dynaflow.de\/fr\/#breadcrumb\"},\"inLanguage\":\"fr-FR\",\"potentialAction\":[{\"@type\":\"ReadAction\",\"target\":[\"https:\/\/dynaflow.de\/fr\/\"]}]},{\"@type\":\"BreadcrumbList\",\"@id\":\"https:\/\/dynaflow.de\/fr\/#breadcrumb\",\"itemListElement\":[{\"@type\":\"ListItem\",\"position\":1,\"name\":\"Home\",\"item\":\"https:\/\/dynaflow.de\/fr\/\"},{\"@type\":\"ListItem\",\"position\":2,\"name\":\"Accueil\"}]},{\"@type\":\"WebSite\",\"@id\":\"https:\/\/dynaflow.de\/fr\/#website\",\"url\":\"https:\/\/dynaflow.de\/fr\/\",\"name\":\"Dynaflow Technology\",\"description\":\"\",\"potentialAction\":[{\"@type\":\"SearchAction\",\"target\":{\"@type\":\"EntryPoint\",\"urlTemplate\":\"https:\/\/dynaflow.de\/fr\/?s={search_term_string}\"},\"query-input\":{\"@type\":\"PropertyValueSpecification\",\"valueRequired\":true,\"valueName\":\"search_term_string\"}}],\"inLanguage\":\"fr-FR\"}]}<\/script>\n<!-- \/ Yoast SEO plugin. -->","yoast_head_json":{"title":"Dynaflow Technology - Solutions pour les prestataires de services logistiques - 3PL","description":"La solution 3PL pour l\u2019ex\u00e9cution e-commerce. FlowOMS s\u2019int\u00e8gre \u00e0 votre WMS et y ajoute une interface client en marque blanche, sans d\u00e9veloppement requis. Des op\u00e9rations fluides et une gestion des transporteurs optimis\u00e9es par l\u2019IA.","robots":{"index":"index","follow":"follow","max-snippet":"max-snippet:-1","max-image-preview":"max-image-preview:large","max-video-preview":"max-video-preview:-1"},"canonical":"https:\/\/dynaflow.de\/fr\/","og_locale":"fr_FR","og_type":"article","og_title":"Dynaflow Technology - Solutions pour les prestataires de services logistiques - 3PL","og_description":"La solution 3PL pour l\u2019ex\u00e9cution e-commerce. FlowOMS s\u2019int\u00e8gre \u00e0 votre WMS et y ajoute une interface client en marque blanche, sans d\u00e9veloppement requis. Des op\u00e9rations fluides et une gestion des transporteurs optimis\u00e9es par l\u2019IA.","og_url":"https:\/\/dynaflow.de\/fr\/","og_site_name":"Dynaflow Technology","article_modified_time":"2026-02-13T09:08:46+00:00","og_image":[{"url":"https:\/\/weship.d.zip.solutions\/apps\/uploads\/2025\/10\/weship-logistik-zentrum-oesterreich.jpg","type":"","width":"","height":""}],"twitter_card":"summary_large_image","schema":{"@context":"https:\/\/schema.org","@graph":[{"@type":"WebPage","@id":"https:\/\/dynaflow.de\/fr\/","url":"https:\/\/dynaflow.de\/fr\/","name":"Dynaflow Technology - Solutions pour les prestataires de services logistiques - 3PL","isPartOf":{"@id":"https:\/\/dynaflow.de\/fr\/#website"},"datePublished":"2024-03-07T08:53:29+00:00","dateModified":"2026-02-13T09:08:46+00:00","description":"La solution 3PL pour l\u2019ex\u00e9cution e-commerce. FlowOMS s\u2019int\u00e8gre \u00e0 votre WMS et y ajoute une interface client en marque blanche, sans d\u00e9veloppement requis. Des op\u00e9rations fluides et une gestion des transporteurs optimis\u00e9es par l\u2019IA.","breadcrumb":{"@id":"https:\/\/dynaflow.de\/fr\/#breadcrumb"},"inLanguage":"fr-FR","potentialAction":[{"@type":"ReadAction","target":["https:\/\/dynaflow.de\/fr\/"]}]},{"@type":"BreadcrumbList","@id":"https:\/\/dynaflow.de\/fr\/#breadcrumb","itemListElement":[{"@type":"ListItem","position":1,"name":"Home","item":"https:\/\/dynaflow.de\/fr\/"},{"@type":"ListItem","position":2,"name":"Accueil"}]},{"@type":"WebSite","@id":"https:\/\/dynaflow.de\/fr\/#website","url":"https:\/\/dynaflow.de\/fr\/","name":"Dynaflow Technology","description":"","potentialAction":[{"@type":"SearchAction","target":{"@type":"EntryPoint","urlTemplate":"https:\/\/dynaflow.de\/fr\/?s={search_term_string}"},"query-input":{"@type":"PropertyValueSpecification","valueRequired":true,"valueName":"search_term_string"}}],"inLanguage":"fr-FR"}]}},"_links":{"self":[{"href":"https:\/\/dynaflow.de\/fr\/wp-json\/wp\/v2\/pages\/2841","targetHints":{"allow":["GET"]}}],"collection":[{"href":"https:\/\/dynaflow.de\/fr\/wp-json\/wp\/v2\/pages"}],"about":[{"href":"https:\/\/dynaflow.de\/fr\/wp-json\/wp\/v2\/types\/page"}],"author":[{"embeddable":true,"href":"https:\/\/dynaflow.de\/fr\/wp-json\/wp\/v2\/users\/1"}],"replies":[{"embeddable":true,"href":"https:\/\/dynaflow.de\/fr\/wp-json\/wp\/v2\/comments?post=2841"}],"version-history":[{"count":2,"href":"https:\/\/dynaflow.de\/fr\/wp-json\/wp\/v2\/pages\/2841\/revisions"}],"predecessor-version":[{"id":3376,"href":"https:\/\/dynaflow.de\/fr\/wp-json\/wp\/v2\/pages\/2841\/revisions\/3376"}],"wp:attachment":[{"href":"https:\/\/dynaflow.de\/fr\/wp-json\/wp\/v2\/media?parent=2841"}],"curies":[{"name":"wp","href":"https:\/\/api.w.org\/{rel}","templated":true}]}}