{"id":2709,"date":"2025-10-28T20:45:00","date_gmt":"2025-10-28T19:45:00","guid":{"rendered":"https:\/\/dynaflow.de\/dossiers\/"},"modified":"2026-02-06T21:06:19","modified_gmt":"2026-02-06T20:06:19","slug":"dossiers","status":"publish","type":"page","link":"https:\/\/dynaflow.de\/fr\/dossiers\/","title":{"rendered":"Dossiers"},"content":{"rendered":"","protected":false},"excerpt":{"rendered":"","protected":false},"author":2,"featured_media":0,"parent":0,"menu_order":0,"comment_status":"closed","ping_status":"closed","template":"","meta":{"_acf_changed":false,"footnotes":""},"class_list":["post-2709","page","type-page","status-publish","hentry"],"acf":[],"yoast_head":"<!-- This site is optimized with the Yoast SEO plugin v26.9 - https:\/\/yoast.com\/product\/yoast-seo-wordpress\/ -->\n<title>Dossiers - Dynaflow Technology Logiciel pour les fournisseurs 3PL<\/title>\n<meta name=\"description\" content=\"Toute la communication li\u00e9e \u00e0 ce qui compteAvec FlowOMS Cases, chaque probl\u00e8me reste exactement l\u00e0 o\u00f9 il doit \u00eatre. Les tickets de support peuvent \u00eatre cr\u00e9\u00e9s directement \u00e0 partir de n\u2019importe quel objet : un envoi, un produit ou une livraison entrante, et toutes les communications sont suivies au m\u00eame endroit. Gestion des op\u00e9rations et gestion des transporteurs optimis\u00e9es par l\u2019IA\" \/>\n<meta name=\"robots\" content=\"index, follow, max-snippet:-1, max-image-preview:large, max-video-preview:-1\" \/>\n<link rel=\"canonical\" href=\"https:\/\/dynaflow.de\/fr\/dossiers\/\" \/>\n<meta property=\"og:locale\" content=\"fr_FR\" \/>\n<meta property=\"og:type\" content=\"article\" \/>\n<meta property=\"og:title\" content=\"Dossiers - Logiciel Dynaflow Technology pour les fournisseurs 3PL\" \/>\n<meta property=\"og:description\" content=\"Toute la communication li\u00e9e \u00e0 ce qui compteAvec FlowOMS Cases, chaque probl\u00e8me reste exactement l\u00e0 o\u00f9 il doit \u00eatre. Les tickets de support peuvent \u00eatre cr\u00e9\u00e9s directement \u00e0 partir de n\u2019importe quel objet\u00a0: un envoi, un produit ou une livraison entrante, et toutes les communications sont suivies au m\u00eame endroit. Gestion des op\u00e9rations et gestion des transporteurs optimis\u00e9es par l\u2019IA\" \/>\n<meta property=\"og:url\" content=\"https:\/\/dynaflow.de\/fr\/dossiers\/\" \/>\n<meta property=\"og:site_name\" content=\"Dynaflow Technology\" \/>\n<meta property=\"article:modified_time\" content=\"2026-02-06T20:06:19+00:00\" \/>\n<meta name=\"twitter:card\" content=\"summary_large_image\" \/>\n<script type=\"application\/ld+json\" class=\"yoast-schema-graph\">{\"@context\":\"https:\/\/schema.org\",\"@graph\":[{\"@type\":\"WebPage\",\"@id\":\"https:\/\/dynaflow.de\/fr\/dossiers\/\",\"url\":\"https:\/\/dynaflow.de\/fr\/dossiers\/\",\"name\":\"Dossiers - Dynaflow Technology Logiciel pour les fournisseurs 3PL\",\"isPartOf\":{\"@id\":\"https:\/\/dynaflow.de\/fr\/#website\"},\"datePublished\":\"2025-10-28T19:45:00+00:00\",\"dateModified\":\"2026-02-06T20:06:19+00:00\",\"description\":\"Toute la communication li\u00e9e \u00e0 ce qui compteAvec FlowOMS Cases, chaque probl\u00e8me reste exactement l\u00e0 o\u00f9 il doit \u00eatre. Les tickets de support peuvent \u00eatre cr\u00e9\u00e9s directement \u00e0 partir de n\u2019importe quel objet : un envoi, un produit ou une livraison entrante, et toutes les communications sont suivies au m\u00eame endroit. Gestion des op\u00e9rations et gestion des transporteurs optimis\u00e9es par l\u2019IA\",\"breadcrumb\":{\"@id\":\"https:\/\/dynaflow.de\/fr\/dossiers\/#breadcrumb\"},\"inLanguage\":\"fr-FR\",\"potentialAction\":[{\"@type\":\"ReadAction\",\"target\":[\"https:\/\/dynaflow.de\/fr\/dossiers\/\"]}]},{\"@type\":\"BreadcrumbList\",\"@id\":\"https:\/\/dynaflow.de\/fr\/dossiers\/#breadcrumb\",\"itemListElement\":[{\"@type\":\"ListItem\",\"position\":1,\"name\":\"Home\",\"item\":\"https:\/\/dynaflow.de\/fr\/\"},{\"@type\":\"ListItem\",\"position\":2,\"name\":\"Dossiers\"}]},{\"@type\":\"WebSite\",\"@id\":\"https:\/\/dynaflow.de\/fr\/#website\",\"url\":\"https:\/\/dynaflow.de\/fr\/\",\"name\":\"Dynaflow Technology\",\"description\":\"\",\"potentialAction\":[{\"@type\":\"SearchAction\",\"target\":{\"@type\":\"EntryPoint\",\"urlTemplate\":\"https:\/\/dynaflow.de\/fr\/?s={search_term_string}\"},\"query-input\":{\"@type\":\"PropertyValueSpecification\",\"valueRequired\":true,\"valueName\":\"search_term_string\"}}],\"inLanguage\":\"fr-FR\"}]}<\/script>\n<!-- \/ Yoast SEO plugin. -->","yoast_head_json":{"title":"Dossiers - Dynaflow Technology Logiciel pour les fournisseurs 3PL","description":"Toute la communication li\u00e9e \u00e0 ce qui compteAvec FlowOMS Cases, chaque probl\u00e8me reste exactement l\u00e0 o\u00f9 il doit \u00eatre. Les tickets de support peuvent \u00eatre cr\u00e9\u00e9s directement \u00e0 partir de n\u2019importe quel objet : un envoi, un produit ou une livraison entrante, et toutes les communications sont suivies au m\u00eame endroit. Gestion des op\u00e9rations et gestion des transporteurs optimis\u00e9es par l\u2019IA","robots":{"index":"index","follow":"follow","max-snippet":"max-snippet:-1","max-image-preview":"max-image-preview:large","max-video-preview":"max-video-preview:-1"},"canonical":"https:\/\/dynaflow.de\/fr\/dossiers\/","og_locale":"fr_FR","og_type":"article","og_title":"Dossiers - Logiciel Dynaflow Technology pour les fournisseurs 3PL","og_description":"Toute la communication li\u00e9e \u00e0 ce qui compteAvec FlowOMS Cases, chaque probl\u00e8me reste exactement l\u00e0 o\u00f9 il doit \u00eatre. Les tickets de support peuvent \u00eatre cr\u00e9\u00e9s directement \u00e0 partir de n\u2019importe quel objet\u00a0: un envoi, un produit ou une livraison entrante, et toutes les communications sont suivies au m\u00eame endroit. Gestion des op\u00e9rations et gestion des transporteurs optimis\u00e9es par l\u2019IA","og_url":"https:\/\/dynaflow.de\/fr\/dossiers\/","og_site_name":"Dynaflow Technology","article_modified_time":"2026-02-06T20:06:19+00:00","twitter_card":"summary_large_image","schema":{"@context":"https:\/\/schema.org","@graph":[{"@type":"WebPage","@id":"https:\/\/dynaflow.de\/fr\/dossiers\/","url":"https:\/\/dynaflow.de\/fr\/dossiers\/","name":"Dossiers - Dynaflow Technology Logiciel pour les fournisseurs 3PL","isPartOf":{"@id":"https:\/\/dynaflow.de\/fr\/#website"},"datePublished":"2025-10-28T19:45:00+00:00","dateModified":"2026-02-06T20:06:19+00:00","description":"Toute la communication li\u00e9e \u00e0 ce qui compteAvec FlowOMS Cases, chaque probl\u00e8me reste exactement l\u00e0 o\u00f9 il doit \u00eatre. Les tickets de support peuvent \u00eatre cr\u00e9\u00e9s directement \u00e0 partir de n\u2019importe quel objet : un envoi, un produit ou une livraison entrante, et toutes les communications sont suivies au m\u00eame endroit. Gestion des op\u00e9rations et gestion des transporteurs optimis\u00e9es par l\u2019IA","breadcrumb":{"@id":"https:\/\/dynaflow.de\/fr\/dossiers\/#breadcrumb"},"inLanguage":"fr-FR","potentialAction":[{"@type":"ReadAction","target":["https:\/\/dynaflow.de\/fr\/dossiers\/"]}]},{"@type":"BreadcrumbList","@id":"https:\/\/dynaflow.de\/fr\/dossiers\/#breadcrumb","itemListElement":[{"@type":"ListItem","position":1,"name":"Home","item":"https:\/\/dynaflow.de\/fr\/"},{"@type":"ListItem","position":2,"name":"Dossiers"}]},{"@type":"WebSite","@id":"https:\/\/dynaflow.de\/fr\/#website","url":"https:\/\/dynaflow.de\/fr\/","name":"Dynaflow Technology","description":"","potentialAction":[{"@type":"SearchAction","target":{"@type":"EntryPoint","urlTemplate":"https:\/\/dynaflow.de\/fr\/?s={search_term_string}"},"query-input":{"@type":"PropertyValueSpecification","valueRequired":true,"valueName":"search_term_string"}}],"inLanguage":"fr-FR"}]}},"_links":{"self":[{"href":"https:\/\/dynaflow.de\/fr\/wp-json\/wp\/v2\/pages\/2709","targetHints":{"allow":["GET"]}}],"collection":[{"href":"https:\/\/dynaflow.de\/fr\/wp-json\/wp\/v2\/pages"}],"about":[{"href":"https:\/\/dynaflow.de\/fr\/wp-json\/wp\/v2\/types\/page"}],"author":[{"embeddable":true,"href":"https:\/\/dynaflow.de\/fr\/wp-json\/wp\/v2\/users\/2"}],"replies":[{"embeddable":true,"href":"https:\/\/dynaflow.de\/fr\/wp-json\/wp\/v2\/comments?post=2709"}],"version-history":[{"count":1,"href":"https:\/\/dynaflow.de\/fr\/wp-json\/wp\/v2\/pages\/2709\/revisions"}],"predecessor-version":[{"id":3291,"href":"https:\/\/dynaflow.de\/fr\/wp-json\/wp\/v2\/pages\/2709\/revisions\/3291"}],"wp:attachment":[{"href":"https:\/\/dynaflow.de\/fr\/wp-json\/wp\/v2\/media?parent=2709"}],"curies":[{"name":"wp","href":"https:\/\/api.w.org\/{rel}","templated":true}]}}