{"id":2685,"date":"2025-10-28T20:42:57","date_gmt":"2025-10-28T19:42:57","guid":{"rendered":"https:\/\/dynaflow.de\/workflows\/"},"modified":"2026-02-06T22:09:40","modified_gmt":"2026-02-06T21:09:40","slug":"workflows","status":"publish","type":"page","link":"https:\/\/dynaflow.de\/fr\/workflows\/","title":{"rendered":"Workflows"},"content":{"rendered":"","protected":false},"excerpt":{"rendered":"","protected":false},"author":2,"featured_media":0,"parent":0,"menu_order":0,"comment_status":"closed","ping_status":"closed","template":"","meta":{"_acf_changed":false,"footnotes":""},"class_list":["post-2685","page","type-page","status-publish","hentry"],"acf":[],"yoast_head":"<!-- This site is optimized with the Yoast SEO plugin v26.9 - https:\/\/yoast.com\/product\/yoast-seo-wordpress\/ -->\n<title>Workflows - Dynaflow Technology Automatisation logicielle con\u00e7ue pour les 3PL<\/title>\n<meta name=\"description\" content=\"Automatisation con\u00e7ue pour les 3PL. Des workflows plus intelligents pour vos clients. Transformez les t\u00e2ches logistiques r\u00e9p\u00e9titives en workflows automatis\u00e9s et bas\u00e9s sur les donn\u00e9es. Avec FlowOMS, vos clients peuvent d\u00e9clencher des actions personnalis\u00e9es (des notifications d\u2019exp\u00e9dition personnalis\u00e9es aux encarts de produits intelligents), tandis que vous gardez le contr\u00f4le de la logique backend. C\u2019est l\u2019automatisation con\u00e7ue pour l\u2019ex\u00e9cution. Logiciel pour les fournisseurs 3PL (ex\u00e9cution du commerce \u00e9lectronique). Optimis\u00e9 par l\u2019IA\" \/>\n<meta name=\"robots\" content=\"index, follow, max-snippet:-1, max-image-preview:large, max-video-preview:-1\" \/>\n<link rel=\"canonical\" href=\"https:\/\/dynaflow.de\/fr\/workflows\/\" \/>\n<meta property=\"og:locale\" content=\"fr_FR\" \/>\n<meta property=\"og:type\" content=\"article\" \/>\n<meta property=\"og:title\" content=\"Workflows - Automatisation logicielle Dynaflow Technology con\u00e7ue pour les 3PL\" \/>\n<meta property=\"og:description\" content=\"Automatisation con\u00e7ue pour les 3PL. Des workflows plus intelligents pour vos clients. Transformez les t\u00e2ches logistiques r\u00e9p\u00e9titives en workflows automatis\u00e9s et bas\u00e9s sur les donn\u00e9es. Avec FlowOMS, vos clients peuvent d\u00e9clencher des actions personnalis\u00e9es (des notifications d\u2019exp\u00e9dition personnalis\u00e9es aux encarts de produits intelligents), tandis que vous gardez le contr\u00f4le de la logique backend. C\u2019est l\u2019automatisation con\u00e7ue pour l\u2019ex\u00e9cution. Logiciel pour les fournisseurs 3PL (ex\u00e9cution du commerce \u00e9lectronique). Optimis\u00e9 par l\u2019IA\" \/>\n<meta property=\"og:url\" content=\"https:\/\/dynaflow.de\/fr\/workflows\/\" \/>\n<meta property=\"og:site_name\" content=\"Dynaflow Technology\" \/>\n<meta property=\"article:modified_time\" content=\"2026-02-06T21:09:40+00:00\" \/>\n<meta name=\"twitter:card\" content=\"summary_large_image\" \/>\n<script type=\"application\/ld+json\" class=\"yoast-schema-graph\">{\"@context\":\"https:\/\/schema.org\",\"@graph\":[{\"@type\":\"WebPage\",\"@id\":\"https:\/\/dynaflow.de\/fr\/workflows\/\",\"url\":\"https:\/\/dynaflow.de\/fr\/workflows\/\",\"name\":\"Workflows - Dynaflow Technology Automatisation logicielle con\u00e7ue pour les 3PL\",\"isPartOf\":{\"@id\":\"https:\/\/dynaflow.de\/fr\/#website\"},\"datePublished\":\"2025-10-28T19:42:57+00:00\",\"dateModified\":\"2026-02-06T21:09:40+00:00\",\"description\":\"Automatisation con\u00e7ue pour les 3PL. Des workflows plus intelligents pour vos clients. Transformez les t\u00e2ches logistiques r\u00e9p\u00e9titives en workflows automatis\u00e9s et bas\u00e9s sur les donn\u00e9es. Avec FlowOMS, vos clients peuvent d\u00e9clencher des actions personnalis\u00e9es (des notifications d\u2019exp\u00e9dition personnalis\u00e9es aux encarts de produits intelligents), tandis que vous gardez le contr\u00f4le de la logique backend. C\u2019est l\u2019automatisation con\u00e7ue pour l\u2019ex\u00e9cution. Logiciel pour les fournisseurs 3PL (ex\u00e9cution du commerce \u00e9lectronique). Optimis\u00e9 par l\u2019IA\",\"breadcrumb\":{\"@id\":\"https:\/\/dynaflow.de\/fr\/workflows\/#breadcrumb\"},\"inLanguage\":\"fr-FR\",\"potentialAction\":[{\"@type\":\"ReadAction\",\"target\":[\"https:\/\/dynaflow.de\/fr\/workflows\/\"]}]},{\"@type\":\"BreadcrumbList\",\"@id\":\"https:\/\/dynaflow.de\/fr\/workflows\/#breadcrumb\",\"itemListElement\":[{\"@type\":\"ListItem\",\"position\":1,\"name\":\"Home\",\"item\":\"https:\/\/dynaflow.de\/fr\/\"},{\"@type\":\"ListItem\",\"position\":2,\"name\":\"Workflows\"}]},{\"@type\":\"WebSite\",\"@id\":\"https:\/\/dynaflow.de\/fr\/#website\",\"url\":\"https:\/\/dynaflow.de\/fr\/\",\"name\":\"Dynaflow Technology\",\"description\":\"\",\"potentialAction\":[{\"@type\":\"SearchAction\",\"target\":{\"@type\":\"EntryPoint\",\"urlTemplate\":\"https:\/\/dynaflow.de\/fr\/?s={search_term_string}\"},\"query-input\":{\"@type\":\"PropertyValueSpecification\",\"valueRequired\":true,\"valueName\":\"search_term_string\"}}],\"inLanguage\":\"fr-FR\"}]}<\/script>\n<!-- \/ Yoast SEO plugin. -->","yoast_head_json":{"title":"Workflows - Dynaflow Technology Automatisation logicielle con\u00e7ue pour les 3PL","description":"Automatisation con\u00e7ue pour les 3PL. Des workflows plus intelligents pour vos clients. Transformez les t\u00e2ches logistiques r\u00e9p\u00e9titives en workflows automatis\u00e9s et bas\u00e9s sur les donn\u00e9es. Avec FlowOMS, vos clients peuvent d\u00e9clencher des actions personnalis\u00e9es (des notifications d\u2019exp\u00e9dition personnalis\u00e9es aux encarts de produits intelligents), tandis que vous gardez le contr\u00f4le de la logique backend. C\u2019est l\u2019automatisation con\u00e7ue pour l\u2019ex\u00e9cution. Logiciel pour les fournisseurs 3PL (ex\u00e9cution du commerce \u00e9lectronique). Optimis\u00e9 par l\u2019IA","robots":{"index":"index","follow":"follow","max-snippet":"max-snippet:-1","max-image-preview":"max-image-preview:large","max-video-preview":"max-video-preview:-1"},"canonical":"https:\/\/dynaflow.de\/fr\/workflows\/","og_locale":"fr_FR","og_type":"article","og_title":"Workflows - Automatisation logicielle Dynaflow Technology con\u00e7ue pour les 3PL","og_description":"Automatisation con\u00e7ue pour les 3PL. Des workflows plus intelligents pour vos clients. Transformez les t\u00e2ches logistiques r\u00e9p\u00e9titives en workflows automatis\u00e9s et bas\u00e9s sur les donn\u00e9es. Avec FlowOMS, vos clients peuvent d\u00e9clencher des actions personnalis\u00e9es (des notifications d\u2019exp\u00e9dition personnalis\u00e9es aux encarts de produits intelligents), tandis que vous gardez le contr\u00f4le de la logique backend. C\u2019est l\u2019automatisation con\u00e7ue pour l\u2019ex\u00e9cution. Logiciel pour les fournisseurs 3PL (ex\u00e9cution du commerce \u00e9lectronique). Optimis\u00e9 par l\u2019IA","og_url":"https:\/\/dynaflow.de\/fr\/workflows\/","og_site_name":"Dynaflow Technology","article_modified_time":"2026-02-06T21:09:40+00:00","twitter_card":"summary_large_image","schema":{"@context":"https:\/\/schema.org","@graph":[{"@type":"WebPage","@id":"https:\/\/dynaflow.de\/fr\/workflows\/","url":"https:\/\/dynaflow.de\/fr\/workflows\/","name":"Workflows - Dynaflow Technology Automatisation logicielle con\u00e7ue pour les 3PL","isPartOf":{"@id":"https:\/\/dynaflow.de\/fr\/#website"},"datePublished":"2025-10-28T19:42:57+00:00","dateModified":"2026-02-06T21:09:40+00:00","description":"Automatisation con\u00e7ue pour les 3PL. Des workflows plus intelligents pour vos clients. Transformez les t\u00e2ches logistiques r\u00e9p\u00e9titives en workflows automatis\u00e9s et bas\u00e9s sur les donn\u00e9es. Avec FlowOMS, vos clients peuvent d\u00e9clencher des actions personnalis\u00e9es (des notifications d\u2019exp\u00e9dition personnalis\u00e9es aux encarts de produits intelligents), tandis que vous gardez le contr\u00f4le de la logique backend. C\u2019est l\u2019automatisation con\u00e7ue pour l\u2019ex\u00e9cution. Logiciel pour les fournisseurs 3PL (ex\u00e9cution du commerce \u00e9lectronique). Optimis\u00e9 par l\u2019IA","breadcrumb":{"@id":"https:\/\/dynaflow.de\/fr\/workflows\/#breadcrumb"},"inLanguage":"fr-FR","potentialAction":[{"@type":"ReadAction","target":["https:\/\/dynaflow.de\/fr\/workflows\/"]}]},{"@type":"BreadcrumbList","@id":"https:\/\/dynaflow.de\/fr\/workflows\/#breadcrumb","itemListElement":[{"@type":"ListItem","position":1,"name":"Home","item":"https:\/\/dynaflow.de\/fr\/"},{"@type":"ListItem","position":2,"name":"Workflows"}]},{"@type":"WebSite","@id":"https:\/\/dynaflow.de\/fr\/#website","url":"https:\/\/dynaflow.de\/fr\/","name":"Dynaflow Technology","description":"","potentialAction":[{"@type":"SearchAction","target":{"@type":"EntryPoint","urlTemplate":"https:\/\/dynaflow.de\/fr\/?s={search_term_string}"},"query-input":{"@type":"PropertyValueSpecification","valueRequired":true,"valueName":"search_term_string"}}],"inLanguage":"fr-FR"}]}},"_links":{"self":[{"href":"https:\/\/dynaflow.de\/fr\/wp-json\/wp\/v2\/pages\/2685","targetHints":{"allow":["GET"]}}],"collection":[{"href":"https:\/\/dynaflow.de\/fr\/wp-json\/wp\/v2\/pages"}],"about":[{"href":"https:\/\/dynaflow.de\/fr\/wp-json\/wp\/v2\/types\/page"}],"author":[{"embeddable":true,"href":"https:\/\/dynaflow.de\/fr\/wp-json\/wp\/v2\/users\/2"}],"replies":[{"embeddable":true,"href":"https:\/\/dynaflow.de\/fr\/wp-json\/wp\/v2\/comments?post=2685"}],"version-history":[{"count":1,"href":"https:\/\/dynaflow.de\/fr\/wp-json\/wp\/v2\/pages\/2685\/revisions"}],"predecessor-version":[{"id":3303,"href":"https:\/\/dynaflow.de\/fr\/wp-json\/wp\/v2\/pages\/2685\/revisions\/3303"}],"wp:attachment":[{"href":"https:\/\/dynaflow.de\/fr\/wp-json\/wp\/v2\/media?parent=2685"}],"curies":[{"name":"wp","href":"https:\/\/api.w.org\/{rel}","templated":true}]}}