{"id":2676,"date":"2025-09-29T13:12:32","date_gmt":"2025-09-29T11:12:32","guid":{"rendered":"https:\/\/dynaflow.de\/entreprise\/"},"modified":"2026-02-06T21:16:04","modified_gmt":"2026-02-06T20:16:04","slug":"entreprise","status":"publish","type":"page","link":"https:\/\/dynaflow.de\/fr\/entreprise\/","title":{"rendered":"Entreprise"},"content":{"rendered":"","protected":false},"excerpt":{"rendered":"","protected":false},"author":2,"featured_media":0,"parent":0,"menu_order":0,"comment_status":"closed","ping_status":"closed","template":"","meta":{"_acf_changed":false,"footnotes":""},"class_list":["post-2676","page","type-page","status-publish","hentry"],"acf":[],"yoast_head":"<!-- This site is optimized with the Yoast SEO plugin v26.9 - https:\/\/yoast.com\/product\/yoast-seo-wordpress\/ -->\n<title>Logiciel Entreprise - Dynaflow Technology pour l\u2019ex\u00e9cution du commerce \u00e9lectronique<\/title>\n<meta name=\"description\" content=\"Depuis 2015, Dynaflow d\u00e9veloppe des logiciels pour l\u2019ex\u00e9cution du commerce \u00e9lectronique, directement inspir\u00e9s des d\u00e9fis op\u00e9rationnels r\u00e9els\u202f: pas de th\u00e9orie, pas de pr\u00e9sentations, seulement le travail quotidien dans des centres d\u2019ex\u00e9cution actifs.\" \/>\n<meta name=\"robots\" content=\"index, follow, max-snippet:-1, max-image-preview:large, max-video-preview:-1\" \/>\n<link rel=\"canonical\" href=\"https:\/\/dynaflow.de\/fr\/entreprise\/\" \/>\n<meta property=\"og:locale\" content=\"fr_FR\" \/>\n<meta property=\"og:type\" content=\"article\" \/>\n<meta property=\"og:title\" content=\"Technologie Dynaflow\u00a0: logiciel pour l\u2019ex\u00e9cution du commerce \u00e9lectronique\" \/>\n<meta property=\"og:description\" content=\"Depuis 2015, Dynaflow d\u00e9veloppe des logiciels pour l\u2019ex\u00e9cution du commerce \u00e9lectronique, directement inspir\u00e9s des d\u00e9fis op\u00e9rationnels r\u00e9els\u202f: pas de th\u00e9orie, pas de pr\u00e9sentations, seulement le travail quotidien dans des centres d\u2019ex\u00e9cution actifs.\" \/>\n<meta property=\"og:url\" content=\"https:\/\/dynaflow.de\/fr\/entreprise\/\" \/>\n<meta property=\"og:site_name\" content=\"Dynaflow Technology\" \/>\n<meta property=\"article:modified_time\" content=\"2026-02-06T20:16:04+00:00\" \/>\n<meta name=\"twitter:card\" content=\"summary_large_image\" \/>\n<script type=\"application\/ld+json\" class=\"yoast-schema-graph\">{\"@context\":\"https:\/\/schema.org\",\"@graph\":[{\"@type\":\"WebPage\",\"@id\":\"https:\/\/dynaflow.de\/fr\/entreprise\/\",\"url\":\"https:\/\/dynaflow.de\/fr\/entreprise\/\",\"name\":\"Logiciel Entreprise - Dynaflow Technology pour l\u2019ex\u00e9cution du commerce \u00e9lectronique\",\"isPartOf\":{\"@id\":\"https:\/\/dynaflow.de\/fr\/#website\"},\"datePublished\":\"2025-09-29T11:12:32+00:00\",\"dateModified\":\"2026-02-06T20:16:04+00:00\",\"description\":\"Depuis 2015, Dynaflow d\u00e9veloppe des logiciels pour l\u2019ex\u00e9cution du commerce \u00e9lectronique, directement inspir\u00e9s des d\u00e9fis op\u00e9rationnels r\u00e9els\u202f: pas de th\u00e9orie, pas de pr\u00e9sentations, seulement le travail quotidien dans des centres d\u2019ex\u00e9cution actifs.\",\"breadcrumb\":{\"@id\":\"https:\/\/dynaflow.de\/fr\/entreprise\/#breadcrumb\"},\"inLanguage\":\"fr-FR\",\"potentialAction\":[{\"@type\":\"ReadAction\",\"target\":[\"https:\/\/dynaflow.de\/fr\/entreprise\/\"]}]},{\"@type\":\"BreadcrumbList\",\"@id\":\"https:\/\/dynaflow.de\/fr\/entreprise\/#breadcrumb\",\"itemListElement\":[{\"@type\":\"ListItem\",\"position\":1,\"name\":\"Home\",\"item\":\"https:\/\/dynaflow.de\/fr\/\"},{\"@type\":\"ListItem\",\"position\":2,\"name\":\"Entreprise\"}]},{\"@type\":\"WebSite\",\"@id\":\"https:\/\/dynaflow.de\/fr\/#website\",\"url\":\"https:\/\/dynaflow.de\/fr\/\",\"name\":\"Dynaflow Technology\",\"description\":\"\",\"potentialAction\":[{\"@type\":\"SearchAction\",\"target\":{\"@type\":\"EntryPoint\",\"urlTemplate\":\"https:\/\/dynaflow.de\/fr\/?s={search_term_string}\"},\"query-input\":{\"@type\":\"PropertyValueSpecification\",\"valueRequired\":true,\"valueName\":\"search_term_string\"}}],\"inLanguage\":\"fr-FR\"}]}<\/script>\n<!-- \/ Yoast SEO plugin. -->","yoast_head_json":{"title":"Logiciel Entreprise - Dynaflow Technology pour l\u2019ex\u00e9cution du commerce \u00e9lectronique","description":"Depuis 2015, Dynaflow d\u00e9veloppe des logiciels pour l\u2019ex\u00e9cution du commerce \u00e9lectronique, directement inspir\u00e9s des d\u00e9fis op\u00e9rationnels r\u00e9els\u202f: pas de th\u00e9orie, pas de pr\u00e9sentations, seulement le travail quotidien dans des centres d\u2019ex\u00e9cution actifs.","robots":{"index":"index","follow":"follow","max-snippet":"max-snippet:-1","max-image-preview":"max-image-preview:large","max-video-preview":"max-video-preview:-1"},"canonical":"https:\/\/dynaflow.de\/fr\/entreprise\/","og_locale":"fr_FR","og_type":"article","og_title":"Technologie Dynaflow\u00a0: logiciel pour l\u2019ex\u00e9cution du commerce \u00e9lectronique","og_description":"Depuis 2015, Dynaflow d\u00e9veloppe des logiciels pour l\u2019ex\u00e9cution du commerce \u00e9lectronique, directement inspir\u00e9s des d\u00e9fis op\u00e9rationnels r\u00e9els\u202f: pas de th\u00e9orie, pas de pr\u00e9sentations, seulement le travail quotidien dans des centres d\u2019ex\u00e9cution actifs.","og_url":"https:\/\/dynaflow.de\/fr\/entreprise\/","og_site_name":"Dynaflow Technology","article_modified_time":"2026-02-06T20:16:04+00:00","twitter_card":"summary_large_image","schema":{"@context":"https:\/\/schema.org","@graph":[{"@type":"WebPage","@id":"https:\/\/dynaflow.de\/fr\/entreprise\/","url":"https:\/\/dynaflow.de\/fr\/entreprise\/","name":"Logiciel Entreprise - Dynaflow Technology pour l\u2019ex\u00e9cution du commerce \u00e9lectronique","isPartOf":{"@id":"https:\/\/dynaflow.de\/fr\/#website"},"datePublished":"2025-09-29T11:12:32+00:00","dateModified":"2026-02-06T20:16:04+00:00","description":"Depuis 2015, Dynaflow d\u00e9veloppe des logiciels pour l\u2019ex\u00e9cution du commerce \u00e9lectronique, directement inspir\u00e9s des d\u00e9fis op\u00e9rationnels r\u00e9els\u202f: pas de th\u00e9orie, pas de pr\u00e9sentations, seulement le travail quotidien dans des centres d\u2019ex\u00e9cution actifs.","breadcrumb":{"@id":"https:\/\/dynaflow.de\/fr\/entreprise\/#breadcrumb"},"inLanguage":"fr-FR","potentialAction":[{"@type":"ReadAction","target":["https:\/\/dynaflow.de\/fr\/entreprise\/"]}]},{"@type":"BreadcrumbList","@id":"https:\/\/dynaflow.de\/fr\/entreprise\/#breadcrumb","itemListElement":[{"@type":"ListItem","position":1,"name":"Home","item":"https:\/\/dynaflow.de\/fr\/"},{"@type":"ListItem","position":2,"name":"Entreprise"}]},{"@type":"WebSite","@id":"https:\/\/dynaflow.de\/fr\/#website","url":"https:\/\/dynaflow.de\/fr\/","name":"Dynaflow Technology","description":"","potentialAction":[{"@type":"SearchAction","target":{"@type":"EntryPoint","urlTemplate":"https:\/\/dynaflow.de\/fr\/?s={search_term_string}"},"query-input":{"@type":"PropertyValueSpecification","valueRequired":true,"valueName":"search_term_string"}}],"inLanguage":"fr-FR"}]}},"_links":{"self":[{"href":"https:\/\/dynaflow.de\/fr\/wp-json\/wp\/v2\/pages\/2676","targetHints":{"allow":["GET"]}}],"collection":[{"href":"https:\/\/dynaflow.de\/fr\/wp-json\/wp\/v2\/pages"}],"about":[{"href":"https:\/\/dynaflow.de\/fr\/wp-json\/wp\/v2\/types\/page"}],"author":[{"embeddable":true,"href":"https:\/\/dynaflow.de\/fr\/wp-json\/wp\/v2\/users\/2"}],"replies":[{"embeddable":true,"href":"https:\/\/dynaflow.de\/fr\/wp-json\/wp\/v2\/comments?post=2676"}],"version-history":[{"count":1,"href":"https:\/\/dynaflow.de\/fr\/wp-json\/wp\/v2\/pages\/2676\/revisions"}],"predecessor-version":[{"id":3292,"href":"https:\/\/dynaflow.de\/fr\/wp-json\/wp\/v2\/pages\/2676\/revisions\/3292"}],"wp:attachment":[{"href":"https:\/\/dynaflow.de\/fr\/wp-json\/wp\/v2\/media?parent=2676"}],"curies":[{"name":"wp","href":"https:\/\/api.w.org\/{rel}","templated":true}]}}