{"id":2643,"date":"2025-10-28T20:44:00","date_gmt":"2025-10-28T19:44:00","guid":{"rendered":"https:\/\/dynaflow.de\/flowai-chatbot\/"},"modified":"2026-02-06T21:32:55","modified_gmt":"2026-02-06T20:32:55","slug":"flowai-chatbot","status":"publish","type":"page","link":"https:\/\/dynaflow.de\/fr\/flowai-chatbot\/","title":{"rendered":"FlowAI Chatbot"},"content":{"rendered":"","protected":false},"excerpt":{"rendered":"","protected":false},"author":2,"featured_media":0,"parent":0,"menu_order":0,"comment_status":"closed","ping_status":"closed","template":"","meta":{"_acf_changed":false,"footnotes":""},"class_list":["post-2643","page","type-page","status-publish","hentry"],"acf":[],"yoast_head":"<!-- This site is optimized with the Yoast SEO plugin v26.9 - https:\/\/yoast.com\/product\/yoast-seo-wordpress\/ -->\n<title>FlowAI Chatbot - Dynaflow Technology Logiciel pour l\u2019ex\u00e9cution du commerce \u00e9lectronique<\/title>\n<meta name=\"description\" content=\"FlowAI, l\u2019assistant intelligent int\u00e9gr\u00e9 \u00e0 FlowOMS, donne \u00e0 vos clients des r\u00e9ponses imm\u00e9diates, des donn\u00e9es en direct et la possibilit\u00e9 d\u2019agir en langage naturel. Suivi des exp\u00e9ditions, g\u00e9n\u00e9ration de rapports, FlowAI transforme votre portail 3PL en une exp\u00e9rience en temps r\u00e9el pilot\u00e9e par l\u2019IA. Solution compl\u00e8te pour les fournisseurs 3PL, avec gestion des op\u00e9rations et des transporteurs optimis\u00e9e par l\u2019IA.\" \/>\n<meta name=\"robots\" content=\"index, follow, max-snippet:-1, max-image-preview:large, max-video-preview:-1\" \/>\n<link rel=\"canonical\" href=\"https:\/\/dynaflow.de\/fr\/flowai-chatbot\/\" \/>\n<meta property=\"og:locale\" content=\"fr_FR\" \/>\n<meta property=\"og:type\" content=\"article\" \/>\n<meta property=\"og:title\" content=\"FlowAI Chatbot - Logiciel Dynaflow Technology pour l\u2019ex\u00e9cution du commerce \u00e9lectronique\" \/>\n<meta property=\"og:description\" content=\"FlowAI, l\u2019assistant intelligent int\u00e9gr\u00e9 \u00e0 FlowOMS, donne \u00e0 vos clients des r\u00e9ponses imm\u00e9diates, des donn\u00e9es en direct et la possibilit\u00e9 d\u2019agir en langage naturel. Suivi des exp\u00e9ditions, g\u00e9n\u00e9ration de rapports, FlowAI transforme votre portail 3PL en une exp\u00e9rience en temps r\u00e9el pilot\u00e9e par l\u2019IA. Solution compl\u00e8te pour les fournisseurs 3PL, avec gestion des op\u00e9rations et des transporteurs optimis\u00e9e par l\u2019IA.\" \/>\n<meta property=\"og:url\" content=\"https:\/\/dynaflow.de\/fr\/flowai-chatbot\/\" \/>\n<meta property=\"og:site_name\" content=\"Dynaflow Technology\" \/>\n<meta property=\"article:modified_time\" content=\"2026-02-06T20:32:55+00:00\" \/>\n<meta name=\"twitter:card\" content=\"summary_large_image\" \/>\n<script type=\"application\/ld+json\" class=\"yoast-schema-graph\">{\"@context\":\"https:\/\/schema.org\",\"@graph\":[{\"@type\":\"WebPage\",\"@id\":\"https:\/\/dynaflow.de\/fr\/flowai-chatbot\/\",\"url\":\"https:\/\/dynaflow.de\/fr\/flowai-chatbot\/\",\"name\":\"FlowAI Chatbot - Dynaflow Technology Logiciel pour l\u2019ex\u00e9cution du commerce \u00e9lectronique\",\"isPartOf\":{\"@id\":\"https:\/\/dynaflow.de\/fr\/#website\"},\"datePublished\":\"2025-10-28T19:44:00+00:00\",\"dateModified\":\"2026-02-06T20:32:55+00:00\",\"description\":\"FlowAI, l\u2019assistant intelligent int\u00e9gr\u00e9 \u00e0 FlowOMS, donne \u00e0 vos clients des r\u00e9ponses imm\u00e9diates, des donn\u00e9es en direct et la possibilit\u00e9 d\u2019agir en langage naturel. Suivi des exp\u00e9ditions, g\u00e9n\u00e9ration de rapports, FlowAI transforme votre portail 3PL en une exp\u00e9rience en temps r\u00e9el pilot\u00e9e par l\u2019IA. Solution compl\u00e8te pour les fournisseurs 3PL, avec gestion des op\u00e9rations et des transporteurs optimis\u00e9e par l\u2019IA.\",\"breadcrumb\":{\"@id\":\"https:\/\/dynaflow.de\/fr\/flowai-chatbot\/#breadcrumb\"},\"inLanguage\":\"fr-FR\",\"potentialAction\":[{\"@type\":\"ReadAction\",\"target\":[\"https:\/\/dynaflow.de\/fr\/flowai-chatbot\/\"]}]},{\"@type\":\"BreadcrumbList\",\"@id\":\"https:\/\/dynaflow.de\/fr\/flowai-chatbot\/#breadcrumb\",\"itemListElement\":[{\"@type\":\"ListItem\",\"position\":1,\"name\":\"Home\",\"item\":\"https:\/\/dynaflow.de\/fr\/\"},{\"@type\":\"ListItem\",\"position\":2,\"name\":\"FlowAI Chatbot\"}]},{\"@type\":\"WebSite\",\"@id\":\"https:\/\/dynaflow.de\/fr\/#website\",\"url\":\"https:\/\/dynaflow.de\/fr\/\",\"name\":\"Dynaflow Technology\",\"description\":\"\",\"potentialAction\":[{\"@type\":\"SearchAction\",\"target\":{\"@type\":\"EntryPoint\",\"urlTemplate\":\"https:\/\/dynaflow.de\/fr\/?s={search_term_string}\"},\"query-input\":{\"@type\":\"PropertyValueSpecification\",\"valueRequired\":true,\"valueName\":\"search_term_string\"}}],\"inLanguage\":\"fr-FR\"}]}<\/script>\n<!-- \/ Yoast SEO plugin. -->","yoast_head_json":{"title":"FlowAI Chatbot - Dynaflow Technology Logiciel pour l\u2019ex\u00e9cution du commerce \u00e9lectronique","description":"FlowAI, l\u2019assistant intelligent int\u00e9gr\u00e9 \u00e0 FlowOMS, donne \u00e0 vos clients des r\u00e9ponses imm\u00e9diates, des donn\u00e9es en direct et la possibilit\u00e9 d\u2019agir en langage naturel. Suivi des exp\u00e9ditions, g\u00e9n\u00e9ration de rapports, FlowAI transforme votre portail 3PL en une exp\u00e9rience en temps r\u00e9el pilot\u00e9e par l\u2019IA. Solution compl\u00e8te pour les fournisseurs 3PL, avec gestion des op\u00e9rations et des transporteurs optimis\u00e9e par l\u2019IA.","robots":{"index":"index","follow":"follow","max-snippet":"max-snippet:-1","max-image-preview":"max-image-preview:large","max-video-preview":"max-video-preview:-1"},"canonical":"https:\/\/dynaflow.de\/fr\/flowai-chatbot\/","og_locale":"fr_FR","og_type":"article","og_title":"FlowAI Chatbot - Logiciel Dynaflow Technology pour l\u2019ex\u00e9cution du commerce \u00e9lectronique","og_description":"FlowAI, l\u2019assistant intelligent int\u00e9gr\u00e9 \u00e0 FlowOMS, donne \u00e0 vos clients des r\u00e9ponses imm\u00e9diates, des donn\u00e9es en direct et la possibilit\u00e9 d\u2019agir en langage naturel. Suivi des exp\u00e9ditions, g\u00e9n\u00e9ration de rapports, FlowAI transforme votre portail 3PL en une exp\u00e9rience en temps r\u00e9el pilot\u00e9e par l\u2019IA. Solution compl\u00e8te pour les fournisseurs 3PL, avec gestion des op\u00e9rations et des transporteurs optimis\u00e9e par l\u2019IA.","og_url":"https:\/\/dynaflow.de\/fr\/flowai-chatbot\/","og_site_name":"Dynaflow Technology","article_modified_time":"2026-02-06T20:32:55+00:00","twitter_card":"summary_large_image","schema":{"@context":"https:\/\/schema.org","@graph":[{"@type":"WebPage","@id":"https:\/\/dynaflow.de\/fr\/flowai-chatbot\/","url":"https:\/\/dynaflow.de\/fr\/flowai-chatbot\/","name":"FlowAI Chatbot - Dynaflow Technology Logiciel pour l\u2019ex\u00e9cution du commerce \u00e9lectronique","isPartOf":{"@id":"https:\/\/dynaflow.de\/fr\/#website"},"datePublished":"2025-10-28T19:44:00+00:00","dateModified":"2026-02-06T20:32:55+00:00","description":"FlowAI, l\u2019assistant intelligent int\u00e9gr\u00e9 \u00e0 FlowOMS, donne \u00e0 vos clients des r\u00e9ponses imm\u00e9diates, des donn\u00e9es en direct et la possibilit\u00e9 d\u2019agir en langage naturel. Suivi des exp\u00e9ditions, g\u00e9n\u00e9ration de rapports, FlowAI transforme votre portail 3PL en une exp\u00e9rience en temps r\u00e9el pilot\u00e9e par l\u2019IA. Solution compl\u00e8te pour les fournisseurs 3PL, avec gestion des op\u00e9rations et des transporteurs optimis\u00e9e par l\u2019IA.","breadcrumb":{"@id":"https:\/\/dynaflow.de\/fr\/flowai-chatbot\/#breadcrumb"},"inLanguage":"fr-FR","potentialAction":[{"@type":"ReadAction","target":["https:\/\/dynaflow.de\/fr\/flowai-chatbot\/"]}]},{"@type":"BreadcrumbList","@id":"https:\/\/dynaflow.de\/fr\/flowai-chatbot\/#breadcrumb","itemListElement":[{"@type":"ListItem","position":1,"name":"Home","item":"https:\/\/dynaflow.de\/fr\/"},{"@type":"ListItem","position":2,"name":"FlowAI Chatbot"}]},{"@type":"WebSite","@id":"https:\/\/dynaflow.de\/fr\/#website","url":"https:\/\/dynaflow.de\/fr\/","name":"Dynaflow Technology","description":"","potentialAction":[{"@type":"SearchAction","target":{"@type":"EntryPoint","urlTemplate":"https:\/\/dynaflow.de\/fr\/?s={search_term_string}"},"query-input":{"@type":"PropertyValueSpecification","valueRequired":true,"valueName":"search_term_string"}}],"inLanguage":"fr-FR"}]}},"_links":{"self":[{"href":"https:\/\/dynaflow.de\/fr\/wp-json\/wp\/v2\/pages\/2643","targetHints":{"allow":["GET"]}}],"collection":[{"href":"https:\/\/dynaflow.de\/fr\/wp-json\/wp\/v2\/pages"}],"about":[{"href":"https:\/\/dynaflow.de\/fr\/wp-json\/wp\/v2\/types\/page"}],"author":[{"embeddable":true,"href":"https:\/\/dynaflow.de\/fr\/wp-json\/wp\/v2\/users\/2"}],"replies":[{"embeddable":true,"href":"https:\/\/dynaflow.de\/fr\/wp-json\/wp\/v2\/comments?post=2643"}],"version-history":[{"count":1,"href":"https:\/\/dynaflow.de\/fr\/wp-json\/wp\/v2\/pages\/2643\/revisions"}],"predecessor-version":[{"id":3294,"href":"https:\/\/dynaflow.de\/fr\/wp-json\/wp\/v2\/pages\/2643\/revisions\/3294"}],"wp:attachment":[{"href":"https:\/\/dynaflow.de\/fr\/wp-json\/wp\/v2\/media?parent=2643"}],"curies":[{"name":"wp","href":"https:\/\/api.w.org\/{rel}","templated":true}]}}