{"id":2541,"date":"2025-10-28T20:41:12","date_gmt":"2025-10-28T19:41:12","guid":{"rendered":"https:\/\/dynaflow.de\/gestion-et-analyse-des-transporteurs\/"},"modified":"2026-02-06T21:41:36","modified_gmt":"2026-02-06T20:41:36","slug":"gestion-et-analyse-des-transporteurs","status":"publish","type":"page","link":"https:\/\/dynaflow.de\/fr\/gestion-et-analyse-des-transporteurs\/","title":{"rendered":"Gestion et analyse des transporteurs"},"content":{"rendered":"","protected":false},"excerpt":{"rendered":"","protected":false},"author":2,"featured_media":0,"parent":0,"menu_order":0,"comment_status":"closed","ping_status":"closed","template":"","meta":{"_acf_changed":false,"footnotes":""},"class_list":["post-2541","page","type-page","status-publish","hentry"],"acf":[],"yoast_head":"<!-- This site is optimized with the Yoast SEO plugin v26.9 - https:\/\/yoast.com\/product\/yoast-seo-wordpress\/ -->\n<title>Gestion et analyse des transporteurs - Dynaflow Technology Logiciel pour les prestataires 3PL<\/title>\n<meta name=\"description\" content=\"L&#039;exp\u00e9dition est l&#039;une des parties les plus complexes de l&#039;ex\u00e9cution, en particulier pour plusieurs clients. FlowOMS vous permet de d\u00e9finir les transporteurs, les r\u00e9gions de service et les r\u00e8gles d&#039;exp\u00e9dition, tout en offrant \u00e0 vos clients un suivi en temps r\u00e9el et des informations sur la livraison, le tout au m\u00eame endroit. Logiciel pour les prestataires 3PL (ex\u00e9cution du commerce \u00e9lectronique).\" \/>\n<meta name=\"robots\" content=\"index, follow, max-snippet:-1, max-image-preview:large, max-video-preview:-1\" \/>\n<link rel=\"canonical\" href=\"https:\/\/dynaflow.de\/fr\/gestion-et-analyse-des-transporteurs\/\" \/>\n<meta property=\"og:locale\" content=\"fr_FR\" \/>\n<meta property=\"og:type\" content=\"article\" \/>\n<meta property=\"og:title\" content=\"Gestion et analyse des transporteurs - Logiciel Dynaflow Technology pour les prestataires 3PL\" \/>\n<meta property=\"og:description\" content=\"L&#039;exp\u00e9dition est l&#039;une des parties les plus complexes de l&#039;ex\u00e9cution, en particulier pour plusieurs clients. FlowOMS vous permet de d\u00e9finir les transporteurs, les r\u00e9gions de service et les r\u00e8gles d&#039;exp\u00e9dition, tout en offrant \u00e0 vos clients un suivi en temps r\u00e9el et des informations sur la livraison, le tout au m\u00eame endroit. Logiciel pour les prestataires 3PL (ex\u00e9cution du commerce \u00e9lectronique).\" \/>\n<meta property=\"og:url\" content=\"https:\/\/dynaflow.de\/fr\/gestion-et-analyse-des-transporteurs\/\" \/>\n<meta property=\"og:site_name\" content=\"Dynaflow Technology\" \/>\n<meta property=\"article:modified_time\" content=\"2026-02-06T20:41:36+00:00\" \/>\n<meta name=\"twitter:card\" content=\"summary_large_image\" \/>\n<script type=\"application\/ld+json\" class=\"yoast-schema-graph\">{\"@context\":\"https:\/\/schema.org\",\"@graph\":[{\"@type\":\"WebPage\",\"@id\":\"https:\/\/dynaflow.de\/fr\/gestion-et-analyse-des-transporteurs\/\",\"url\":\"https:\/\/dynaflow.de\/fr\/gestion-et-analyse-des-transporteurs\/\",\"name\":\"Gestion et analyse des transporteurs - Dynaflow Technology Logiciel pour les prestataires 3PL\",\"isPartOf\":{\"@id\":\"https:\/\/dynaflow.de\/fr\/#website\"},\"datePublished\":\"2025-10-28T19:41:12+00:00\",\"dateModified\":\"2026-02-06T20:41:36+00:00\",\"description\":\"L'exp\u00e9dition est l'une des parties les plus complexes de l'ex\u00e9cution, en particulier pour plusieurs clients. FlowOMS vous permet de d\u00e9finir les transporteurs, les r\u00e9gions de service et les r\u00e8gles d'exp\u00e9dition, tout en offrant \u00e0 vos clients un suivi en temps r\u00e9el et des informations sur la livraison, le tout au m\u00eame endroit. Logiciel pour les prestataires 3PL (ex\u00e9cution du commerce \u00e9lectronique).\",\"breadcrumb\":{\"@id\":\"https:\/\/dynaflow.de\/fr\/gestion-et-analyse-des-transporteurs\/#breadcrumb\"},\"inLanguage\":\"fr-FR\",\"potentialAction\":[{\"@type\":\"ReadAction\",\"target\":[\"https:\/\/dynaflow.de\/fr\/gestion-et-analyse-des-transporteurs\/\"]}]},{\"@type\":\"BreadcrumbList\",\"@id\":\"https:\/\/dynaflow.de\/fr\/gestion-et-analyse-des-transporteurs\/#breadcrumb\",\"itemListElement\":[{\"@type\":\"ListItem\",\"position\":1,\"name\":\"Home\",\"item\":\"https:\/\/dynaflow.de\/fr\/\"},{\"@type\":\"ListItem\",\"position\":2,\"name\":\"Gestion et analyse des transporteurs\"}]},{\"@type\":\"WebSite\",\"@id\":\"https:\/\/dynaflow.de\/fr\/#website\",\"url\":\"https:\/\/dynaflow.de\/fr\/\",\"name\":\"Dynaflow Technology\",\"description\":\"\",\"potentialAction\":[{\"@type\":\"SearchAction\",\"target\":{\"@type\":\"EntryPoint\",\"urlTemplate\":\"https:\/\/dynaflow.de\/fr\/?s={search_term_string}\"},\"query-input\":{\"@type\":\"PropertyValueSpecification\",\"valueRequired\":true,\"valueName\":\"search_term_string\"}}],\"inLanguage\":\"fr-FR\"}]}<\/script>\n<!-- \/ Yoast SEO plugin. -->","yoast_head_json":{"title":"Gestion et analyse des transporteurs - Dynaflow Technology Logiciel pour les prestataires 3PL","description":"L'exp\u00e9dition est l'une des parties les plus complexes de l'ex\u00e9cution, en particulier pour plusieurs clients. FlowOMS vous permet de d\u00e9finir les transporteurs, les r\u00e9gions de service et les r\u00e8gles d'exp\u00e9dition, tout en offrant \u00e0 vos clients un suivi en temps r\u00e9el et des informations sur la livraison, le tout au m\u00eame endroit. Logiciel pour les prestataires 3PL (ex\u00e9cution du commerce \u00e9lectronique).","robots":{"index":"index","follow":"follow","max-snippet":"max-snippet:-1","max-image-preview":"max-image-preview:large","max-video-preview":"max-video-preview:-1"},"canonical":"https:\/\/dynaflow.de\/fr\/gestion-et-analyse-des-transporteurs\/","og_locale":"fr_FR","og_type":"article","og_title":"Gestion et analyse des transporteurs - Logiciel Dynaflow Technology pour les prestataires 3PL","og_description":"L'exp\u00e9dition est l'une des parties les plus complexes de l'ex\u00e9cution, en particulier pour plusieurs clients. FlowOMS vous permet de d\u00e9finir les transporteurs, les r\u00e9gions de service et les r\u00e8gles d'exp\u00e9dition, tout en offrant \u00e0 vos clients un suivi en temps r\u00e9el et des informations sur la livraison, le tout au m\u00eame endroit. Logiciel pour les prestataires 3PL (ex\u00e9cution du commerce \u00e9lectronique).","og_url":"https:\/\/dynaflow.de\/fr\/gestion-et-analyse-des-transporteurs\/","og_site_name":"Dynaflow Technology","article_modified_time":"2026-02-06T20:41:36+00:00","twitter_card":"summary_large_image","schema":{"@context":"https:\/\/schema.org","@graph":[{"@type":"WebPage","@id":"https:\/\/dynaflow.de\/fr\/gestion-et-analyse-des-transporteurs\/","url":"https:\/\/dynaflow.de\/fr\/gestion-et-analyse-des-transporteurs\/","name":"Gestion et analyse des transporteurs - Dynaflow Technology Logiciel pour les prestataires 3PL","isPartOf":{"@id":"https:\/\/dynaflow.de\/fr\/#website"},"datePublished":"2025-10-28T19:41:12+00:00","dateModified":"2026-02-06T20:41:36+00:00","description":"L'exp\u00e9dition est l'une des parties les plus complexes de l'ex\u00e9cution, en particulier pour plusieurs clients. FlowOMS vous permet de d\u00e9finir les transporteurs, les r\u00e9gions de service et les r\u00e8gles d'exp\u00e9dition, tout en offrant \u00e0 vos clients un suivi en temps r\u00e9el et des informations sur la livraison, le tout au m\u00eame endroit. Logiciel pour les prestataires 3PL (ex\u00e9cution du commerce \u00e9lectronique).","breadcrumb":{"@id":"https:\/\/dynaflow.de\/fr\/gestion-et-analyse-des-transporteurs\/#breadcrumb"},"inLanguage":"fr-FR","potentialAction":[{"@type":"ReadAction","target":["https:\/\/dynaflow.de\/fr\/gestion-et-analyse-des-transporteurs\/"]}]},{"@type":"BreadcrumbList","@id":"https:\/\/dynaflow.de\/fr\/gestion-et-analyse-des-transporteurs\/#breadcrumb","itemListElement":[{"@type":"ListItem","position":1,"name":"Home","item":"https:\/\/dynaflow.de\/fr\/"},{"@type":"ListItem","position":2,"name":"Gestion et analyse des transporteurs"}]},{"@type":"WebSite","@id":"https:\/\/dynaflow.de\/fr\/#website","url":"https:\/\/dynaflow.de\/fr\/","name":"Dynaflow Technology","description":"","potentialAction":[{"@type":"SearchAction","target":{"@type":"EntryPoint","urlTemplate":"https:\/\/dynaflow.de\/fr\/?s={search_term_string}"},"query-input":{"@type":"PropertyValueSpecification","valueRequired":true,"valueName":"search_term_string"}}],"inLanguage":"fr-FR"}]}},"_links":{"self":[{"href":"https:\/\/dynaflow.de\/fr\/wp-json\/wp\/v2\/pages\/2541","targetHints":{"allow":["GET"]}}],"collection":[{"href":"https:\/\/dynaflow.de\/fr\/wp-json\/wp\/v2\/pages"}],"about":[{"href":"https:\/\/dynaflow.de\/fr\/wp-json\/wp\/v2\/types\/page"}],"author":[{"embeddable":true,"href":"https:\/\/dynaflow.de\/fr\/wp-json\/wp\/v2\/users\/2"}],"replies":[{"embeddable":true,"href":"https:\/\/dynaflow.de\/fr\/wp-json\/wp\/v2\/comments?post=2541"}],"version-history":[{"count":1,"href":"https:\/\/dynaflow.de\/fr\/wp-json\/wp\/v2\/pages\/2541\/revisions"}],"predecessor-version":[{"id":3295,"href":"https:\/\/dynaflow.de\/fr\/wp-json\/wp\/v2\/pages\/2541\/revisions\/3295"}],"wp:attachment":[{"href":"https:\/\/dynaflow.de\/fr\/wp-json\/wp\/v2\/media?parent=2541"}],"curies":[{"name":"wp","href":"https:\/\/api.w.org\/{rel}","templated":true}]}}