{"id":2514,"date":"2026-01-28T17:12:43","date_gmt":"2026-01-28T16:12:43","guid":{"rendered":"https:\/\/dynaflow.de\/facturation-pour-les-3pl\/"},"modified":"2026-02-06T21:20:44","modified_gmt":"2026-02-06T20:20:44","slug":"facturation-pour-les-3pl","status":"publish","type":"page","link":"https:\/\/dynaflow.de\/fr\/facturation-pour-les-3pl\/","title":{"rendered":"Facturation pour les 3PL"},"content":{"rendered":"","protected":false},"excerpt":{"rendered":"","protected":false},"author":2,"featured_media":0,"parent":0,"menu_order":0,"comment_status":"closed","ping_status":"closed","template":"","meta":{"_acf_changed":false,"footnotes":""},"class_list":["post-2514","page","type-page","status-publish","hentry"],"acf":[],"yoast_head":"<!-- This site is optimized with the Yoast SEO plugin v26.9 - https:\/\/yoast.com\/product\/yoast-seo-wordpress\/ -->\n<title>Facturation pour les 3PL - Dynaflow Technology FacturationCommandes et factures optimis\u00e9es par l\u2019IA<\/title>\n<meta name=\"description\" content=\"Solution 3PL pour l\u2019ex\u00e9cution du commerce \u00e9lectronique\u202f: facturation claire, flexible et con\u00e7ue pour les vrais mod\u00e8les de tarification des prestataires. Pour la plupart des 3PL, la facturation est le maillon fragile de leur configuration. FlowOMS convertit vos donn\u00e9es WMS en factures transparentes, imm\u00e9diatement exploitables, m\u00eame avec des structures tarifaires complexes ou personnalis\u00e9es. Op\u00e9rations et gestion des transporteurs boost\u00e9es par l\u2019IA.\" \/>\n<meta name=\"robots\" content=\"index, follow, max-snippet:-1, max-image-preview:large, max-video-preview:-1\" \/>\n<link rel=\"canonical\" href=\"https:\/\/dynaflow.de\/fr\/facturation-pour-les-3pl\/\" \/>\n<meta property=\"og:locale\" content=\"fr_FR\" \/>\n<meta property=\"og:type\" content=\"article\" \/>\n<meta property=\"og:title\" content=\"FlowOMS pour les 3PL\u00a0: facturation transparente et flexible, con\u00e7ue pour les mod\u00e8les de tarification 3PL r\u00e9els\" \/>\n<meta property=\"og:description\" content=\"Logiciel pour les fournisseurs 3PL (ex\u00e9cution du commerce \u00e9lectronique). Facturation transparente et flexible, con\u00e7ue pour les mod\u00e8les de tarification 3PL r\u00e9els. La facturation est le point de rupture de la plupart des configurations 3PL. FlowOMS transforme les donn\u00e9es WMS en factures transparentes et pr\u00eates \u00e0 \u00eatre envoy\u00e9es aux clients, quelle que soit la complexit\u00e9 ou l\u2019individualit\u00e9 de votre structure de prix. Gestion des op\u00e9rations et gestion des transporteurs optimis\u00e9es par l\u2019IA\" \/>\n<meta property=\"og:url\" content=\"https:\/\/dynaflow.de\/fr\/facturation-pour-les-3pl\/\" \/>\n<meta property=\"og:site_name\" content=\"Dynaflow Technology\" \/>\n<meta property=\"article:modified_time\" content=\"2026-02-06T20:20:44+00:00\" \/>\n<meta name=\"twitter:card\" content=\"summary_large_image\" \/>\n<script type=\"application\/ld+json\" class=\"yoast-schema-graph\">{\"@context\":\"https:\/\/schema.org\",\"@graph\":[{\"@type\":\"WebPage\",\"@id\":\"https:\/\/dynaflow.de\/fr\/facturation-pour-les-3pl\/\",\"url\":\"https:\/\/dynaflow.de\/fr\/facturation-pour-les-3pl\/\",\"name\":\"Facturation pour les 3PL - Dynaflow Technology FacturationCommandes et factures optimis\u00e9es par l\u2019IA\",\"isPartOf\":{\"@id\":\"https:\/\/dynaflow.de\/fr\/#website\"},\"datePublished\":\"2026-01-28T16:12:43+00:00\",\"dateModified\":\"2026-02-06T20:20:44+00:00\",\"description\":\"Solution 3PL pour l\u2019ex\u00e9cution du commerce \u00e9lectronique\u202f: facturation claire, flexible et con\u00e7ue pour les vrais mod\u00e8les de tarification des prestataires. Pour la plupart des 3PL, la facturation est le maillon fragile de leur configuration. FlowOMS convertit vos donn\u00e9es WMS en factures transparentes, imm\u00e9diatement exploitables, m\u00eame avec des structures tarifaires complexes ou personnalis\u00e9es. Op\u00e9rations et gestion des transporteurs boost\u00e9es par l\u2019IA.\",\"breadcrumb\":{\"@id\":\"https:\/\/dynaflow.de\/fr\/facturation-pour-les-3pl\/#breadcrumb\"},\"inLanguage\":\"fr-FR\",\"potentialAction\":[{\"@type\":\"ReadAction\",\"target\":[\"https:\/\/dynaflow.de\/fr\/facturation-pour-les-3pl\/\"]}]},{\"@type\":\"BreadcrumbList\",\"@id\":\"https:\/\/dynaflow.de\/fr\/facturation-pour-les-3pl\/#breadcrumb\",\"itemListElement\":[{\"@type\":\"ListItem\",\"position\":1,\"name\":\"Home\",\"item\":\"https:\/\/dynaflow.de\/fr\/\"},{\"@type\":\"ListItem\",\"position\":2,\"name\":\"Facturation pour les 3PL\"}]},{\"@type\":\"WebSite\",\"@id\":\"https:\/\/dynaflow.de\/fr\/#website\",\"url\":\"https:\/\/dynaflow.de\/fr\/\",\"name\":\"Dynaflow Technology\",\"description\":\"\",\"potentialAction\":[{\"@type\":\"SearchAction\",\"target\":{\"@type\":\"EntryPoint\",\"urlTemplate\":\"https:\/\/dynaflow.de\/fr\/?s={search_term_string}\"},\"query-input\":{\"@type\":\"PropertyValueSpecification\",\"valueRequired\":true,\"valueName\":\"search_term_string\"}}],\"inLanguage\":\"fr-FR\"}]}<\/script>\n<!-- \/ Yoast SEO plugin. -->","yoast_head_json":{"title":"Facturation pour les 3PL - Dynaflow Technology FacturationCommandes et factures optimis\u00e9es par l\u2019IA","description":"Solution 3PL pour l\u2019ex\u00e9cution du commerce \u00e9lectronique\u202f: facturation claire, flexible et con\u00e7ue pour les vrais mod\u00e8les de tarification des prestataires. Pour la plupart des 3PL, la facturation est le maillon fragile de leur configuration. FlowOMS convertit vos donn\u00e9es WMS en factures transparentes, imm\u00e9diatement exploitables, m\u00eame avec des structures tarifaires complexes ou personnalis\u00e9es. Op\u00e9rations et gestion des transporteurs boost\u00e9es par l\u2019IA.","robots":{"index":"index","follow":"follow","max-snippet":"max-snippet:-1","max-image-preview":"max-image-preview:large","max-video-preview":"max-video-preview:-1"},"canonical":"https:\/\/dynaflow.de\/fr\/facturation-pour-les-3pl\/","og_locale":"fr_FR","og_type":"article","og_title":"FlowOMS pour les 3PL\u00a0: facturation transparente et flexible, con\u00e7ue pour les mod\u00e8les de tarification 3PL r\u00e9els","og_description":"Logiciel pour les fournisseurs 3PL (ex\u00e9cution du commerce \u00e9lectronique). Facturation transparente et flexible, con\u00e7ue pour les mod\u00e8les de tarification 3PL r\u00e9els. La facturation est le point de rupture de la plupart des configurations 3PL. FlowOMS transforme les donn\u00e9es WMS en factures transparentes et pr\u00eates \u00e0 \u00eatre envoy\u00e9es aux clients, quelle que soit la complexit\u00e9 ou l\u2019individualit\u00e9 de votre structure de prix. Gestion des op\u00e9rations et gestion des transporteurs optimis\u00e9es par l\u2019IA","og_url":"https:\/\/dynaflow.de\/fr\/facturation-pour-les-3pl\/","og_site_name":"Dynaflow Technology","article_modified_time":"2026-02-06T20:20:44+00:00","twitter_card":"summary_large_image","schema":{"@context":"https:\/\/schema.org","@graph":[{"@type":"WebPage","@id":"https:\/\/dynaflow.de\/fr\/facturation-pour-les-3pl\/","url":"https:\/\/dynaflow.de\/fr\/facturation-pour-les-3pl\/","name":"Facturation pour les 3PL - Dynaflow Technology FacturationCommandes et factures optimis\u00e9es par l\u2019IA","isPartOf":{"@id":"https:\/\/dynaflow.de\/fr\/#website"},"datePublished":"2026-01-28T16:12:43+00:00","dateModified":"2026-02-06T20:20:44+00:00","description":"Solution 3PL pour l\u2019ex\u00e9cution du commerce \u00e9lectronique\u202f: facturation claire, flexible et con\u00e7ue pour les vrais mod\u00e8les de tarification des prestataires. Pour la plupart des 3PL, la facturation est le maillon fragile de leur configuration. FlowOMS convertit vos donn\u00e9es WMS en factures transparentes, imm\u00e9diatement exploitables, m\u00eame avec des structures tarifaires complexes ou personnalis\u00e9es. Op\u00e9rations et gestion des transporteurs boost\u00e9es par l\u2019IA.","breadcrumb":{"@id":"https:\/\/dynaflow.de\/fr\/facturation-pour-les-3pl\/#breadcrumb"},"inLanguage":"fr-FR","potentialAction":[{"@type":"ReadAction","target":["https:\/\/dynaflow.de\/fr\/facturation-pour-les-3pl\/"]}]},{"@type":"BreadcrumbList","@id":"https:\/\/dynaflow.de\/fr\/facturation-pour-les-3pl\/#breadcrumb","itemListElement":[{"@type":"ListItem","position":1,"name":"Home","item":"https:\/\/dynaflow.de\/fr\/"},{"@type":"ListItem","position":2,"name":"Facturation pour les 3PL"}]},{"@type":"WebSite","@id":"https:\/\/dynaflow.de\/fr\/#website","url":"https:\/\/dynaflow.de\/fr\/","name":"Dynaflow Technology","description":"","potentialAction":[{"@type":"SearchAction","target":{"@type":"EntryPoint","urlTemplate":"https:\/\/dynaflow.de\/fr\/?s={search_term_string}"},"query-input":{"@type":"PropertyValueSpecification","valueRequired":true,"valueName":"search_term_string"}}],"inLanguage":"fr-FR"}]}},"_links":{"self":[{"href":"https:\/\/dynaflow.de\/fr\/wp-json\/wp\/v2\/pages\/2514","targetHints":{"allow":["GET"]}}],"collection":[{"href":"https:\/\/dynaflow.de\/fr\/wp-json\/wp\/v2\/pages"}],"about":[{"href":"https:\/\/dynaflow.de\/fr\/wp-json\/wp\/v2\/types\/page"}],"author":[{"embeddable":true,"href":"https:\/\/dynaflow.de\/fr\/wp-json\/wp\/v2\/users\/2"}],"replies":[{"embeddable":true,"href":"https:\/\/dynaflow.de\/fr\/wp-json\/wp\/v2\/comments?post=2514"}],"version-history":[{"count":1,"href":"https:\/\/dynaflow.de\/fr\/wp-json\/wp\/v2\/pages\/2514\/revisions"}],"predecessor-version":[{"id":3293,"href":"https:\/\/dynaflow.de\/fr\/wp-json\/wp\/v2\/pages\/2514\/revisions\/3293"}],"wp:attachment":[{"href":"https:\/\/dynaflow.de\/fr\/wp-json\/wp\/v2\/media?parent=2514"}],"curies":[{"name":"wp","href":"https:\/\/api.w.org\/{rel}","templated":true}]}}