{"id":2504,"date":"2025-10-28T20:44:33","date_gmt":"2025-10-28T19:44:33","guid":{"rendered":"https:\/\/dynaflow.de\/page-de-suivi-personnalisee\/"},"modified":"2026-02-06T21:57:18","modified_gmt":"2026-02-06T20:57:18","slug":"page-de-suivi-personnalisee","status":"publish","type":"page","link":"https:\/\/dynaflow.de\/fr\/page-de-suivi-personnalisee\/","title":{"rendered":"Page de suivi personnalis\u00e9e"},"content":{"rendered":"","protected":false},"excerpt":{"rendered":"","protected":false},"author":2,"featured_media":0,"parent":0,"menu_order":0,"comment_status":"closed","ping_status":"closed","template":"","meta":{"_acf_changed":false,"footnotes":""},"class_list":["post-2504","page","type-page","status-publish","hentry"],"acf":[],"yoast_head":"<!-- This site is optimized with the Yoast SEO plugin v26.9 - https:\/\/yoast.com\/product\/yoast-seo-wordpress\/ -->\n<title>Page de suivi personnalis\u00e9e - Dynaflow Technology Logiciel pour les prestataires 3PL<\/title>\n<meta name=\"description\" content=\"FlowOMS permet \u00e0 votre 3PL d\u2019offrir des pages de suivi enti\u00e8rement personnalis\u00e9es, affichant les mises \u00e0 jour en direct des exp\u00e9ditions, des photos de produits et des d\u00e9tails de livraison dans le design de vos clients. Le suivi commence \u00e0 l\u2019int\u00e9rieur de l\u2019entrep\u00f4t et se poursuit jusqu\u2019\u00e0 la livraison du colis. C\u2019est le moyen le plus simple de connecter les donn\u00e9es logistiques \u00e0 une exp\u00e9rience client fluide. Gestion des op\u00e9rations et gestion du suivi optimis\u00e9es par l\u2019IA. Logiciel pour les prestataires 3PL (ex\u00e9cution du commerce \u00e9lectronique)\" \/>\n<meta name=\"robots\" content=\"index, follow, max-snippet:-1, max-image-preview:large, max-video-preview:-1\" \/>\n<link rel=\"canonical\" href=\"https:\/\/dynaflow.de\/fr\/page-de-suivi-personnalisee\/\" \/>\n<meta property=\"og:locale\" content=\"fr_FR\" \/>\n<meta property=\"og:type\" content=\"article\" \/>\n<meta property=\"og:title\" content=\"Page de suivi personnalis\u00e9e - Logiciel Dynaflow Technology pour les prestataires 3PL\" \/>\n<meta property=\"og:description\" content=\"FlowOMS permet \u00e0 votre 3PL d\u2019offrir des pages de suivi enti\u00e8rement personnalis\u00e9es, affichant les mises \u00e0 jour en direct des exp\u00e9ditions, des photos de produits et des d\u00e9tails de livraison dans le design de vos clients. Le suivi commence \u00e0 l\u2019int\u00e9rieur de l\u2019entrep\u00f4t et se poursuit jusqu\u2019\u00e0 la livraison du colis. C\u2019est le moyen le plus simple de connecter les donn\u00e9es logistiques \u00e0 une exp\u00e9rience client fluide. Gestion des op\u00e9rations et gestion des transporteurs optimis\u00e9es par l\u2019IA. Logiciel pour les prestataires 3PL (ex\u00e9cution du commerce \u00e9lectronique)\" \/>\n<meta property=\"og:url\" content=\"https:\/\/dynaflow.de\/fr\/page-de-suivi-personnalisee\/\" \/>\n<meta property=\"og:site_name\" content=\"Dynaflow Technology\" \/>\n<meta property=\"article:modified_time\" content=\"2026-02-06T20:57:18+00:00\" \/>\n<meta name=\"twitter:card\" content=\"summary_large_image\" \/>\n<script type=\"application\/ld+json\" class=\"yoast-schema-graph\">{\"@context\":\"https:\/\/schema.org\",\"@graph\":[{\"@type\":\"WebPage\",\"@id\":\"https:\/\/dynaflow.de\/fr\/page-de-suivi-personnalisee\/\",\"url\":\"https:\/\/dynaflow.de\/fr\/page-de-suivi-personnalisee\/\",\"name\":\"Page de suivi personnalis\u00e9e - Dynaflow Technology Logiciel pour les prestataires 3PL\",\"isPartOf\":{\"@id\":\"https:\/\/dynaflow.de\/fr\/#website\"},\"datePublished\":\"2025-10-28T19:44:33+00:00\",\"dateModified\":\"2026-02-06T20:57:18+00:00\",\"description\":\"FlowOMS permet \u00e0 votre 3PL d\u2019offrir des pages de suivi enti\u00e8rement personnalis\u00e9es, affichant les mises \u00e0 jour en direct des exp\u00e9ditions, des photos de produits et des d\u00e9tails de livraison dans le design de vos clients. Le suivi commence \u00e0 l\u2019int\u00e9rieur de l\u2019entrep\u00f4t et se poursuit jusqu\u2019\u00e0 la livraison du colis. C\u2019est le moyen le plus simple de connecter les donn\u00e9es logistiques \u00e0 une exp\u00e9rience client fluide. Gestion des op\u00e9rations et gestion du suivi optimis\u00e9es par l\u2019IA. Logiciel pour les prestataires 3PL (ex\u00e9cution du commerce \u00e9lectronique)\",\"breadcrumb\":{\"@id\":\"https:\/\/dynaflow.de\/fr\/page-de-suivi-personnalisee\/#breadcrumb\"},\"inLanguage\":\"fr-FR\",\"potentialAction\":[{\"@type\":\"ReadAction\",\"target\":[\"https:\/\/dynaflow.de\/fr\/page-de-suivi-personnalisee\/\"]}]},{\"@type\":\"BreadcrumbList\",\"@id\":\"https:\/\/dynaflow.de\/fr\/page-de-suivi-personnalisee\/#breadcrumb\",\"itemListElement\":[{\"@type\":\"ListItem\",\"position\":1,\"name\":\"Home\",\"item\":\"https:\/\/dynaflow.de\/fr\/\"},{\"@type\":\"ListItem\",\"position\":2,\"name\":\"Page de suivi personnalis\u00e9e\"}]},{\"@type\":\"WebSite\",\"@id\":\"https:\/\/dynaflow.de\/fr\/#website\",\"url\":\"https:\/\/dynaflow.de\/fr\/\",\"name\":\"Dynaflow Technology\",\"description\":\"\",\"potentialAction\":[{\"@type\":\"SearchAction\",\"target\":{\"@type\":\"EntryPoint\",\"urlTemplate\":\"https:\/\/dynaflow.de\/fr\/?s={search_term_string}\"},\"query-input\":{\"@type\":\"PropertyValueSpecification\",\"valueRequired\":true,\"valueName\":\"search_term_string\"}}],\"inLanguage\":\"fr-FR\"}]}<\/script>\n<!-- \/ Yoast SEO plugin. -->","yoast_head_json":{"title":"Page de suivi personnalis\u00e9e - Dynaflow Technology Logiciel pour les prestataires 3PL","description":"FlowOMS permet \u00e0 votre 3PL d\u2019offrir des pages de suivi enti\u00e8rement personnalis\u00e9es, affichant les mises \u00e0 jour en direct des exp\u00e9ditions, des photos de produits et des d\u00e9tails de livraison dans le design de vos clients. Le suivi commence \u00e0 l\u2019int\u00e9rieur de l\u2019entrep\u00f4t et se poursuit jusqu\u2019\u00e0 la livraison du colis. C\u2019est le moyen le plus simple de connecter les donn\u00e9es logistiques \u00e0 une exp\u00e9rience client fluide. Gestion des op\u00e9rations et gestion du suivi optimis\u00e9es par l\u2019IA. Logiciel pour les prestataires 3PL (ex\u00e9cution du commerce \u00e9lectronique)","robots":{"index":"index","follow":"follow","max-snippet":"max-snippet:-1","max-image-preview":"max-image-preview:large","max-video-preview":"max-video-preview:-1"},"canonical":"https:\/\/dynaflow.de\/fr\/page-de-suivi-personnalisee\/","og_locale":"fr_FR","og_type":"article","og_title":"Page de suivi personnalis\u00e9e - Logiciel Dynaflow Technology pour les prestataires 3PL","og_description":"FlowOMS permet \u00e0 votre 3PL d\u2019offrir des pages de suivi enti\u00e8rement personnalis\u00e9es, affichant les mises \u00e0 jour en direct des exp\u00e9ditions, des photos de produits et des d\u00e9tails de livraison dans le design de vos clients. Le suivi commence \u00e0 l\u2019int\u00e9rieur de l\u2019entrep\u00f4t et se poursuit jusqu\u2019\u00e0 la livraison du colis. C\u2019est le moyen le plus simple de connecter les donn\u00e9es logistiques \u00e0 une exp\u00e9rience client fluide. Gestion des op\u00e9rations et gestion des transporteurs optimis\u00e9es par l\u2019IA. Logiciel pour les prestataires 3PL (ex\u00e9cution du commerce \u00e9lectronique)","og_url":"https:\/\/dynaflow.de\/fr\/page-de-suivi-personnalisee\/","og_site_name":"Dynaflow Technology","article_modified_time":"2026-02-06T20:57:18+00:00","twitter_card":"summary_large_image","schema":{"@context":"https:\/\/schema.org","@graph":[{"@type":"WebPage","@id":"https:\/\/dynaflow.de\/fr\/page-de-suivi-personnalisee\/","url":"https:\/\/dynaflow.de\/fr\/page-de-suivi-personnalisee\/","name":"Page de suivi personnalis\u00e9e - Dynaflow Technology Logiciel pour les prestataires 3PL","isPartOf":{"@id":"https:\/\/dynaflow.de\/fr\/#website"},"datePublished":"2025-10-28T19:44:33+00:00","dateModified":"2026-02-06T20:57:18+00:00","description":"FlowOMS permet \u00e0 votre 3PL d\u2019offrir des pages de suivi enti\u00e8rement personnalis\u00e9es, affichant les mises \u00e0 jour en direct des exp\u00e9ditions, des photos de produits et des d\u00e9tails de livraison dans le design de vos clients. Le suivi commence \u00e0 l\u2019int\u00e9rieur de l\u2019entrep\u00f4t et se poursuit jusqu\u2019\u00e0 la livraison du colis. C\u2019est le moyen le plus simple de connecter les donn\u00e9es logistiques \u00e0 une exp\u00e9rience client fluide. Gestion des op\u00e9rations et gestion du suivi optimis\u00e9es par l\u2019IA. Logiciel pour les prestataires 3PL (ex\u00e9cution du commerce \u00e9lectronique)","breadcrumb":{"@id":"https:\/\/dynaflow.de\/fr\/page-de-suivi-personnalisee\/#breadcrumb"},"inLanguage":"fr-FR","potentialAction":[{"@type":"ReadAction","target":["https:\/\/dynaflow.de\/fr\/page-de-suivi-personnalisee\/"]}]},{"@type":"BreadcrumbList","@id":"https:\/\/dynaflow.de\/fr\/page-de-suivi-personnalisee\/#breadcrumb","itemListElement":[{"@type":"ListItem","position":1,"name":"Home","item":"https:\/\/dynaflow.de\/fr\/"},{"@type":"ListItem","position":2,"name":"Page de suivi personnalis\u00e9e"}]},{"@type":"WebSite","@id":"https:\/\/dynaflow.de\/fr\/#website","url":"https:\/\/dynaflow.de\/fr\/","name":"Dynaflow Technology","description":"","potentialAction":[{"@type":"SearchAction","target":{"@type":"EntryPoint","urlTemplate":"https:\/\/dynaflow.de\/fr\/?s={search_term_string}"},"query-input":{"@type":"PropertyValueSpecification","valueRequired":true,"valueName":"search_term_string"}}],"inLanguage":"fr-FR"}]}},"_links":{"self":[{"href":"https:\/\/dynaflow.de\/fr\/wp-json\/wp\/v2\/pages\/2504","targetHints":{"allow":["GET"]}}],"collection":[{"href":"https:\/\/dynaflow.de\/fr\/wp-json\/wp\/v2\/pages"}],"about":[{"href":"https:\/\/dynaflow.de\/fr\/wp-json\/wp\/v2\/types\/page"}],"author":[{"embeddable":true,"href":"https:\/\/dynaflow.de\/fr\/wp-json\/wp\/v2\/users\/2"}],"replies":[{"embeddable":true,"href":"https:\/\/dynaflow.de\/fr\/wp-json\/wp\/v2\/comments?post=2504"}],"version-history":[{"count":1,"href":"https:\/\/dynaflow.de\/fr\/wp-json\/wp\/v2\/pages\/2504\/revisions"}],"predecessor-version":[{"id":3299,"href":"https:\/\/dynaflow.de\/fr\/wp-json\/wp\/v2\/pages\/2504\/revisions\/3299"}],"wp:attachment":[{"href":"https:\/\/dynaflow.de\/fr\/wp-json\/wp\/v2\/media?parent=2504"}],"curies":[{"name":"wp","href":"https:\/\/api.w.org\/{rel}","templated":true}]}}