{"id":2705,"date":"2025-10-28T20:42:57","date_gmt":"2025-10-28T19:42:57","guid":{"rendered":"https:\/\/dynaflow.de\/flujos-de-trabajo\/"},"modified":"2026-02-08T21:17:52","modified_gmt":"2026-02-08T20:17:52","slug":"flujos-de-trabajo","status":"publish","type":"page","link":"https:\/\/dynaflow.de\/es\/flujos-de-trabajo\/","title":{"rendered":"Flujos de trabajo"},"content":{"rendered":"","protected":false},"excerpt":{"rendered":"","protected":false},"author":2,"featured_media":0,"parent":0,"menu_order":0,"comment_status":"closed","ping_status":"closed","template":"","meta":{"_acf_changed":false,"footnotes":""},"class_list":["post-2705","page","type-page","status-publish","hentry"],"acf":[],"yoast_head":"<!-- This site is optimized with the Yoast SEO plugin v26.9 - https:\/\/yoast.com\/product\/yoast-seo-wordpress\/ -->\n<title>Flujos de trabajo - Dynaflow Technology Creaci\u00f3n de software de automatizaci\u00f3n para 3PL<\/title>\n<meta name=\"description\" content=\"Creaci\u00f3n de automatizaci\u00f3n para 3PL. Flujos de trabajo m\u00e1s inteligentes para sus clientes. Convierta las tareas log\u00edsticas repetitivas en flujos de trabajo automatizados basados en datos. Con FlowOMS, sus clientes pueden activar acciones personalizadas, desde notificaciones de env\u00edo con la marca hasta inserciones de productos inteligentes, mientras usted mantiene el control de la l\u00f3gica de backend. Es la automatizaci\u00f3n hecha para el fulfillment. Software para proveedores de 3PL (eCommerce Fulfillment). Desarrollado por IA\" \/>\n<meta name=\"robots\" content=\"index, follow, max-snippet:-1, max-image-preview:large, max-video-preview:-1\" \/>\n<link rel=\"canonical\" href=\"https:\/\/dynaflow.de\/es\/flujos-de-trabajo\/\" \/>\n<meta property=\"og:locale\" content=\"es_ES\" \/>\n<meta property=\"og:type\" content=\"article\" \/>\n<meta property=\"og:title\" content=\"Flujos de trabajo - Creaci\u00f3n de software de automatizaci\u00f3n de Dynaflow Technology para 3PL\" \/>\n<meta property=\"og:description\" content=\"Creaci\u00f3n de automatizaci\u00f3n para 3PL. Flujos de trabajo m\u00e1s inteligentes para sus clientes. Convierta las tareas log\u00edsticas repetitivas en flujos de trabajo automatizados basados en datos. Con FlowOMS, sus clientes pueden activar acciones personalizadas, desde notificaciones de env\u00edo con la marca hasta inserciones de productos inteligentes, mientras usted mantiene el control de la l\u00f3gica de backend. Es la automatizaci\u00f3n hecha para el fulfillment. Software para proveedores de 3PL (eCommerce Fulfillment). Desarrollado por IA\" \/>\n<meta property=\"og:url\" content=\"https:\/\/dynaflow.de\/es\/flujos-de-trabajo\/\" \/>\n<meta property=\"og:site_name\" content=\"Dynaflow Technology\" \/>\n<meta property=\"article:modified_time\" content=\"2026-02-08T20:17:52+00:00\" \/>\n<meta name=\"twitter:card\" content=\"summary_large_image\" \/>\n<script type=\"application\/ld+json\" class=\"yoast-schema-graph\">{\"@context\":\"https:\/\/schema.org\",\"@graph\":[{\"@type\":\"WebPage\",\"@id\":\"https:\/\/dynaflow.de\/es\/flujos-de-trabajo\/\",\"url\":\"https:\/\/dynaflow.de\/es\/flujos-de-trabajo\/\",\"name\":\"Flujos de trabajo - Dynaflow Technology Creaci\u00f3n de software de automatizaci\u00f3n para 3PL\",\"isPartOf\":{\"@id\":\"https:\/\/dynaflow.de\/es\/#website\"},\"datePublished\":\"2025-10-28T19:42:57+00:00\",\"dateModified\":\"2026-02-08T20:17:52+00:00\",\"description\":\"Creaci\u00f3n de automatizaci\u00f3n para 3PL. Flujos de trabajo m\u00e1s inteligentes para sus clientes. Convierta las tareas log\u00edsticas repetitivas en flujos de trabajo automatizados basados en datos. Con FlowOMS, sus clientes pueden activar acciones personalizadas, desde notificaciones de env\u00edo con la marca hasta inserciones de productos inteligentes, mientras usted mantiene el control de la l\u00f3gica de backend. Es la automatizaci\u00f3n hecha para el fulfillment. Software para proveedores de 3PL (eCommerce Fulfillment). Desarrollado por IA\",\"breadcrumb\":{\"@id\":\"https:\/\/dynaflow.de\/es\/flujos-de-trabajo\/#breadcrumb\"},\"inLanguage\":\"es-ES\",\"potentialAction\":[{\"@type\":\"ReadAction\",\"target\":[\"https:\/\/dynaflow.de\/es\/flujos-de-trabajo\/\"]}]},{\"@type\":\"BreadcrumbList\",\"@id\":\"https:\/\/dynaflow.de\/es\/flujos-de-trabajo\/#breadcrumb\",\"itemListElement\":[{\"@type\":\"ListItem\",\"position\":1,\"name\":\"Home\",\"item\":\"https:\/\/dynaflow.de\/es\/\"},{\"@type\":\"ListItem\",\"position\":2,\"name\":\"Flujos de trabajo\"}]},{\"@type\":\"WebSite\",\"@id\":\"https:\/\/dynaflow.de\/es\/#website\",\"url\":\"https:\/\/dynaflow.de\/es\/\",\"name\":\"Dynaflow Technology\",\"description\":\"\",\"potentialAction\":[{\"@type\":\"SearchAction\",\"target\":{\"@type\":\"EntryPoint\",\"urlTemplate\":\"https:\/\/dynaflow.de\/es\/?s={search_term_string}\"},\"query-input\":{\"@type\":\"PropertyValueSpecification\",\"valueRequired\":true,\"valueName\":\"search_term_string\"}}],\"inLanguage\":\"es-ES\"}]}<\/script>\n<!-- \/ Yoast SEO plugin. -->","yoast_head_json":{"title":"Flujos de trabajo - Dynaflow Technology Creaci\u00f3n de software de automatizaci\u00f3n para 3PL","description":"Creaci\u00f3n de automatizaci\u00f3n para 3PL. Flujos de trabajo m\u00e1s inteligentes para sus clientes. Convierta las tareas log\u00edsticas repetitivas en flujos de trabajo automatizados basados en datos. Con FlowOMS, sus clientes pueden activar acciones personalizadas, desde notificaciones de env\u00edo con la marca hasta inserciones de productos inteligentes, mientras usted mantiene el control de la l\u00f3gica de backend. Es la automatizaci\u00f3n hecha para el fulfillment. Software para proveedores de 3PL (eCommerce Fulfillment). Desarrollado por IA","robots":{"index":"index","follow":"follow","max-snippet":"max-snippet:-1","max-image-preview":"max-image-preview:large","max-video-preview":"max-video-preview:-1"},"canonical":"https:\/\/dynaflow.de\/es\/flujos-de-trabajo\/","og_locale":"es_ES","og_type":"article","og_title":"Flujos de trabajo - Creaci\u00f3n de software de automatizaci\u00f3n de Dynaflow Technology para 3PL","og_description":"Creaci\u00f3n de automatizaci\u00f3n para 3PL. Flujos de trabajo m\u00e1s inteligentes para sus clientes. Convierta las tareas log\u00edsticas repetitivas en flujos de trabajo automatizados basados en datos. Con FlowOMS, sus clientes pueden activar acciones personalizadas, desde notificaciones de env\u00edo con la marca hasta inserciones de productos inteligentes, mientras usted mantiene el control de la l\u00f3gica de backend. Es la automatizaci\u00f3n hecha para el fulfillment. Software para proveedores de 3PL (eCommerce Fulfillment). Desarrollado por IA","og_url":"https:\/\/dynaflow.de\/es\/flujos-de-trabajo\/","og_site_name":"Dynaflow Technology","article_modified_time":"2026-02-08T20:17:52+00:00","twitter_card":"summary_large_image","schema":{"@context":"https:\/\/schema.org","@graph":[{"@type":"WebPage","@id":"https:\/\/dynaflow.de\/es\/flujos-de-trabajo\/","url":"https:\/\/dynaflow.de\/es\/flujos-de-trabajo\/","name":"Flujos de trabajo - Dynaflow Technology Creaci\u00f3n de software de automatizaci\u00f3n para 3PL","isPartOf":{"@id":"https:\/\/dynaflow.de\/es\/#website"},"datePublished":"2025-10-28T19:42:57+00:00","dateModified":"2026-02-08T20:17:52+00:00","description":"Creaci\u00f3n de automatizaci\u00f3n para 3PL. Flujos de trabajo m\u00e1s inteligentes para sus clientes. Convierta las tareas log\u00edsticas repetitivas en flujos de trabajo automatizados basados en datos. Con FlowOMS, sus clientes pueden activar acciones personalizadas, desde notificaciones de env\u00edo con la marca hasta inserciones de productos inteligentes, mientras usted mantiene el control de la l\u00f3gica de backend. Es la automatizaci\u00f3n hecha para el fulfillment. Software para proveedores de 3PL (eCommerce Fulfillment). Desarrollado por IA","breadcrumb":{"@id":"https:\/\/dynaflow.de\/es\/flujos-de-trabajo\/#breadcrumb"},"inLanguage":"es-ES","potentialAction":[{"@type":"ReadAction","target":["https:\/\/dynaflow.de\/es\/flujos-de-trabajo\/"]}]},{"@type":"BreadcrumbList","@id":"https:\/\/dynaflow.de\/es\/flujos-de-trabajo\/#breadcrumb","itemListElement":[{"@type":"ListItem","position":1,"name":"Home","item":"https:\/\/dynaflow.de\/es\/"},{"@type":"ListItem","position":2,"name":"Flujos de trabajo"}]},{"@type":"WebSite","@id":"https:\/\/dynaflow.de\/es\/#website","url":"https:\/\/dynaflow.de\/es\/","name":"Dynaflow Technology","description":"","potentialAction":[{"@type":"SearchAction","target":{"@type":"EntryPoint","urlTemplate":"https:\/\/dynaflow.de\/es\/?s={search_term_string}"},"query-input":{"@type":"PropertyValueSpecification","valueRequired":true,"valueName":"search_term_string"}}],"inLanguage":"es-ES"}]}},"_links":{"self":[{"href":"https:\/\/dynaflow.de\/es\/wp-json\/wp\/v2\/pages\/2705","targetHints":{"allow":["GET"]}}],"collection":[{"href":"https:\/\/dynaflow.de\/es\/wp-json\/wp\/v2\/pages"}],"about":[{"href":"https:\/\/dynaflow.de\/es\/wp-json\/wp\/v2\/types\/page"}],"author":[{"embeddable":true,"href":"https:\/\/dynaflow.de\/es\/wp-json\/wp\/v2\/users\/2"}],"replies":[{"embeddable":true,"href":"https:\/\/dynaflow.de\/es\/wp-json\/wp\/v2\/comments?post=2705"}],"version-history":[{"count":1,"href":"https:\/\/dynaflow.de\/es\/wp-json\/wp\/v2\/pages\/2705\/revisions"}],"predecessor-version":[{"id":3315,"href":"https:\/\/dynaflow.de\/es\/wp-json\/wp\/v2\/pages\/2705\/revisions\/3315"}],"wp:attachment":[{"href":"https:\/\/dynaflow.de\/es\/wp-json\/wp\/v2\/media?parent=2705"}],"curies":[{"name":"wp","href":"https:\/\/api.w.org\/{rel}","templated":true}]}}