{"id":2694,"date":"2025-10-28T20:45:00","date_gmt":"2025-10-28T19:45:00","guid":{"rendered":"https:\/\/dynaflow.de\/casos\/"},"modified":"2026-02-08T21:14:37","modified_gmt":"2026-02-08T20:14:37","slug":"casos","status":"publish","type":"page","link":"https:\/\/dynaflow.de\/es\/casos\/","title":{"rendered":"Casos"},"content":{"rendered":"","protected":false},"excerpt":{"rendered":"","protected":false},"author":2,"featured_media":0,"parent":0,"menu_order":0,"comment_status":"closed","ping_status":"closed","template":"","meta":{"_acf_changed":false,"footnotes":""},"class_list":["post-2694","page","type-page","status-publish","hentry"],"acf":[],"yoast_head":"<!-- This site is optimized with the Yoast SEO plugin v26.9 - https:\/\/yoast.com\/product\/yoast-seo-wordpress\/ -->\n<title>Casos - Dynaflow Technology Software para proveedores 3PL<\/title>\n<meta name=\"description\" content=\"Toda la comunicaci\u00f3n conectada a lo que importaCon FlowOMS Cases, cada problema permanece exactamente donde debe estar. Los tickets de soporte se pueden crear directamente desde cualquier objeto: un env\u00edo, un producto o una entrega entrante, y toda la comunicaci\u00f3n se rastrea en un solo lugar. Gesti\u00f3n de operaciones y gesti\u00f3n de transportistas impulsadas por IA\" \/>\n<meta name=\"robots\" content=\"index, follow, max-snippet:-1, max-image-preview:large, max-video-preview:-1\" \/>\n<link rel=\"canonical\" href=\"https:\/\/dynaflow.de\/es\/casos\/\" \/>\n<meta property=\"og:locale\" content=\"es_ES\" \/>\n<meta property=\"og:type\" content=\"article\" \/>\n<meta property=\"og:title\" content=\"Casos - Dynaflow Technology Software para proveedores 3PL\" \/>\n<meta property=\"og:description\" content=\"Toda la comunicaci\u00f3n conectada a lo que importaCon FlowOMS Cases, cada problema permanece exactamente donde debe estar. Los tickets de soporte se pueden crear directamente desde cualquier objeto: un env\u00edo, un producto o una entrega entrante, y toda la comunicaci\u00f3n se rastrea en un solo lugar. Gesti\u00f3n de operaciones y gesti\u00f3n de transportistas impulsadas por IA\" \/>\n<meta property=\"og:url\" content=\"https:\/\/dynaflow.de\/es\/casos\/\" \/>\n<meta property=\"og:site_name\" content=\"Dynaflow Technology\" \/>\n<meta property=\"article:modified_time\" content=\"2026-02-08T20:14:37+00:00\" \/>\n<meta name=\"twitter:card\" content=\"summary_large_image\" \/>\n<script type=\"application\/ld+json\" class=\"yoast-schema-graph\">{\"@context\":\"https:\/\/schema.org\",\"@graph\":[{\"@type\":\"WebPage\",\"@id\":\"https:\/\/dynaflow.de\/es\/casos\/\",\"url\":\"https:\/\/dynaflow.de\/es\/casos\/\",\"name\":\"Casos - Dynaflow Technology Software para proveedores 3PL\",\"isPartOf\":{\"@id\":\"https:\/\/dynaflow.de\/es\/#website\"},\"datePublished\":\"2025-10-28T19:45:00+00:00\",\"dateModified\":\"2026-02-08T20:14:37+00:00\",\"description\":\"Toda la comunicaci\u00f3n conectada a lo que importaCon FlowOMS Cases, cada problema permanece exactamente donde debe estar. Los tickets de soporte se pueden crear directamente desde cualquier objeto: un env\u00edo, un producto o una entrega entrante, y toda la comunicaci\u00f3n se rastrea en un solo lugar. Gesti\u00f3n de operaciones y gesti\u00f3n de transportistas impulsadas por IA\",\"breadcrumb\":{\"@id\":\"https:\/\/dynaflow.de\/es\/casos\/#breadcrumb\"},\"inLanguage\":\"es-ES\",\"potentialAction\":[{\"@type\":\"ReadAction\",\"target\":[\"https:\/\/dynaflow.de\/es\/casos\/\"]}]},{\"@type\":\"BreadcrumbList\",\"@id\":\"https:\/\/dynaflow.de\/es\/casos\/#breadcrumb\",\"itemListElement\":[{\"@type\":\"ListItem\",\"position\":1,\"name\":\"Home\",\"item\":\"https:\/\/dynaflow.de\/es\/\"},{\"@type\":\"ListItem\",\"position\":2,\"name\":\"Casos\"}]},{\"@type\":\"WebSite\",\"@id\":\"https:\/\/dynaflow.de\/es\/#website\",\"url\":\"https:\/\/dynaflow.de\/es\/\",\"name\":\"Dynaflow Technology\",\"description\":\"\",\"potentialAction\":[{\"@type\":\"SearchAction\",\"target\":{\"@type\":\"EntryPoint\",\"urlTemplate\":\"https:\/\/dynaflow.de\/es\/?s={search_term_string}\"},\"query-input\":{\"@type\":\"PropertyValueSpecification\",\"valueRequired\":true,\"valueName\":\"search_term_string\"}}],\"inLanguage\":\"es-ES\"}]}<\/script>\n<!-- \/ Yoast SEO plugin. -->","yoast_head_json":{"title":"Casos - Dynaflow Technology Software para proveedores 3PL","description":"Toda la comunicaci\u00f3n conectada a lo que importaCon FlowOMS Cases, cada problema permanece exactamente donde debe estar. Los tickets de soporte se pueden crear directamente desde cualquier objeto: un env\u00edo, un producto o una entrega entrante, y toda la comunicaci\u00f3n se rastrea en un solo lugar. Gesti\u00f3n de operaciones y gesti\u00f3n de transportistas impulsadas por IA","robots":{"index":"index","follow":"follow","max-snippet":"max-snippet:-1","max-image-preview":"max-image-preview:large","max-video-preview":"max-video-preview:-1"},"canonical":"https:\/\/dynaflow.de\/es\/casos\/","og_locale":"es_ES","og_type":"article","og_title":"Casos - Dynaflow Technology Software para proveedores 3PL","og_description":"Toda la comunicaci\u00f3n conectada a lo que importaCon FlowOMS Cases, cada problema permanece exactamente donde debe estar. Los tickets de soporte se pueden crear directamente desde cualquier objeto: un env\u00edo, un producto o una entrega entrante, y toda la comunicaci\u00f3n se rastrea en un solo lugar. Gesti\u00f3n de operaciones y gesti\u00f3n de transportistas impulsadas por IA","og_url":"https:\/\/dynaflow.de\/es\/casos\/","og_site_name":"Dynaflow Technology","article_modified_time":"2026-02-08T20:14:37+00:00","twitter_card":"summary_large_image","schema":{"@context":"https:\/\/schema.org","@graph":[{"@type":"WebPage","@id":"https:\/\/dynaflow.de\/es\/casos\/","url":"https:\/\/dynaflow.de\/es\/casos\/","name":"Casos - Dynaflow Technology Software para proveedores 3PL","isPartOf":{"@id":"https:\/\/dynaflow.de\/es\/#website"},"datePublished":"2025-10-28T19:45:00+00:00","dateModified":"2026-02-08T20:14:37+00:00","description":"Toda la comunicaci\u00f3n conectada a lo que importaCon FlowOMS Cases, cada problema permanece exactamente donde debe estar. Los tickets de soporte se pueden crear directamente desde cualquier objeto: un env\u00edo, un producto o una entrega entrante, y toda la comunicaci\u00f3n se rastrea en un solo lugar. Gesti\u00f3n de operaciones y gesti\u00f3n de transportistas impulsadas por IA","breadcrumb":{"@id":"https:\/\/dynaflow.de\/es\/casos\/#breadcrumb"},"inLanguage":"es-ES","potentialAction":[{"@type":"ReadAction","target":["https:\/\/dynaflow.de\/es\/casos\/"]}]},{"@type":"BreadcrumbList","@id":"https:\/\/dynaflow.de\/es\/casos\/#breadcrumb","itemListElement":[{"@type":"ListItem","position":1,"name":"Home","item":"https:\/\/dynaflow.de\/es\/"},{"@type":"ListItem","position":2,"name":"Casos"}]},{"@type":"WebSite","@id":"https:\/\/dynaflow.de\/es\/#website","url":"https:\/\/dynaflow.de\/es\/","name":"Dynaflow Technology","description":"","potentialAction":[{"@type":"SearchAction","target":{"@type":"EntryPoint","urlTemplate":"https:\/\/dynaflow.de\/es\/?s={search_term_string}"},"query-input":{"@type":"PropertyValueSpecification","valueRequired":true,"valueName":"search_term_string"}}],"inLanguage":"es-ES"}]}},"_links":{"self":[{"href":"https:\/\/dynaflow.de\/es\/wp-json\/wp\/v2\/pages\/2694","targetHints":{"allow":["GET"]}}],"collection":[{"href":"https:\/\/dynaflow.de\/es\/wp-json\/wp\/v2\/pages"}],"about":[{"href":"https:\/\/dynaflow.de\/es\/wp-json\/wp\/v2\/types\/page"}],"author":[{"embeddable":true,"href":"https:\/\/dynaflow.de\/es\/wp-json\/wp\/v2\/users\/2"}],"replies":[{"embeddable":true,"href":"https:\/\/dynaflow.de\/es\/wp-json\/wp\/v2\/comments?post=2694"}],"version-history":[{"count":1,"href":"https:\/\/dynaflow.de\/es\/wp-json\/wp\/v2\/pages\/2694\/revisions"}],"predecessor-version":[{"id":3316,"href":"https:\/\/dynaflow.de\/es\/wp-json\/wp\/v2\/pages\/2694\/revisions\/3316"}],"wp:attachment":[{"href":"https:\/\/dynaflow.de\/es\/wp-json\/wp\/v2\/media?parent=2694"}],"curies":[{"name":"wp","href":"https:\/\/api.w.org\/{rel}","templated":true}]}}