{"id":2616,"date":"2025-10-28T20:41:12","date_gmt":"2025-10-28T19:41:12","guid":{"rendered":"https:\/\/dynaflow.de\/gestion-y-analisis-de-transportistas\/"},"modified":"2026-02-08T21:14:27","modified_gmt":"2026-02-08T20:14:27","slug":"gestion-y-analisis-de-transportistas","status":"publish","type":"page","link":"https:\/\/dynaflow.de\/es\/gestion-y-analisis-de-transportistas\/","title":{"rendered":"Gesti\u00f3n y an\u00e1lisis de transportistas"},"content":{"rendered":"","protected":false},"excerpt":{"rendered":"","protected":false},"author":2,"featured_media":0,"parent":0,"menu_order":0,"comment_status":"closed","ping_status":"closed","template":"","meta":{"_acf_changed":false,"footnotes":""},"class_list":["post-2616","page","type-page","status-publish","hentry"],"acf":[],"yoast_head":"<!-- This site is optimized with the Yoast SEO plugin v26.9 - https:\/\/yoast.com\/product\/yoast-seo-wordpress\/ -->\n<title>Gesti\u00f3n y an\u00e1lisis de transportistas - Dynaflow Technology Software para proveedores 3PL<\/title>\n<meta name=\"description\" content=\"El env\u00edo es una de las partes m\u00e1s complejas del fulfillment, especialmente entre varios clientes. FlowOMS le permite definir transportistas, regiones de servicio y reglas de env\u00edo, a la vez que ofrece a sus clientes informaci\u00f3n de seguimiento y entrega en tiempo real en un solo lugar. Software para proveedores 3PL (eCommerce Fulfillment).\" \/>\n<meta name=\"robots\" content=\"index, follow, max-snippet:-1, max-image-preview:large, max-video-preview:-1\" \/>\n<link rel=\"canonical\" href=\"https:\/\/dynaflow.de\/es\/gestion-y-analisis-de-transportistas\/\" \/>\n<meta property=\"og:locale\" content=\"es_ES\" \/>\n<meta property=\"og:type\" content=\"article\" \/>\n<meta property=\"og:title\" content=\"Gesti\u00f3n y an\u00e1lisis de transportistas - Dynaflow Technology Software para 3PL\" \/>\n<meta property=\"og:description\" content=\"El env\u00edo es una de las partes m\u00e1s complejas del fulfillment, especialmente entre varios clientes. FlowOMS le permite definir transportistas, regiones de servicio y reglas de env\u00edo, a la vez que ofrece a sus clientes informaci\u00f3n de seguimiento y entrega en tiempo real en un solo lugar. Software para proveedores 3PL (eCommerce Fulfillment).\" \/>\n<meta property=\"og:url\" content=\"https:\/\/dynaflow.de\/es\/gestion-y-analisis-de-transportistas\/\" \/>\n<meta property=\"og:site_name\" content=\"Dynaflow Technology\" \/>\n<meta property=\"article:modified_time\" content=\"2026-02-08T20:14:27+00:00\" \/>\n<meta name=\"twitter:card\" content=\"summary_large_image\" \/>\n<script type=\"application\/ld+json\" class=\"yoast-schema-graph\">{\"@context\":\"https:\/\/schema.org\",\"@graph\":[{\"@type\":\"WebPage\",\"@id\":\"https:\/\/dynaflow.de\/es\/gestion-y-analisis-de-transportistas\/\",\"url\":\"https:\/\/dynaflow.de\/es\/gestion-y-analisis-de-transportistas\/\",\"name\":\"Gesti\u00f3n y an\u00e1lisis de transportistas - Dynaflow Technology Software para proveedores 3PL\",\"isPartOf\":{\"@id\":\"https:\/\/dynaflow.de\/es\/#website\"},\"datePublished\":\"2025-10-28T19:41:12+00:00\",\"dateModified\":\"2026-02-08T20:14:27+00:00\",\"description\":\"El env\u00edo es una de las partes m\u00e1s complejas del fulfillment, especialmente entre varios clientes. FlowOMS le permite definir transportistas, regiones de servicio y reglas de env\u00edo, a la vez que ofrece a sus clientes informaci\u00f3n de seguimiento y entrega en tiempo real en un solo lugar. Software para proveedores 3PL (eCommerce Fulfillment).\",\"breadcrumb\":{\"@id\":\"https:\/\/dynaflow.de\/es\/gestion-y-analisis-de-transportistas\/#breadcrumb\"},\"inLanguage\":\"es-ES\",\"potentialAction\":[{\"@type\":\"ReadAction\",\"target\":[\"https:\/\/dynaflow.de\/es\/gestion-y-analisis-de-transportistas\/\"]}]},{\"@type\":\"BreadcrumbList\",\"@id\":\"https:\/\/dynaflow.de\/es\/gestion-y-analisis-de-transportistas\/#breadcrumb\",\"itemListElement\":[{\"@type\":\"ListItem\",\"position\":1,\"name\":\"Home\",\"item\":\"https:\/\/dynaflow.de\/es\/\"},{\"@type\":\"ListItem\",\"position\":2,\"name\":\"Gesti\u00f3n y an\u00e1lisis de transportistas\"}]},{\"@type\":\"WebSite\",\"@id\":\"https:\/\/dynaflow.de\/es\/#website\",\"url\":\"https:\/\/dynaflow.de\/es\/\",\"name\":\"Dynaflow Technology\",\"description\":\"\",\"potentialAction\":[{\"@type\":\"SearchAction\",\"target\":{\"@type\":\"EntryPoint\",\"urlTemplate\":\"https:\/\/dynaflow.de\/es\/?s={search_term_string}\"},\"query-input\":{\"@type\":\"PropertyValueSpecification\",\"valueRequired\":true,\"valueName\":\"search_term_string\"}}],\"inLanguage\":\"es-ES\"}]}<\/script>\n<!-- \/ Yoast SEO plugin. -->","yoast_head_json":{"title":"Gesti\u00f3n y an\u00e1lisis de transportistas - Dynaflow Technology Software para proveedores 3PL","description":"El env\u00edo es una de las partes m\u00e1s complejas del fulfillment, especialmente entre varios clientes. FlowOMS le permite definir transportistas, regiones de servicio y reglas de env\u00edo, a la vez que ofrece a sus clientes informaci\u00f3n de seguimiento y entrega en tiempo real en un solo lugar. Software para proveedores 3PL (eCommerce Fulfillment).","robots":{"index":"index","follow":"follow","max-snippet":"max-snippet:-1","max-image-preview":"max-image-preview:large","max-video-preview":"max-video-preview:-1"},"canonical":"https:\/\/dynaflow.de\/es\/gestion-y-analisis-de-transportistas\/","og_locale":"es_ES","og_type":"article","og_title":"Gesti\u00f3n y an\u00e1lisis de transportistas - Dynaflow Technology Software para 3PL","og_description":"El env\u00edo es una de las partes m\u00e1s complejas del fulfillment, especialmente entre varios clientes. FlowOMS le permite definir transportistas, regiones de servicio y reglas de env\u00edo, a la vez que ofrece a sus clientes informaci\u00f3n de seguimiento y entrega en tiempo real en un solo lugar. Software para proveedores 3PL (eCommerce Fulfillment).","og_url":"https:\/\/dynaflow.de\/es\/gestion-y-analisis-de-transportistas\/","og_site_name":"Dynaflow Technology","article_modified_time":"2026-02-08T20:14:27+00:00","twitter_card":"summary_large_image","schema":{"@context":"https:\/\/schema.org","@graph":[{"@type":"WebPage","@id":"https:\/\/dynaflow.de\/es\/gestion-y-analisis-de-transportistas\/","url":"https:\/\/dynaflow.de\/es\/gestion-y-analisis-de-transportistas\/","name":"Gesti\u00f3n y an\u00e1lisis de transportistas - Dynaflow Technology Software para proveedores 3PL","isPartOf":{"@id":"https:\/\/dynaflow.de\/es\/#website"},"datePublished":"2025-10-28T19:41:12+00:00","dateModified":"2026-02-08T20:14:27+00:00","description":"El env\u00edo es una de las partes m\u00e1s complejas del fulfillment, especialmente entre varios clientes. FlowOMS le permite definir transportistas, regiones de servicio y reglas de env\u00edo, a la vez que ofrece a sus clientes informaci\u00f3n de seguimiento y entrega en tiempo real en un solo lugar. Software para proveedores 3PL (eCommerce Fulfillment).","breadcrumb":{"@id":"https:\/\/dynaflow.de\/es\/gestion-y-analisis-de-transportistas\/#breadcrumb"},"inLanguage":"es-ES","potentialAction":[{"@type":"ReadAction","target":["https:\/\/dynaflow.de\/es\/gestion-y-analisis-de-transportistas\/"]}]},{"@type":"BreadcrumbList","@id":"https:\/\/dynaflow.de\/es\/gestion-y-analisis-de-transportistas\/#breadcrumb","itemListElement":[{"@type":"ListItem","position":1,"name":"Home","item":"https:\/\/dynaflow.de\/es\/"},{"@type":"ListItem","position":2,"name":"Gesti\u00f3n y an\u00e1lisis de transportistas"}]},{"@type":"WebSite","@id":"https:\/\/dynaflow.de\/es\/#website","url":"https:\/\/dynaflow.de\/es\/","name":"Dynaflow Technology","description":"","potentialAction":[{"@type":"SearchAction","target":{"@type":"EntryPoint","urlTemplate":"https:\/\/dynaflow.de\/es\/?s={search_term_string}"},"query-input":{"@type":"PropertyValueSpecification","valueRequired":true,"valueName":"search_term_string"}}],"inLanguage":"es-ES"}]}},"_links":{"self":[{"href":"https:\/\/dynaflow.de\/es\/wp-json\/wp\/v2\/pages\/2616","targetHints":{"allow":["GET"]}}],"collection":[{"href":"https:\/\/dynaflow.de\/es\/wp-json\/wp\/v2\/pages"}],"about":[{"href":"https:\/\/dynaflow.de\/es\/wp-json\/wp\/v2\/types\/page"}],"author":[{"embeddable":true,"href":"https:\/\/dynaflow.de\/es\/wp-json\/wp\/v2\/users\/2"}],"replies":[{"embeddable":true,"href":"https:\/\/dynaflow.de\/es\/wp-json\/wp\/v2\/comments?post=2616"}],"version-history":[{"count":1,"href":"https:\/\/dynaflow.de\/es\/wp-json\/wp\/v2\/pages\/2616\/revisions"}],"predecessor-version":[{"id":3326,"href":"https:\/\/dynaflow.de\/es\/wp-json\/wp\/v2\/pages\/2616\/revisions\/3326"}],"wp:attachment":[{"href":"https:\/\/dynaflow.de\/es\/wp-json\/wp\/v2\/media?parent=2616"}],"curies":[{"name":"wp","href":"https:\/\/api.w.org\/{rel}","templated":true}]}}