{"id":2593,"date":"2025-10-28T20:44:00","date_gmt":"2025-10-28T19:44:00","guid":{"rendered":"https:\/\/dynaflow.de\/chatbot-flowai\/"},"modified":"2026-02-08T21:15:32","modified_gmt":"2026-02-08T20:15:32","slug":"chatbot-flowai","status":"publish","type":"page","link":"https:\/\/dynaflow.de\/es\/chatbot-flowai\/","title":{"rendered":"Chatbot FlowAI"},"content":{"rendered":"","protected":false},"excerpt":{"rendered":"","protected":false},"author":2,"featured_media":0,"parent":0,"menu_order":0,"comment_status":"closed","ping_status":"closed","template":"","meta":{"_acf_changed":false,"footnotes":""},"class_list":["post-2593","page","type-page","status-publish","hentry"],"acf":[],"yoast_head":"<!-- This site is optimized with the Yoast SEO plugin v26.9 - https:\/\/yoast.com\/product\/yoast-seo-wordpress\/ -->\n<title>Chatbot FlowAI - Dynaflow Technology Software para eCommerce fulfillment<\/title>\n<meta name=\"description\" content=\"FlowAI es el asistente de chat inteligente integrado en FlowOMS. Ofrece a sus clientes respuestas instant\u00e1neas, datos en tiempo real y la capacidad de actuar, todo ello a trav\u00e9s del lenguaje natural. Desde la comprobaci\u00f3n del estado de los env\u00edos hasta la creaci\u00f3n de informes, FlowAI convierte su portal 3PL en una experiencia en tiempo real impulsada por la IA. Software para proveedores 3PL (eCommerce fulfillment), gesti\u00f3n de operaciones y gesti\u00f3n de transportistas impulsado por IA\" \/>\n<meta name=\"robots\" content=\"index, follow, max-snippet:-1, max-image-preview:large, max-video-preview:-1\" \/>\n<link rel=\"canonical\" href=\"https:\/\/dynaflow.de\/es\/chatbot-flowai\/\" \/>\n<meta property=\"og:locale\" content=\"es_ES\" \/>\n<meta property=\"og:type\" content=\"article\" \/>\n<meta property=\"og:title\" content=\"Chatbot FlowAI \u2013 Tecnolog\u00eda Dynaflow para eCommerce fulfillment\" \/>\n<meta property=\"og:description\" content=\"FlowAI es el asistente de chat inteligente integrado en FlowOMS. Ofrece a sus clientes respuestas instant\u00e1neas, datos en tiempo real y la capacidad de actuar, todo ello a trav\u00e9s del lenguaje natural. Desde la comprobaci\u00f3n del estado de los env\u00edos hasta la creaci\u00f3n de informes, FlowAI convierte su portal 3PL en una experiencia en tiempo real impulsada por la IA. Software para proveedores 3PL (eCommerce fulfillment), gesti\u00f3n de operaciones y gesti\u00f3n de transportistas impulsado por IA\" \/>\n<meta property=\"og:url\" content=\"https:\/\/dynaflow.de\/es\/chatbot-flowai\/\" \/>\n<meta property=\"og:site_name\" content=\"Dynaflow Technology\" \/>\n<meta property=\"article:modified_time\" content=\"2026-02-08T20:15:32+00:00\" \/>\n<meta name=\"twitter:card\" content=\"summary_large_image\" \/>\n<script type=\"application\/ld+json\" class=\"yoast-schema-graph\">{\"@context\":\"https:\/\/schema.org\",\"@graph\":[{\"@type\":\"WebPage\",\"@id\":\"https:\/\/dynaflow.de\/es\/chatbot-flowai\/\",\"url\":\"https:\/\/dynaflow.de\/es\/chatbot-flowai\/\",\"name\":\"Chatbot FlowAI - Dynaflow Technology Software para eCommerce fulfillment\",\"isPartOf\":{\"@id\":\"https:\/\/dynaflow.de\/es\/#website\"},\"datePublished\":\"2025-10-28T19:44:00+00:00\",\"dateModified\":\"2026-02-08T20:15:32+00:00\",\"description\":\"FlowAI es el asistente de chat inteligente integrado en FlowOMS. Ofrece a sus clientes respuestas instant\u00e1neas, datos en tiempo real y la capacidad de actuar, todo ello a trav\u00e9s del lenguaje natural. Desde la comprobaci\u00f3n del estado de los env\u00edos hasta la creaci\u00f3n de informes, FlowAI convierte su portal 3PL en una experiencia en tiempo real impulsada por la IA. Software para proveedores 3PL (eCommerce fulfillment), gesti\u00f3n de operaciones y gesti\u00f3n de transportistas impulsado por IA\",\"breadcrumb\":{\"@id\":\"https:\/\/dynaflow.de\/es\/chatbot-flowai\/#breadcrumb\"},\"inLanguage\":\"es-ES\",\"potentialAction\":[{\"@type\":\"ReadAction\",\"target\":[\"https:\/\/dynaflow.de\/es\/chatbot-flowai\/\"]}]},{\"@type\":\"BreadcrumbList\",\"@id\":\"https:\/\/dynaflow.de\/es\/chatbot-flowai\/#breadcrumb\",\"itemListElement\":[{\"@type\":\"ListItem\",\"position\":1,\"name\":\"Home\",\"item\":\"https:\/\/dynaflow.de\/es\/\"},{\"@type\":\"ListItem\",\"position\":2,\"name\":\"Chatbot FlowAI\"}]},{\"@type\":\"WebSite\",\"@id\":\"https:\/\/dynaflow.de\/es\/#website\",\"url\":\"https:\/\/dynaflow.de\/es\/\",\"name\":\"Dynaflow Technology\",\"description\":\"\",\"potentialAction\":[{\"@type\":\"SearchAction\",\"target\":{\"@type\":\"EntryPoint\",\"urlTemplate\":\"https:\/\/dynaflow.de\/es\/?s={search_term_string}\"},\"query-input\":{\"@type\":\"PropertyValueSpecification\",\"valueRequired\":true,\"valueName\":\"search_term_string\"}}],\"inLanguage\":\"es-ES\"}]}<\/script>\n<!-- \/ Yoast SEO plugin. -->","yoast_head_json":{"title":"Chatbot FlowAI - Dynaflow Technology Software para eCommerce fulfillment","description":"FlowAI es el asistente de chat inteligente integrado en FlowOMS. Ofrece a sus clientes respuestas instant\u00e1neas, datos en tiempo real y la capacidad de actuar, todo ello a trav\u00e9s del lenguaje natural. Desde la comprobaci\u00f3n del estado de los env\u00edos hasta la creaci\u00f3n de informes, FlowAI convierte su portal 3PL en una experiencia en tiempo real impulsada por la IA. Software para proveedores 3PL (eCommerce fulfillment), gesti\u00f3n de operaciones y gesti\u00f3n de transportistas impulsado por IA","robots":{"index":"index","follow":"follow","max-snippet":"max-snippet:-1","max-image-preview":"max-image-preview:large","max-video-preview":"max-video-preview:-1"},"canonical":"https:\/\/dynaflow.de\/es\/chatbot-flowai\/","og_locale":"es_ES","og_type":"article","og_title":"Chatbot FlowAI \u2013 Tecnolog\u00eda Dynaflow para eCommerce fulfillment","og_description":"FlowAI es el asistente de chat inteligente integrado en FlowOMS. Ofrece a sus clientes respuestas instant\u00e1neas, datos en tiempo real y la capacidad de actuar, todo ello a trav\u00e9s del lenguaje natural. Desde la comprobaci\u00f3n del estado de los env\u00edos hasta la creaci\u00f3n de informes, FlowAI convierte su portal 3PL en una experiencia en tiempo real impulsada por la IA. Software para proveedores 3PL (eCommerce fulfillment), gesti\u00f3n de operaciones y gesti\u00f3n de transportistas impulsado por IA","og_url":"https:\/\/dynaflow.de\/es\/chatbot-flowai\/","og_site_name":"Dynaflow Technology","article_modified_time":"2026-02-08T20:15:32+00:00","twitter_card":"summary_large_image","schema":{"@context":"https:\/\/schema.org","@graph":[{"@type":"WebPage","@id":"https:\/\/dynaflow.de\/es\/chatbot-flowai\/","url":"https:\/\/dynaflow.de\/es\/chatbot-flowai\/","name":"Chatbot FlowAI - Dynaflow Technology Software para eCommerce fulfillment","isPartOf":{"@id":"https:\/\/dynaflow.de\/es\/#website"},"datePublished":"2025-10-28T19:44:00+00:00","dateModified":"2026-02-08T20:15:32+00:00","description":"FlowAI es el asistente de chat inteligente integrado en FlowOMS. Ofrece a sus clientes respuestas instant\u00e1neas, datos en tiempo real y la capacidad de actuar, todo ello a trav\u00e9s del lenguaje natural. Desde la comprobaci\u00f3n del estado de los env\u00edos hasta la creaci\u00f3n de informes, FlowAI convierte su portal 3PL en una experiencia en tiempo real impulsada por la IA. Software para proveedores 3PL (eCommerce fulfillment), gesti\u00f3n de operaciones y gesti\u00f3n de transportistas impulsado por IA","breadcrumb":{"@id":"https:\/\/dynaflow.de\/es\/chatbot-flowai\/#breadcrumb"},"inLanguage":"es-ES","potentialAction":[{"@type":"ReadAction","target":["https:\/\/dynaflow.de\/es\/chatbot-flowai\/"]}]},{"@type":"BreadcrumbList","@id":"https:\/\/dynaflow.de\/es\/chatbot-flowai\/#breadcrumb","itemListElement":[{"@type":"ListItem","position":1,"name":"Home","item":"https:\/\/dynaflow.de\/es\/"},{"@type":"ListItem","position":2,"name":"Chatbot FlowAI"}]},{"@type":"WebSite","@id":"https:\/\/dynaflow.de\/es\/#website","url":"https:\/\/dynaflow.de\/es\/","name":"Dynaflow Technology","description":"","potentialAction":[{"@type":"SearchAction","target":{"@type":"EntryPoint","urlTemplate":"https:\/\/dynaflow.de\/es\/?s={search_term_string}"},"query-input":{"@type":"PropertyValueSpecification","valueRequired":true,"valueName":"search_term_string"}}],"inLanguage":"es-ES"}]}},"_links":{"self":[{"href":"https:\/\/dynaflow.de\/es\/wp-json\/wp\/v2\/pages\/2593","targetHints":{"allow":["GET"]}}],"collection":[{"href":"https:\/\/dynaflow.de\/es\/wp-json\/wp\/v2\/pages"}],"about":[{"href":"https:\/\/dynaflow.de\/es\/wp-json\/wp\/v2\/types\/page"}],"author":[{"embeddable":true,"href":"https:\/\/dynaflow.de\/es\/wp-json\/wp\/v2\/users\/2"}],"replies":[{"embeddable":true,"href":"https:\/\/dynaflow.de\/es\/wp-json\/wp\/v2\/comments?post=2593"}],"version-history":[{"count":1,"href":"https:\/\/dynaflow.de\/es\/wp-json\/wp\/v2\/pages\/2593\/revisions"}],"predecessor-version":[{"id":3306,"href":"https:\/\/dynaflow.de\/es\/wp-json\/wp\/v2\/pages\/2593\/revisions\/3306"}],"wp:attachment":[{"href":"https:\/\/dynaflow.de\/es\/wp-json\/wp\/v2\/media?parent=2593"}],"curies":[{"name":"wp","href":"https:\/\/api.w.org\/{rel}","templated":true}]}}