{"id":2515,"date":"2025-10-28T12:45:26","date_gmt":"2025-10-28T11:45:26","guid":{"rendered":"https:\/\/dynaflow.de\/wms-para-3pl\/"},"modified":"2026-02-08T21:17:39","modified_gmt":"2026-02-08T20:17:39","slug":"wms-para-3pl","status":"publish","type":"page","link":"https:\/\/dynaflow.de\/es\/wms-para-3pl\/","title":{"rendered":"WMS para 3PL"},"content":{"rendered":"","protected":false},"excerpt":{"rendered":"","protected":false},"author":2,"featured_media":0,"parent":0,"menu_order":0,"comment_status":"closed","ping_status":"closed","template":"","meta":{"_acf_changed":false,"footnotes":""},"class_list":["post-2515","page","type-page","status-publish","hentry"],"acf":[],"yoast_head":"<!-- This site is optimized with the Yoast SEO plugin v26.9 - https:\/\/yoast.com\/product\/yoast-seo-wordpress\/ -->\n<title>WMS para 3PL - Dynaflow Technology con tecnolog\u00eda de IA<\/title>\n<meta name=\"description\" content=\"El sistema de gesti\u00f3n de almacenes creado para proveedores 3PL. Software para proveedores 3PL (eCommerce Fulfillment). Nuestro WMS est\u00e1 dise\u00f1ado espec\u00edficamente para la complejidad del fulfillment de m\u00faltiples clientes: flexible, automatizado y listo para escalar. Creado por expertos en log\u00edstica, hecho para ejecutar sus operaciones con precisi\u00f3n y eficiencia. Gesti\u00f3n de operaciones y gesti\u00f3n de transportistas con tecnolog\u00eda de IA\" \/>\n<meta name=\"robots\" content=\"index, follow, max-snippet:-1, max-image-preview:large, max-video-preview:-1\" \/>\n<link rel=\"canonical\" href=\"https:\/\/dynaflow.de\/es\/wms-para-3pl\/\" \/>\n<meta property=\"og:locale\" content=\"es_ES\" \/>\n<meta property=\"og:type\" content=\"article\" \/>\n<meta property=\"og:title\" content=\"El sistema de gesti\u00f3n de almacenes creado para proveedores 3PL\" \/>\n<meta property=\"og:description\" content=\"El sistema de gesti\u00f3n de almacenes creado para proveedores 3PL. Software para proveedores 3PL (eCommerce Fulfillment). Nuestro WMS est\u00e1 dise\u00f1ado espec\u00edficamente para la complejidad del fulfillment de m\u00faltiples clientes: flexible, automatizado y listo para escalar. Creado por expertos en log\u00edstica, hecho para ejecutar sus operaciones con precisi\u00f3n y eficiencia. Gesti\u00f3n de operaciones y gesti\u00f3n de transportistas con tecnolog\u00eda de IA\" \/>\n<meta property=\"og:url\" content=\"https:\/\/dynaflow.de\/es\/wms-para-3pl\/\" \/>\n<meta property=\"og:site_name\" content=\"Dynaflow Technology\" \/>\n<meta property=\"article:modified_time\" content=\"2026-02-08T20:17:39+00:00\" \/>\n<meta name=\"twitter:card\" content=\"summary_large_image\" \/>\n<script type=\"application\/ld+json\" class=\"yoast-schema-graph\">{\"@context\":\"https:\/\/schema.org\",\"@graph\":[{\"@type\":\"WebPage\",\"@id\":\"https:\/\/dynaflow.de\/es\/wms-para-3pl\/\",\"url\":\"https:\/\/dynaflow.de\/es\/wms-para-3pl\/\",\"name\":\"WMS para 3PL - Dynaflow Technology con tecnolog\u00eda de IA\",\"isPartOf\":{\"@id\":\"https:\/\/dynaflow.de\/es\/#website\"},\"datePublished\":\"2025-10-28T11:45:26+00:00\",\"dateModified\":\"2026-02-08T20:17:39+00:00\",\"description\":\"El sistema de gesti\u00f3n de almacenes creado para proveedores 3PL. Software para proveedores 3PL (eCommerce Fulfillment). Nuestro WMS est\u00e1 dise\u00f1ado espec\u00edficamente para la complejidad del fulfillment de m\u00faltiples clientes: flexible, automatizado y listo para escalar. Creado por expertos en log\u00edstica, hecho para ejecutar sus operaciones con precisi\u00f3n y eficiencia. Gesti\u00f3n de operaciones y gesti\u00f3n de transportistas con tecnolog\u00eda de IA\",\"breadcrumb\":{\"@id\":\"https:\/\/dynaflow.de\/es\/wms-para-3pl\/#breadcrumb\"},\"inLanguage\":\"es-ES\",\"potentialAction\":[{\"@type\":\"ReadAction\",\"target\":[\"https:\/\/dynaflow.de\/es\/wms-para-3pl\/\"]}]},{\"@type\":\"BreadcrumbList\",\"@id\":\"https:\/\/dynaflow.de\/es\/wms-para-3pl\/#breadcrumb\",\"itemListElement\":[{\"@type\":\"ListItem\",\"position\":1,\"name\":\"Home\",\"item\":\"https:\/\/dynaflow.de\/es\/\"},{\"@type\":\"ListItem\",\"position\":2,\"name\":\"WMS para 3PL\"}]},{\"@type\":\"WebSite\",\"@id\":\"https:\/\/dynaflow.de\/es\/#website\",\"url\":\"https:\/\/dynaflow.de\/es\/\",\"name\":\"Dynaflow Technology\",\"description\":\"\",\"potentialAction\":[{\"@type\":\"SearchAction\",\"target\":{\"@type\":\"EntryPoint\",\"urlTemplate\":\"https:\/\/dynaflow.de\/es\/?s={search_term_string}\"},\"query-input\":{\"@type\":\"PropertyValueSpecification\",\"valueRequired\":true,\"valueName\":\"search_term_string\"}}],\"inLanguage\":\"es-ES\"}]}<\/script>\n<!-- \/ Yoast SEO plugin. -->","yoast_head_json":{"title":"WMS para 3PL - Dynaflow Technology con tecnolog\u00eda de IA","description":"El sistema de gesti\u00f3n de almacenes creado para proveedores 3PL. Software para proveedores 3PL (eCommerce Fulfillment). Nuestro WMS est\u00e1 dise\u00f1ado espec\u00edficamente para la complejidad del fulfillment de m\u00faltiples clientes: flexible, automatizado y listo para escalar. Creado por expertos en log\u00edstica, hecho para ejecutar sus operaciones con precisi\u00f3n y eficiencia. Gesti\u00f3n de operaciones y gesti\u00f3n de transportistas con tecnolog\u00eda de IA","robots":{"index":"index","follow":"follow","max-snippet":"max-snippet:-1","max-image-preview":"max-image-preview:large","max-video-preview":"max-video-preview:-1"},"canonical":"https:\/\/dynaflow.de\/es\/wms-para-3pl\/","og_locale":"es_ES","og_type":"article","og_title":"El sistema de gesti\u00f3n de almacenes creado para proveedores 3PL","og_description":"El sistema de gesti\u00f3n de almacenes creado para proveedores 3PL. Software para proveedores 3PL (eCommerce Fulfillment). Nuestro WMS est\u00e1 dise\u00f1ado espec\u00edficamente para la complejidad del fulfillment de m\u00faltiples clientes: flexible, automatizado y listo para escalar. Creado por expertos en log\u00edstica, hecho para ejecutar sus operaciones con precisi\u00f3n y eficiencia. Gesti\u00f3n de operaciones y gesti\u00f3n de transportistas con tecnolog\u00eda de IA","og_url":"https:\/\/dynaflow.de\/es\/wms-para-3pl\/","og_site_name":"Dynaflow Technology","article_modified_time":"2026-02-08T20:17:39+00:00","twitter_card":"summary_large_image","schema":{"@context":"https:\/\/schema.org","@graph":[{"@type":"WebPage","@id":"https:\/\/dynaflow.de\/es\/wms-para-3pl\/","url":"https:\/\/dynaflow.de\/es\/wms-para-3pl\/","name":"WMS para 3PL - Dynaflow Technology con tecnolog\u00eda de IA","isPartOf":{"@id":"https:\/\/dynaflow.de\/es\/#website"},"datePublished":"2025-10-28T11:45:26+00:00","dateModified":"2026-02-08T20:17:39+00:00","description":"El sistema de gesti\u00f3n de almacenes creado para proveedores 3PL. Software para proveedores 3PL (eCommerce Fulfillment). Nuestro WMS est\u00e1 dise\u00f1ado espec\u00edficamente para la complejidad del fulfillment de m\u00faltiples clientes: flexible, automatizado y listo para escalar. Creado por expertos en log\u00edstica, hecho para ejecutar sus operaciones con precisi\u00f3n y eficiencia. Gesti\u00f3n de operaciones y gesti\u00f3n de transportistas con tecnolog\u00eda de IA","breadcrumb":{"@id":"https:\/\/dynaflow.de\/es\/wms-para-3pl\/#breadcrumb"},"inLanguage":"es-ES","potentialAction":[{"@type":"ReadAction","target":["https:\/\/dynaflow.de\/es\/wms-para-3pl\/"]}]},{"@type":"BreadcrumbList","@id":"https:\/\/dynaflow.de\/es\/wms-para-3pl\/#breadcrumb","itemListElement":[{"@type":"ListItem","position":1,"name":"Home","item":"https:\/\/dynaflow.de\/es\/"},{"@type":"ListItem","position":2,"name":"WMS para 3PL"}]},{"@type":"WebSite","@id":"https:\/\/dynaflow.de\/es\/#website","url":"https:\/\/dynaflow.de\/es\/","name":"Dynaflow Technology","description":"","potentialAction":[{"@type":"SearchAction","target":{"@type":"EntryPoint","urlTemplate":"https:\/\/dynaflow.de\/es\/?s={search_term_string}"},"query-input":{"@type":"PropertyValueSpecification","valueRequired":true,"valueName":"search_term_string"}}],"inLanguage":"es-ES"}]}},"_links":{"self":[{"href":"https:\/\/dynaflow.de\/es\/wp-json\/wp\/v2\/pages\/2515","targetHints":{"allow":["GET"]}}],"collection":[{"href":"https:\/\/dynaflow.de\/es\/wp-json\/wp\/v2\/pages"}],"about":[{"href":"https:\/\/dynaflow.de\/es\/wp-json\/wp\/v2\/types\/page"}],"author":[{"embeddable":true,"href":"https:\/\/dynaflow.de\/es\/wp-json\/wp\/v2\/users\/2"}],"replies":[{"embeddable":true,"href":"https:\/\/dynaflow.de\/es\/wp-json\/wp\/v2\/comments?post=2515"}],"version-history":[{"count":1,"href":"https:\/\/dynaflow.de\/es\/wp-json\/wp\/v2\/pages\/2515\/revisions"}],"predecessor-version":[{"id":3319,"href":"https:\/\/dynaflow.de\/es\/wp-json\/wp\/v2\/pages\/2515\/revisions\/3319"}],"wp:attachment":[{"href":"https:\/\/dynaflow.de\/es\/wp-json\/wp\/v2\/media?parent=2515"}],"curies":[{"name":"wp","href":"https:\/\/api.w.org\/{rel}","templated":true}]}}