{"id":3100,"date":"2025-06-05T21:28:20","date_gmt":"2025-06-05T19:28:20","guid":{"rendered":"https:\/\/dynaflow.de\/ueberblick\/"},"modified":"2026-02-02T19:03:11","modified_gmt":"2026-02-02T18:03:11","slug":"ueberblick","status":"publish","type":"page","link":"https:\/\/dynaflow.de\/de\/ueberblick\/","title":{"rendered":"\u00dcberblick"},"content":{"rendered":"","protected":false},"excerpt":{"rendered":"","protected":false},"author":1,"featured_media":0,"parent":0,"menu_order":0,"comment_status":"closed","ping_status":"closed","template":"","meta":{"_acf_changed":false,"footnotes":""},"class_list":["post-3100","page","type-page","status-publish","hentry"],"acf":[],"yoast_head":"<!-- This site is optimized with the Yoast SEO plugin v26.9 - https:\/\/yoast.com\/product\/yoast-seo-wordpress\/ -->\n<title>\u00dcberblick - Dynaflow Technology Software f\u00fcr 3PL-Anbieter<\/title>\n<meta name=\"description\" content=\"Software f\u00fcr 3PL-Anbieter (E-Commerce-Fulfillment). FlowOMS hilft Fulfillment-Anbietern, Abl\u00e4ufe zu optimieren, Reibungsverluste zu reduzieren und Margen durch Automatisierung, Echtzeit-Einblicke und intelligente Workflows zu sch\u00fctzen. Betriebsmanagement &amp; Carrier Management powered by AI\" \/>\n<meta name=\"robots\" content=\"index, follow, max-snippet:-1, max-image-preview:large, max-video-preview:-1\" \/>\n<link rel=\"canonical\" href=\"https:\/\/dynaflow.de\/de\/ueberblick\/\" \/>\n<meta property=\"og:locale\" content=\"de_DE\" \/>\n<meta property=\"og:type\" content=\"article\" \/>\n<meta property=\"og:title\" content=\"\u00dcberblick \u2013 Dynaflow Technology Software f\u00fcr 3PL-Anbieter\" \/>\n<meta property=\"og:description\" content=\"Software f\u00fcr 3PL-Anbieter (E-Commerce-Fulfillment). FlowOMS hilft Fulfillment-Anbietern, Abl\u00e4ufe zu optimieren, Reibungsverluste zu reduzieren und Margen durch Automatisierung, Echtzeit-Einblicke und intelligente Workflows zu sch\u00fctzen. Betriebsmanagement &amp; Carrier Management powered by AI\" \/>\n<meta property=\"og:url\" content=\"https:\/\/dynaflow.de\/de\/ueberblick\/\" \/>\n<meta property=\"og:site_name\" content=\"Dynaflow Technology\" \/>\n<meta property=\"article:modified_time\" content=\"2026-02-02T18:03:11+00:00\" \/>\n<meta property=\"og:image\" content=\"https:\/\/weship.d.zip.solutions\/apps\/uploads\/2025\/10\/Submenu-1024x620.jpg\" \/>\n<meta name=\"twitter:card\" content=\"summary_large_image\" \/>\n<script type=\"application\/ld+json\" class=\"yoast-schema-graph\">{\"@context\":\"https:\/\/schema.org\",\"@graph\":[{\"@type\":\"WebPage\",\"@id\":\"https:\/\/dynaflow.de\/de\/ueberblick\/\",\"url\":\"https:\/\/dynaflow.de\/de\/ueberblick\/\",\"name\":\"\u00dcberblick - Dynaflow Technology Software f\u00fcr 3PL-Anbieter\",\"isPartOf\":{\"@id\":\"https:\/\/dynaflow.de\/de\/#website\"},\"datePublished\":\"2025-06-05T19:28:20+00:00\",\"dateModified\":\"2026-02-02T18:03:11+00:00\",\"description\":\"Software f\u00fcr 3PL-Anbieter (E-Commerce-Fulfillment). FlowOMS hilft Fulfillment-Anbietern, Abl\u00e4ufe zu optimieren, Reibungsverluste zu reduzieren und Margen durch Automatisierung, Echtzeit-Einblicke und intelligente Workflows zu sch\u00fctzen. Betriebsmanagement & Carrier Management powered by AI\",\"breadcrumb\":{\"@id\":\"https:\/\/dynaflow.de\/de\/ueberblick\/#breadcrumb\"},\"inLanguage\":\"de\",\"potentialAction\":[{\"@type\":\"ReadAction\",\"target\":[\"https:\/\/dynaflow.de\/de\/ueberblick\/\"]}]},{\"@type\":\"BreadcrumbList\",\"@id\":\"https:\/\/dynaflow.de\/de\/ueberblick\/#breadcrumb\",\"itemListElement\":[{\"@type\":\"ListItem\",\"position\":1,\"name\":\"Home\",\"item\":\"https:\/\/dynaflow.de\/de\/\"},{\"@type\":\"ListItem\",\"position\":2,\"name\":\"\u00dcberblick\"}]},{\"@type\":\"WebSite\",\"@id\":\"https:\/\/dynaflow.de\/de\/#website\",\"url\":\"https:\/\/dynaflow.de\/de\/\",\"name\":\"Dynaflow Technology\",\"description\":\"\",\"potentialAction\":[{\"@type\":\"SearchAction\",\"target\":{\"@type\":\"EntryPoint\",\"urlTemplate\":\"https:\/\/dynaflow.de\/de\/?s={search_term_string}\"},\"query-input\":{\"@type\":\"PropertyValueSpecification\",\"valueRequired\":true,\"valueName\":\"search_term_string\"}}],\"inLanguage\":\"de\"}]}<\/script>\n<!-- \/ Yoast SEO plugin. -->","yoast_head_json":{"title":"\u00dcberblick - Dynaflow Technology Software f\u00fcr 3PL-Anbieter","description":"Software f\u00fcr 3PL-Anbieter (E-Commerce-Fulfillment). FlowOMS hilft Fulfillment-Anbietern, Abl\u00e4ufe zu optimieren, Reibungsverluste zu reduzieren und Margen durch Automatisierung, Echtzeit-Einblicke und intelligente Workflows zu sch\u00fctzen. Betriebsmanagement & Carrier Management powered by AI","robots":{"index":"index","follow":"follow","max-snippet":"max-snippet:-1","max-image-preview":"max-image-preview:large","max-video-preview":"max-video-preview:-1"},"canonical":"https:\/\/dynaflow.de\/de\/ueberblick\/","og_locale":"de_DE","og_type":"article","og_title":"\u00dcberblick \u2013 Dynaflow Technology Software f\u00fcr 3PL-Anbieter","og_description":"Software f\u00fcr 3PL-Anbieter (E-Commerce-Fulfillment). FlowOMS hilft Fulfillment-Anbietern, Abl\u00e4ufe zu optimieren, Reibungsverluste zu reduzieren und Margen durch Automatisierung, Echtzeit-Einblicke und intelligente Workflows zu sch\u00fctzen. Betriebsmanagement & Carrier Management powered by AI","og_url":"https:\/\/dynaflow.de\/de\/ueberblick\/","og_site_name":"Dynaflow Technology","article_modified_time":"2026-02-02T18:03:11+00:00","og_image":[{"url":"https:\/\/weship.d.zip.solutions\/apps\/uploads\/2025\/10\/Submenu-1024x620.jpg","type":"","width":"","height":""}],"twitter_card":"summary_large_image","schema":{"@context":"https:\/\/schema.org","@graph":[{"@type":"WebPage","@id":"https:\/\/dynaflow.de\/de\/ueberblick\/","url":"https:\/\/dynaflow.de\/de\/ueberblick\/","name":"\u00dcberblick - Dynaflow Technology Software f\u00fcr 3PL-Anbieter","isPartOf":{"@id":"https:\/\/dynaflow.de\/de\/#website"},"datePublished":"2025-06-05T19:28:20+00:00","dateModified":"2026-02-02T18:03:11+00:00","description":"Software f\u00fcr 3PL-Anbieter (E-Commerce-Fulfillment). FlowOMS hilft Fulfillment-Anbietern, Abl\u00e4ufe zu optimieren, Reibungsverluste zu reduzieren und Margen durch Automatisierung, Echtzeit-Einblicke und intelligente Workflows zu sch\u00fctzen. Betriebsmanagement & Carrier Management powered by AI","breadcrumb":{"@id":"https:\/\/dynaflow.de\/de\/ueberblick\/#breadcrumb"},"inLanguage":"de","potentialAction":[{"@type":"ReadAction","target":["https:\/\/dynaflow.de\/de\/ueberblick\/"]}]},{"@type":"BreadcrumbList","@id":"https:\/\/dynaflow.de\/de\/ueberblick\/#breadcrumb","itemListElement":[{"@type":"ListItem","position":1,"name":"Home","item":"https:\/\/dynaflow.de\/de\/"},{"@type":"ListItem","position":2,"name":"\u00dcberblick"}]},{"@type":"WebSite","@id":"https:\/\/dynaflow.de\/de\/#website","url":"https:\/\/dynaflow.de\/de\/","name":"Dynaflow Technology","description":"","potentialAction":[{"@type":"SearchAction","target":{"@type":"EntryPoint","urlTemplate":"https:\/\/dynaflow.de\/de\/?s={search_term_string}"},"query-input":{"@type":"PropertyValueSpecification","valueRequired":true,"valueName":"search_term_string"}}],"inLanguage":"de"}]}},"_links":{"self":[{"href":"https:\/\/dynaflow.de\/de\/wp-json\/wp\/v2\/pages\/3100","targetHints":{"allow":["GET"]}}],"collection":[{"href":"https:\/\/dynaflow.de\/de\/wp-json\/wp\/v2\/pages"}],"about":[{"href":"https:\/\/dynaflow.de\/de\/wp-json\/wp\/v2\/types\/page"}],"author":[{"embeddable":true,"href":"https:\/\/dynaflow.de\/de\/wp-json\/wp\/v2\/users\/1"}],"replies":[{"embeddable":true,"href":"https:\/\/dynaflow.de\/de\/wp-json\/wp\/v2\/comments?post=3100"}],"version-history":[{"count":1,"href":"https:\/\/dynaflow.de\/de\/wp-json\/wp\/v2\/pages\/3100\/revisions"}],"predecessor-version":[{"id":3286,"href":"https:\/\/dynaflow.de\/de\/wp-json\/wp\/v2\/pages\/3100\/revisions\/3286"}],"wp:attachment":[{"href":"https:\/\/dynaflow.de\/de\/wp-json\/wp\/v2\/media?parent=3100"}],"curies":[{"name":"wp","href":"https:\/\/api.w.org\/{rel}","templated":true}]}}