{"id":3035,"date":"2025-10-28T12:45:26","date_gmt":"2025-10-28T11:45:26","guid":{"rendered":"https:\/\/dynaflow.de\/wms-fuer-3pls\/"},"modified":"2026-02-06T16:02:59","modified_gmt":"2026-02-06T15:02:59","slug":"wms-fuer-3pls","status":"publish","type":"page","link":"https:\/\/dynaflow.de\/de\/wms-fuer-3pls\/","title":{"rendered":"WMS f\u00fcr 3PLs"},"content":{"rendered":"","protected":false},"excerpt":{"rendered":"","protected":false},"author":2,"featured_media":0,"parent":0,"menu_order":0,"comment_status":"closed","ping_status":"closed","template":"","meta":{"_acf_changed":false,"footnotes":""},"class_list":["post-3035","page","type-page","status-publish","hentry"],"acf":[],"yoast_head":"<!-- This site is optimized with the Yoast SEO plugin v26.9 - https:\/\/yoast.com\/product\/yoast-seo-wordpress\/ -->\n<title>WMS f\u00fcr 3PLs - Dynaflow Technology powered by AI<\/title>\n<meta name=\"description\" content=\"Das Warehouse-Management-System f\u00fcr 3PL-Anbieter. Software f\u00fcr 3PL-Anbieter (E-Commerce-Fulfillment). Unser WMS wurde speziell f\u00fcr die Komplexit\u00e4t des Multi-Client-Fulfillments entwickelt \u2013 flexibel, automatisiert und skalierbar. Entwickelt von Logistikexperten, um Ihre Abl\u00e4ufe pr\u00e4zise und effizient zu gestalten. Betriebsmanagement &amp; Carrier Management powered by AI\" \/>\n<meta name=\"robots\" content=\"index, follow, max-snippet:-1, max-image-preview:large, max-video-preview:-1\" \/>\n<link rel=\"canonical\" href=\"https:\/\/dynaflow.de\/de\/wms-fuer-3pls\/\" \/>\n<meta property=\"og:locale\" content=\"de_DE\" \/>\n<meta property=\"og:type\" content=\"article\" \/>\n<meta property=\"og:title\" content=\"Das Warehouse-Management-System f\u00fcr 3PL-Anbieter\" \/>\n<meta property=\"og:description\" content=\"Das Warehouse-Management-System f\u00fcr 3PL-Anbieter. Software f\u00fcr 3PL-Anbieter (E-Commerce-Fulfillment). Unser WMS wurde speziell f\u00fcr die Komplexit\u00e4t des Multi-Client-Fulfillments entwickelt \u2013 flexibel, automatisiert und skalierbar. Entwickelt von Logistikexperten, um Ihre Abl\u00e4ufe pr\u00e4zise und effizient zu gestalten. Betriebsmanagement &amp; Carrier Management powered by AI\" \/>\n<meta property=\"og:url\" content=\"https:\/\/dynaflow.de\/de\/wms-fuer-3pls\/\" \/>\n<meta property=\"og:site_name\" content=\"Dynaflow Technology\" \/>\n<meta property=\"article:modified_time\" content=\"2026-02-06T15:02:59+00:00\" \/>\n<meta name=\"twitter:card\" content=\"summary_large_image\" \/>\n<script type=\"application\/ld+json\" class=\"yoast-schema-graph\">{\"@context\":\"https:\/\/schema.org\",\"@graph\":[{\"@type\":\"WebPage\",\"@id\":\"https:\/\/dynaflow.de\/de\/wms-fuer-3pls\/\",\"url\":\"https:\/\/dynaflow.de\/de\/wms-fuer-3pls\/\",\"name\":\"WMS f\u00fcr 3PLs - Dynaflow Technology powered by AI\",\"isPartOf\":{\"@id\":\"https:\/\/dynaflow.de\/de\/#website\"},\"datePublished\":\"2025-10-28T11:45:26+00:00\",\"dateModified\":\"2026-02-06T15:02:59+00:00\",\"description\":\"Das Warehouse-Management-System f\u00fcr 3PL-Anbieter. Software f\u00fcr 3PL-Anbieter (E-Commerce-Fulfillment). Unser WMS wurde speziell f\u00fcr die Komplexit\u00e4t des Multi-Client-Fulfillments entwickelt \u2013 flexibel, automatisiert und skalierbar. Entwickelt von Logistikexperten, um Ihre Abl\u00e4ufe pr\u00e4zise und effizient zu gestalten. Betriebsmanagement & Carrier Management powered by AI\",\"breadcrumb\":{\"@id\":\"https:\/\/dynaflow.de\/de\/wms-fuer-3pls\/#breadcrumb\"},\"inLanguage\":\"de\",\"potentialAction\":[{\"@type\":\"ReadAction\",\"target\":[\"https:\/\/dynaflow.de\/de\/wms-fuer-3pls\/\"]}]},{\"@type\":\"BreadcrumbList\",\"@id\":\"https:\/\/dynaflow.de\/de\/wms-fuer-3pls\/#breadcrumb\",\"itemListElement\":[{\"@type\":\"ListItem\",\"position\":1,\"name\":\"Home\",\"item\":\"https:\/\/dynaflow.de\/de\/\"},{\"@type\":\"ListItem\",\"position\":2,\"name\":\"WMS f\u00fcr 3PLs\"}]},{\"@type\":\"WebSite\",\"@id\":\"https:\/\/dynaflow.de\/de\/#website\",\"url\":\"https:\/\/dynaflow.de\/de\/\",\"name\":\"Dynaflow Technology\",\"description\":\"\",\"potentialAction\":[{\"@type\":\"SearchAction\",\"target\":{\"@type\":\"EntryPoint\",\"urlTemplate\":\"https:\/\/dynaflow.de\/de\/?s={search_term_string}\"},\"query-input\":{\"@type\":\"PropertyValueSpecification\",\"valueRequired\":true,\"valueName\":\"search_term_string\"}}],\"inLanguage\":\"de\"}]}<\/script>\n<!-- \/ Yoast SEO plugin. -->","yoast_head_json":{"title":"WMS f\u00fcr 3PLs - Dynaflow Technology powered by AI","description":"Das Warehouse-Management-System f\u00fcr 3PL-Anbieter. Software f\u00fcr 3PL-Anbieter (E-Commerce-Fulfillment). Unser WMS wurde speziell f\u00fcr die Komplexit\u00e4t des Multi-Client-Fulfillments entwickelt \u2013 flexibel, automatisiert und skalierbar. Entwickelt von Logistikexperten, um Ihre Abl\u00e4ufe pr\u00e4zise und effizient zu gestalten. Betriebsmanagement & Carrier Management powered by AI","robots":{"index":"index","follow":"follow","max-snippet":"max-snippet:-1","max-image-preview":"max-image-preview:large","max-video-preview":"max-video-preview:-1"},"canonical":"https:\/\/dynaflow.de\/de\/wms-fuer-3pls\/","og_locale":"de_DE","og_type":"article","og_title":"Das Warehouse-Management-System f\u00fcr 3PL-Anbieter","og_description":"Das Warehouse-Management-System f\u00fcr 3PL-Anbieter. Software f\u00fcr 3PL-Anbieter (E-Commerce-Fulfillment). Unser WMS wurde speziell f\u00fcr die Komplexit\u00e4t des Multi-Client-Fulfillments entwickelt \u2013 flexibel, automatisiert und skalierbar. Entwickelt von Logistikexperten, um Ihre Abl\u00e4ufe pr\u00e4zise und effizient zu gestalten. Betriebsmanagement & Carrier Management powered by AI","og_url":"https:\/\/dynaflow.de\/de\/wms-fuer-3pls\/","og_site_name":"Dynaflow Technology","article_modified_time":"2026-02-06T15:02:59+00:00","twitter_card":"summary_large_image","schema":{"@context":"https:\/\/schema.org","@graph":[{"@type":"WebPage","@id":"https:\/\/dynaflow.de\/de\/wms-fuer-3pls\/","url":"https:\/\/dynaflow.de\/de\/wms-fuer-3pls\/","name":"WMS f\u00fcr 3PLs - Dynaflow Technology powered by AI","isPartOf":{"@id":"https:\/\/dynaflow.de\/de\/#website"},"datePublished":"2025-10-28T11:45:26+00:00","dateModified":"2026-02-06T15:02:59+00:00","description":"Das Warehouse-Management-System f\u00fcr 3PL-Anbieter. Software f\u00fcr 3PL-Anbieter (E-Commerce-Fulfillment). Unser WMS wurde speziell f\u00fcr die Komplexit\u00e4t des Multi-Client-Fulfillments entwickelt \u2013 flexibel, automatisiert und skalierbar. Entwickelt von Logistikexperten, um Ihre Abl\u00e4ufe pr\u00e4zise und effizient zu gestalten. Betriebsmanagement & Carrier Management powered by AI","breadcrumb":{"@id":"https:\/\/dynaflow.de\/de\/wms-fuer-3pls\/#breadcrumb"},"inLanguage":"de","potentialAction":[{"@type":"ReadAction","target":["https:\/\/dynaflow.de\/de\/wms-fuer-3pls\/"]}]},{"@type":"BreadcrumbList","@id":"https:\/\/dynaflow.de\/de\/wms-fuer-3pls\/#breadcrumb","itemListElement":[{"@type":"ListItem","position":1,"name":"Home","item":"https:\/\/dynaflow.de\/de\/"},{"@type":"ListItem","position":2,"name":"WMS f\u00fcr 3PLs"}]},{"@type":"WebSite","@id":"https:\/\/dynaflow.de\/de\/#website","url":"https:\/\/dynaflow.de\/de\/","name":"Dynaflow Technology","description":"","potentialAction":[{"@type":"SearchAction","target":{"@type":"EntryPoint","urlTemplate":"https:\/\/dynaflow.de\/de\/?s={search_term_string}"},"query-input":{"@type":"PropertyValueSpecification","valueRequired":true,"valueName":"search_term_string"}}],"inLanguage":"de"}]}},"_links":{"self":[{"href":"https:\/\/dynaflow.de\/de\/wp-json\/wp\/v2\/pages\/3035","targetHints":{"allow":["GET"]}}],"collection":[{"href":"https:\/\/dynaflow.de\/de\/wp-json\/wp\/v2\/pages"}],"about":[{"href":"https:\/\/dynaflow.de\/de\/wp-json\/wp\/v2\/types\/page"}],"author":[{"embeddable":true,"href":"https:\/\/dynaflow.de\/de\/wp-json\/wp\/v2\/users\/2"}],"replies":[{"embeddable":true,"href":"https:\/\/dynaflow.de\/de\/wp-json\/wp\/v2\/comments?post=3035"}],"version-history":[{"count":1,"href":"https:\/\/dynaflow.de\/de\/wp-json\/wp\/v2\/pages\/3035\/revisions"}],"predecessor-version":[{"id":3288,"href":"https:\/\/dynaflow.de\/de\/wp-json\/wp\/v2\/pages\/3035\/revisions\/3288"}],"wp:attachment":[{"href":"https:\/\/dynaflow.de\/de\/wp-json\/wp\/v2\/media?parent=3035"}],"curies":[{"name":"wp","href":"https:\/\/api.w.org\/{rel}","templated":true}]}}