{"id":2681,"date":"2025-09-29T13:12:32","date_gmt":"2025-09-29T11:12:32","guid":{"rendered":"https:\/\/dynaflow.de\/unternehmen\/"},"modified":"2025-09-29T13:12:32","modified_gmt":"2025-09-29T11:12:32","slug":"unternehmen","status":"publish","type":"page","link":"https:\/\/dynaflow.de\/de\/unternehmen\/","title":{"rendered":"Unternehmen"},"content":{"rendered":"","protected":false},"excerpt":{"rendered":"","protected":false},"author":2,"featured_media":0,"parent":0,"menu_order":0,"comment_status":"closed","ping_status":"closed","template":"","meta":{"_acf_changed":false,"footnotes":""},"class_list":["post-2681","page","type-page","status-publish","hentry"],"acf":[],"yoast_head":"<!-- This site is optimized with the Yoast SEO plugin v26.9 - https:\/\/yoast.com\/product\/yoast-seo-wordpress\/ -->\n<title>Unternehmen - Dynaflow Technology Software f\u00fcr eCommerce Fulfillment<\/title>\n<meta name=\"description\" content=\"Dynaflow entwickelt seit 2015 Software f\u00fcr eCommerce Fulfillment. Unsere L\u00f6sungen basieren auf realen operativen Herausforderungen \u2013 nicht auf Theorie, nicht auf Folien \u2013 sondern auf der t\u00e4glichen Arbeit in aktiven Fulfillment-Zentren.\" \/>\n<meta name=\"robots\" content=\"index, follow, max-snippet:-1, max-image-preview:large, max-video-preview:-1\" \/>\n<link rel=\"canonical\" href=\"https:\/\/dynaflow.de\/de\/unternehmen\/\" \/>\n<meta property=\"og:locale\" content=\"de_DE\" \/>\n<meta property=\"og:type\" content=\"article\" \/>\n<meta property=\"og:title\" content=\"Dynaflow-Technologie \u2013 Software f\u00fcr eCommerce Fulfillment\" \/>\n<meta property=\"og:description\" content=\"Dynaflow entwickelt seit 2015 Software f\u00fcr eCommerce Fulfillment. Unsere L\u00f6sungen basieren auf realen operativen Herausforderungen \u2013 nicht auf Theorie, nicht auf Folien \u2013 sondern auf der t\u00e4glichen Arbeit in aktiven Fulfillment-Zentren.\" \/>\n<meta property=\"og:url\" content=\"https:\/\/dynaflow.de\/de\/unternehmen\/\" \/>\n<meta property=\"og:site_name\" content=\"Dynaflow Technology\" \/>\n<meta name=\"twitter:card\" content=\"summary_large_image\" \/>\n<script type=\"application\/ld+json\" class=\"yoast-schema-graph\">{\"@context\":\"https:\/\/schema.org\",\"@graph\":[{\"@type\":\"WebPage\",\"@id\":\"https:\/\/dynaflow.de\/de\/unternehmen\/\",\"url\":\"https:\/\/dynaflow.de\/de\/unternehmen\/\",\"name\":\"Unternehmen - Dynaflow Technology Software f\u00fcr eCommerce Fulfillment\",\"isPartOf\":{\"@id\":\"https:\/\/dynaflow.de\/de\/#website\"},\"datePublished\":\"2025-09-29T11:12:32+00:00\",\"description\":\"Dynaflow entwickelt seit 2015 Software f\u00fcr eCommerce Fulfillment. Unsere L\u00f6sungen basieren auf realen operativen Herausforderungen \u2013 nicht auf Theorie, nicht auf Folien \u2013 sondern auf der t\u00e4glichen Arbeit in aktiven Fulfillment-Zentren.\",\"breadcrumb\":{\"@id\":\"https:\/\/dynaflow.de\/de\/unternehmen\/#breadcrumb\"},\"inLanguage\":\"de\",\"potentialAction\":[{\"@type\":\"ReadAction\",\"target\":[\"https:\/\/dynaflow.de\/de\/unternehmen\/\"]}]},{\"@type\":\"BreadcrumbList\",\"@id\":\"https:\/\/dynaflow.de\/de\/unternehmen\/#breadcrumb\",\"itemListElement\":[{\"@type\":\"ListItem\",\"position\":1,\"name\":\"Home\",\"item\":\"https:\/\/dynaflow.de\/de\/\"},{\"@type\":\"ListItem\",\"position\":2,\"name\":\"Unternehmen\"}]},{\"@type\":\"WebSite\",\"@id\":\"https:\/\/dynaflow.de\/de\/#website\",\"url\":\"https:\/\/dynaflow.de\/de\/\",\"name\":\"Dynaflow Technology\",\"description\":\"\",\"potentialAction\":[{\"@type\":\"SearchAction\",\"target\":{\"@type\":\"EntryPoint\",\"urlTemplate\":\"https:\/\/dynaflow.de\/de\/?s={search_term_string}\"},\"query-input\":{\"@type\":\"PropertyValueSpecification\",\"valueRequired\":true,\"valueName\":\"search_term_string\"}}],\"inLanguage\":\"de\"}]}<\/script>\n<!-- \/ Yoast SEO plugin. -->","yoast_head_json":{"title":"Unternehmen - Dynaflow Technology Software f\u00fcr eCommerce Fulfillment","description":"Dynaflow entwickelt seit 2015 Software f\u00fcr eCommerce Fulfillment. Unsere L\u00f6sungen basieren auf realen operativen Herausforderungen \u2013 nicht auf Theorie, nicht auf Folien \u2013 sondern auf der t\u00e4glichen Arbeit in aktiven Fulfillment-Zentren.","robots":{"index":"index","follow":"follow","max-snippet":"max-snippet:-1","max-image-preview":"max-image-preview:large","max-video-preview":"max-video-preview:-1"},"canonical":"https:\/\/dynaflow.de\/de\/unternehmen\/","og_locale":"de_DE","og_type":"article","og_title":"Dynaflow-Technologie \u2013 Software f\u00fcr eCommerce Fulfillment","og_description":"Dynaflow entwickelt seit 2015 Software f\u00fcr eCommerce Fulfillment. Unsere L\u00f6sungen basieren auf realen operativen Herausforderungen \u2013 nicht auf Theorie, nicht auf Folien \u2013 sondern auf der t\u00e4glichen Arbeit in aktiven Fulfillment-Zentren.","og_url":"https:\/\/dynaflow.de\/de\/unternehmen\/","og_site_name":"Dynaflow Technology","twitter_card":"summary_large_image","schema":{"@context":"https:\/\/schema.org","@graph":[{"@type":"WebPage","@id":"https:\/\/dynaflow.de\/de\/unternehmen\/","url":"https:\/\/dynaflow.de\/de\/unternehmen\/","name":"Unternehmen - Dynaflow Technology Software f\u00fcr eCommerce Fulfillment","isPartOf":{"@id":"https:\/\/dynaflow.de\/de\/#website"},"datePublished":"2025-09-29T11:12:32+00:00","description":"Dynaflow entwickelt seit 2015 Software f\u00fcr eCommerce Fulfillment. Unsere L\u00f6sungen basieren auf realen operativen Herausforderungen \u2013 nicht auf Theorie, nicht auf Folien \u2013 sondern auf der t\u00e4glichen Arbeit in aktiven Fulfillment-Zentren.","breadcrumb":{"@id":"https:\/\/dynaflow.de\/de\/unternehmen\/#breadcrumb"},"inLanguage":"de","potentialAction":[{"@type":"ReadAction","target":["https:\/\/dynaflow.de\/de\/unternehmen\/"]}]},{"@type":"BreadcrumbList","@id":"https:\/\/dynaflow.de\/de\/unternehmen\/#breadcrumb","itemListElement":[{"@type":"ListItem","position":1,"name":"Home","item":"https:\/\/dynaflow.de\/de\/"},{"@type":"ListItem","position":2,"name":"Unternehmen"}]},{"@type":"WebSite","@id":"https:\/\/dynaflow.de\/de\/#website","url":"https:\/\/dynaflow.de\/de\/","name":"Dynaflow Technology","description":"","potentialAction":[{"@type":"SearchAction","target":{"@type":"EntryPoint","urlTemplate":"https:\/\/dynaflow.de\/de\/?s={search_term_string}"},"query-input":{"@type":"PropertyValueSpecification","valueRequired":true,"valueName":"search_term_string"}}],"inLanguage":"de"}]}},"_links":{"self":[{"href":"https:\/\/dynaflow.de\/de\/wp-json\/wp\/v2\/pages\/2681","targetHints":{"allow":["GET"]}}],"collection":[{"href":"https:\/\/dynaflow.de\/de\/wp-json\/wp\/v2\/pages"}],"about":[{"href":"https:\/\/dynaflow.de\/de\/wp-json\/wp\/v2\/types\/page"}],"author":[{"embeddable":true,"href":"https:\/\/dynaflow.de\/de\/wp-json\/wp\/v2\/users\/2"}],"replies":[{"embeddable":true,"href":"https:\/\/dynaflow.de\/de\/wp-json\/wp\/v2\/comments?post=2681"}],"version-history":[{"count":0,"href":"https:\/\/dynaflow.de\/de\/wp-json\/wp\/v2\/pages\/2681\/revisions"}],"wp:attachment":[{"href":"https:\/\/dynaflow.de\/de\/wp-json\/wp\/v2\/media?parent=2681"}],"curies":[{"name":"wp","href":"https:\/\/api.w.org\/{rel}","templated":true}]}}