{"id":2630,"date":"2025-10-28T20:44:00","date_gmt":"2025-10-28T19:44:00","guid":{"rendered":"https:\/\/dynaflow.de\/flowai-chatbot\/"},"modified":"2025-10-28T20:44:00","modified_gmt":"2025-10-28T19:44:00","slug":"flowai-chatbot","status":"publish","type":"page","link":"https:\/\/dynaflow.de\/de\/flowai-chatbot\/","title":{"rendered":"FlowAI Chatbot"},"content":{"rendered":"","protected":false},"excerpt":{"rendered":"","protected":false},"author":2,"featured_media":0,"parent":0,"menu_order":0,"comment_status":"closed","ping_status":"closed","template":"","meta":{"_acf_changed":false,"footnotes":""},"class_list":["post-2630","page","type-page","status-publish","hentry"],"acf":[],"yoast_head":"<!-- This site is optimized with the Yoast SEO plugin v26.9 - https:\/\/yoast.com\/product\/yoast-seo-wordpress\/ -->\n<title>FlowAI Chatbot - Dynaflow Technology Software f\u00fcr eCommerce Fulfillment<\/title>\n<meta name=\"description\" content=\"FlowAI ist der intelligente Chat-Assistent, der in FlowOMS integriert ist. Er bietet Ihren Kunden sofortige Antworten, Live-Daten und die M\u00f6glichkeit, Ma\u00dfnahmen zu ergreifen - alles in nat\u00fcrlicher Sprache. Von der \u00dcberpr\u00fcfung des Sendungsstatus bis zur Erstellung von Berichten verwandelt FlowAI Ihr 3PL-Portal in eine KI-gest\u00fctzte Echtzeit-Erfahrung. Software f\u00fcr 3PL-Anbieter (eCommerce Fulfillment) Operation Management &amp; Carrier Management powered by AI\" \/>\n<meta name=\"robots\" content=\"index, follow, max-snippet:-1, max-image-preview:large, max-video-preview:-1\" \/>\n<link rel=\"canonical\" href=\"https:\/\/dynaflow.de\/de\/flowai-chatbot\/\" \/>\n<meta property=\"og:locale\" content=\"de_DE\" \/>\n<meta property=\"og:type\" content=\"article\" \/>\n<meta property=\"og:title\" content=\"FlowAI Chatbot - Dynaflow Technology Software f\u00fcr eCommerce Fulfillment\" \/>\n<meta property=\"og:description\" content=\"FlowAI ist der intelligente Chat-Assistent, der in FlowOMS integriert ist. Er bietet Ihren Kunden sofortige Antworten, Live-Daten und die M\u00f6glichkeit, Ma\u00dfnahmen zu ergreifen - alles in nat\u00fcrlicher Sprache. Von der \u00dcberpr\u00fcfung des Sendungsstatus bis zur Erstellung von Berichten verwandelt FlowAI Ihr 3PL-Portal in eine KI-gest\u00fctzte Echtzeit-Erfahrung. Software f\u00fcr 3PL-Anbieter (eCommerce Fulfillment) Operation Management &amp; Carrier Management powered by AI\" \/>\n<meta property=\"og:url\" content=\"https:\/\/dynaflow.de\/de\/flowai-chatbot\/\" \/>\n<meta property=\"og:site_name\" content=\"Dynaflow Technology\" \/>\n<meta name=\"twitter:card\" content=\"summary_large_image\" \/>\n<script type=\"application\/ld+json\" class=\"yoast-schema-graph\">{\"@context\":\"https:\/\/schema.org\",\"@graph\":[{\"@type\":\"WebPage\",\"@id\":\"https:\/\/dynaflow.de\/de\/flowai-chatbot\/\",\"url\":\"https:\/\/dynaflow.de\/de\/flowai-chatbot\/\",\"name\":\"FlowAI Chatbot - Dynaflow Technology Software f\u00fcr eCommerce Fulfillment\",\"isPartOf\":{\"@id\":\"https:\/\/dynaflow.de\/de\/#website\"},\"datePublished\":\"2025-10-28T19:44:00+00:00\",\"description\":\"FlowAI ist der intelligente Chat-Assistent, der in FlowOMS integriert ist. Er bietet Ihren Kunden sofortige Antworten, Live-Daten und die M\u00f6glichkeit, Ma\u00dfnahmen zu ergreifen - alles in nat\u00fcrlicher Sprache. Von der \u00dcberpr\u00fcfung des Sendungsstatus bis zur Erstellung von Berichten verwandelt FlowAI Ihr 3PL-Portal in eine KI-gest\u00fctzte Echtzeit-Erfahrung. Software f\u00fcr 3PL-Anbieter (eCommerce Fulfillment) Operation Management & Carrier Management powered by AI\",\"breadcrumb\":{\"@id\":\"https:\/\/dynaflow.de\/de\/flowai-chatbot\/#breadcrumb\"},\"inLanguage\":\"de\",\"potentialAction\":[{\"@type\":\"ReadAction\",\"target\":[\"https:\/\/dynaflow.de\/de\/flowai-chatbot\/\"]}]},{\"@type\":\"BreadcrumbList\",\"@id\":\"https:\/\/dynaflow.de\/de\/flowai-chatbot\/#breadcrumb\",\"itemListElement\":[{\"@type\":\"ListItem\",\"position\":1,\"name\":\"Home\",\"item\":\"https:\/\/dynaflow.de\/de\/\"},{\"@type\":\"ListItem\",\"position\":2,\"name\":\"FlowAI Chatbot\"}]},{\"@type\":\"WebSite\",\"@id\":\"https:\/\/dynaflow.de\/de\/#website\",\"url\":\"https:\/\/dynaflow.de\/de\/\",\"name\":\"Dynaflow Technology\",\"description\":\"\",\"potentialAction\":[{\"@type\":\"SearchAction\",\"target\":{\"@type\":\"EntryPoint\",\"urlTemplate\":\"https:\/\/dynaflow.de\/de\/?s={search_term_string}\"},\"query-input\":{\"@type\":\"PropertyValueSpecification\",\"valueRequired\":true,\"valueName\":\"search_term_string\"}}],\"inLanguage\":\"de\"}]}<\/script>\n<!-- \/ Yoast SEO plugin. -->","yoast_head_json":{"title":"FlowAI Chatbot - Dynaflow Technology Software f\u00fcr eCommerce Fulfillment","description":"FlowAI ist der intelligente Chat-Assistent, der in FlowOMS integriert ist. Er bietet Ihren Kunden sofortige Antworten, Live-Daten und die M\u00f6glichkeit, Ma\u00dfnahmen zu ergreifen - alles in nat\u00fcrlicher Sprache. Von der \u00dcberpr\u00fcfung des Sendungsstatus bis zur Erstellung von Berichten verwandelt FlowAI Ihr 3PL-Portal in eine KI-gest\u00fctzte Echtzeit-Erfahrung. Software f\u00fcr 3PL-Anbieter (eCommerce Fulfillment) Operation Management & Carrier Management powered by AI","robots":{"index":"index","follow":"follow","max-snippet":"max-snippet:-1","max-image-preview":"max-image-preview:large","max-video-preview":"max-video-preview:-1"},"canonical":"https:\/\/dynaflow.de\/de\/flowai-chatbot\/","og_locale":"de_DE","og_type":"article","og_title":"FlowAI Chatbot - Dynaflow Technology Software f\u00fcr eCommerce Fulfillment","og_description":"FlowAI ist der intelligente Chat-Assistent, der in FlowOMS integriert ist. Er bietet Ihren Kunden sofortige Antworten, Live-Daten und die M\u00f6glichkeit, Ma\u00dfnahmen zu ergreifen - alles in nat\u00fcrlicher Sprache. Von der \u00dcberpr\u00fcfung des Sendungsstatus bis zur Erstellung von Berichten verwandelt FlowAI Ihr 3PL-Portal in eine KI-gest\u00fctzte Echtzeit-Erfahrung. Software f\u00fcr 3PL-Anbieter (eCommerce Fulfillment) Operation Management & Carrier Management powered by AI","og_url":"https:\/\/dynaflow.de\/de\/flowai-chatbot\/","og_site_name":"Dynaflow Technology","twitter_card":"summary_large_image","schema":{"@context":"https:\/\/schema.org","@graph":[{"@type":"WebPage","@id":"https:\/\/dynaflow.de\/de\/flowai-chatbot\/","url":"https:\/\/dynaflow.de\/de\/flowai-chatbot\/","name":"FlowAI Chatbot - Dynaflow Technology Software f\u00fcr eCommerce Fulfillment","isPartOf":{"@id":"https:\/\/dynaflow.de\/de\/#website"},"datePublished":"2025-10-28T19:44:00+00:00","description":"FlowAI ist der intelligente Chat-Assistent, der in FlowOMS integriert ist. Er bietet Ihren Kunden sofortige Antworten, Live-Daten und die M\u00f6glichkeit, Ma\u00dfnahmen zu ergreifen - alles in nat\u00fcrlicher Sprache. Von der \u00dcberpr\u00fcfung des Sendungsstatus bis zur Erstellung von Berichten verwandelt FlowAI Ihr 3PL-Portal in eine KI-gest\u00fctzte Echtzeit-Erfahrung. Software f\u00fcr 3PL-Anbieter (eCommerce Fulfillment) Operation Management & Carrier Management powered by AI","breadcrumb":{"@id":"https:\/\/dynaflow.de\/de\/flowai-chatbot\/#breadcrumb"},"inLanguage":"de","potentialAction":[{"@type":"ReadAction","target":["https:\/\/dynaflow.de\/de\/flowai-chatbot\/"]}]},{"@type":"BreadcrumbList","@id":"https:\/\/dynaflow.de\/de\/flowai-chatbot\/#breadcrumb","itemListElement":[{"@type":"ListItem","position":1,"name":"Home","item":"https:\/\/dynaflow.de\/de\/"},{"@type":"ListItem","position":2,"name":"FlowAI Chatbot"}]},{"@type":"WebSite","@id":"https:\/\/dynaflow.de\/de\/#website","url":"https:\/\/dynaflow.de\/de\/","name":"Dynaflow Technology","description":"","potentialAction":[{"@type":"SearchAction","target":{"@type":"EntryPoint","urlTemplate":"https:\/\/dynaflow.de\/de\/?s={search_term_string}"},"query-input":{"@type":"PropertyValueSpecification","valueRequired":true,"valueName":"search_term_string"}}],"inLanguage":"de"}]}},"_links":{"self":[{"href":"https:\/\/dynaflow.de\/de\/wp-json\/wp\/v2\/pages\/2630","targetHints":{"allow":["GET"]}}],"collection":[{"href":"https:\/\/dynaflow.de\/de\/wp-json\/wp\/v2\/pages"}],"about":[{"href":"https:\/\/dynaflow.de\/de\/wp-json\/wp\/v2\/types\/page"}],"author":[{"embeddable":true,"href":"https:\/\/dynaflow.de\/de\/wp-json\/wp\/v2\/users\/2"}],"replies":[{"embeddable":true,"href":"https:\/\/dynaflow.de\/de\/wp-json\/wp\/v2\/comments?post=2630"}],"version-history":[{"count":0,"href":"https:\/\/dynaflow.de\/de\/wp-json\/wp\/v2\/pages\/2630\/revisions"}],"wp:attachment":[{"href":"https:\/\/dynaflow.de\/de\/wp-json\/wp\/v2\/media?parent=2630"}],"curies":[{"name":"wp","href":"https:\/\/api.w.org\/{rel}","templated":true}]}}