{"id":2584,"date":"2025-10-28T20:42:57","date_gmt":"2025-10-28T19:42:57","guid":{"rendered":"https:\/\/dynaflow.de\/workflows\/"},"modified":"2025-10-28T20:42:57","modified_gmt":"2025-10-28T19:42:57","slug":"workflows","status":"publish","type":"page","link":"https:\/\/dynaflow.de\/de\/workflows\/","title":{"rendered":"Workflows"},"content":{"rendered":"","protected":false},"excerpt":{"rendered":"","protected":false},"author":2,"featured_media":0,"parent":0,"menu_order":0,"comment_status":"closed","ping_status":"closed","template":"","meta":{"_acf_changed":false,"footnotes":""},"class_list":["post-2584","page","type-page","status-publish","hentry"],"acf":[],"yoast_head":"<!-- This site is optimized with the Yoast SEO plugin v26.9 - https:\/\/yoast.com\/product\/yoast-seo-wordpress\/ -->\n<title>Workflows - Dynaflow Technology Software Automation Build f\u00fcr 3PLs<\/title>\n<meta name=\"description\" content=\"Automatisierungs-Build f\u00fcr 3PLs. Intelligentere Workflows f\u00fcr Ihre Kunden. Verwandeln Sie sich wiederholende Logistikaufgaben in automatisierte, datengesteuerte Workflows. Mit FlowOMS k\u00f6nnen Ihre Kunden personalisierte Aktionen ausl\u00f6sen \u2013 von Versandbenachrichtigungen im eigenen Design bis hin zu intelligenten Produktbeilagen \u2013, w\u00e4hrend Sie die Kontrolle \u00fcber die Backend-Logik behalten. Es ist Automatisierung f\u00fcr Fulfillment. Software f\u00fcr 3PL-Anbieter (eCommerce Fulfillment). Powered by AI\" \/>\n<meta name=\"robots\" content=\"index, follow, max-snippet:-1, max-image-preview:large, max-video-preview:-1\" \/>\n<link rel=\"canonical\" href=\"https:\/\/dynaflow.de\/de\/workflows\/\" \/>\n<meta property=\"og:locale\" content=\"de_DE\" \/>\n<meta property=\"og:type\" content=\"article\" \/>\n<meta property=\"og:title\" content=\"Workflows - Dynaflow Technology Software Automation Build f\u00fcr 3PLs\" \/>\n<meta property=\"og:description\" content=\"Automatisierungs-Build f\u00fcr 3PLs. Intelligentere Workflows f\u00fcr Ihre Kunden. Verwandeln Sie sich wiederholende Logistikaufgaben in automatisierte, datengesteuerte Workflows. Mit FlowOMS k\u00f6nnen Ihre Kunden personalisierte Aktionen ausl\u00f6sen \u2013 von Versandbenachrichtigungen im eigenen Design bis hin zu intelligenten Produktbeilagen \u2013, w\u00e4hrend Sie die Kontrolle \u00fcber die Backend-Logik behalten. Es ist Automatisierung f\u00fcr Fulfillment. Software f\u00fcr 3PL-Anbieter (eCommerce Fulfillment). Powered by AI\" \/>\n<meta property=\"og:url\" content=\"https:\/\/dynaflow.de\/de\/workflows\/\" \/>\n<meta property=\"og:site_name\" content=\"Dynaflow Technology\" \/>\n<meta name=\"twitter:card\" content=\"summary_large_image\" \/>\n<script type=\"application\/ld+json\" class=\"yoast-schema-graph\">{\"@context\":\"https:\/\/schema.org\",\"@graph\":[{\"@type\":\"WebPage\",\"@id\":\"https:\/\/dynaflow.de\/de\/workflows\/\",\"url\":\"https:\/\/dynaflow.de\/de\/workflows\/\",\"name\":\"Workflows - Dynaflow Technology Software Automation Build f\u00fcr 3PLs\",\"isPartOf\":{\"@id\":\"https:\/\/dynaflow.de\/de\/#website\"},\"datePublished\":\"2025-10-28T19:42:57+00:00\",\"description\":\"Automatisierungs-Build f\u00fcr 3PLs. Intelligentere Workflows f\u00fcr Ihre Kunden. Verwandeln Sie sich wiederholende Logistikaufgaben in automatisierte, datengesteuerte Workflows. Mit FlowOMS k\u00f6nnen Ihre Kunden personalisierte Aktionen ausl\u00f6sen \u2013 von Versandbenachrichtigungen im eigenen Design bis hin zu intelligenten Produktbeilagen \u2013, w\u00e4hrend Sie die Kontrolle \u00fcber die Backend-Logik behalten. Es ist Automatisierung f\u00fcr Fulfillment. Software f\u00fcr 3PL-Anbieter (eCommerce Fulfillment). Powered by AI\",\"breadcrumb\":{\"@id\":\"https:\/\/dynaflow.de\/de\/workflows\/#breadcrumb\"},\"inLanguage\":\"de\",\"potentialAction\":[{\"@type\":\"ReadAction\",\"target\":[\"https:\/\/dynaflow.de\/de\/workflows\/\"]}]},{\"@type\":\"BreadcrumbList\",\"@id\":\"https:\/\/dynaflow.de\/de\/workflows\/#breadcrumb\",\"itemListElement\":[{\"@type\":\"ListItem\",\"position\":1,\"name\":\"Home\",\"item\":\"https:\/\/dynaflow.de\/de\/\"},{\"@type\":\"ListItem\",\"position\":2,\"name\":\"Workflows\"}]},{\"@type\":\"WebSite\",\"@id\":\"https:\/\/dynaflow.de\/de\/#website\",\"url\":\"https:\/\/dynaflow.de\/de\/\",\"name\":\"Dynaflow Technology\",\"description\":\"\",\"potentialAction\":[{\"@type\":\"SearchAction\",\"target\":{\"@type\":\"EntryPoint\",\"urlTemplate\":\"https:\/\/dynaflow.de\/de\/?s={search_term_string}\"},\"query-input\":{\"@type\":\"PropertyValueSpecification\",\"valueRequired\":true,\"valueName\":\"search_term_string\"}}],\"inLanguage\":\"de\"}]}<\/script>\n<!-- \/ Yoast SEO plugin. -->","yoast_head_json":{"title":"Workflows - Dynaflow Technology Software Automation Build f\u00fcr 3PLs","description":"Automatisierungs-Build f\u00fcr 3PLs. Intelligentere Workflows f\u00fcr Ihre Kunden. Verwandeln Sie sich wiederholende Logistikaufgaben in automatisierte, datengesteuerte Workflows. Mit FlowOMS k\u00f6nnen Ihre Kunden personalisierte Aktionen ausl\u00f6sen \u2013 von Versandbenachrichtigungen im eigenen Design bis hin zu intelligenten Produktbeilagen \u2013, w\u00e4hrend Sie die Kontrolle \u00fcber die Backend-Logik behalten. Es ist Automatisierung f\u00fcr Fulfillment. Software f\u00fcr 3PL-Anbieter (eCommerce Fulfillment). Powered by AI","robots":{"index":"index","follow":"follow","max-snippet":"max-snippet:-1","max-image-preview":"max-image-preview:large","max-video-preview":"max-video-preview:-1"},"canonical":"https:\/\/dynaflow.de\/de\/workflows\/","og_locale":"de_DE","og_type":"article","og_title":"Workflows - Dynaflow Technology Software Automation Build f\u00fcr 3PLs","og_description":"Automatisierungs-Build f\u00fcr 3PLs. Intelligentere Workflows f\u00fcr Ihre Kunden. Verwandeln Sie sich wiederholende Logistikaufgaben in automatisierte, datengesteuerte Workflows. Mit FlowOMS k\u00f6nnen Ihre Kunden personalisierte Aktionen ausl\u00f6sen \u2013 von Versandbenachrichtigungen im eigenen Design bis hin zu intelligenten Produktbeilagen \u2013, w\u00e4hrend Sie die Kontrolle \u00fcber die Backend-Logik behalten. Es ist Automatisierung f\u00fcr Fulfillment. Software f\u00fcr 3PL-Anbieter (eCommerce Fulfillment). Powered by AI","og_url":"https:\/\/dynaflow.de\/de\/workflows\/","og_site_name":"Dynaflow Technology","twitter_card":"summary_large_image","schema":{"@context":"https:\/\/schema.org","@graph":[{"@type":"WebPage","@id":"https:\/\/dynaflow.de\/de\/workflows\/","url":"https:\/\/dynaflow.de\/de\/workflows\/","name":"Workflows - Dynaflow Technology Software Automation Build f\u00fcr 3PLs","isPartOf":{"@id":"https:\/\/dynaflow.de\/de\/#website"},"datePublished":"2025-10-28T19:42:57+00:00","description":"Automatisierungs-Build f\u00fcr 3PLs. Intelligentere Workflows f\u00fcr Ihre Kunden. Verwandeln Sie sich wiederholende Logistikaufgaben in automatisierte, datengesteuerte Workflows. Mit FlowOMS k\u00f6nnen Ihre Kunden personalisierte Aktionen ausl\u00f6sen \u2013 von Versandbenachrichtigungen im eigenen Design bis hin zu intelligenten Produktbeilagen \u2013, w\u00e4hrend Sie die Kontrolle \u00fcber die Backend-Logik behalten. Es ist Automatisierung f\u00fcr Fulfillment. Software f\u00fcr 3PL-Anbieter (eCommerce Fulfillment). Powered by AI","breadcrumb":{"@id":"https:\/\/dynaflow.de\/de\/workflows\/#breadcrumb"},"inLanguage":"de","potentialAction":[{"@type":"ReadAction","target":["https:\/\/dynaflow.de\/de\/workflows\/"]}]},{"@type":"BreadcrumbList","@id":"https:\/\/dynaflow.de\/de\/workflows\/#breadcrumb","itemListElement":[{"@type":"ListItem","position":1,"name":"Home","item":"https:\/\/dynaflow.de\/de\/"},{"@type":"ListItem","position":2,"name":"Workflows"}]},{"@type":"WebSite","@id":"https:\/\/dynaflow.de\/de\/#website","url":"https:\/\/dynaflow.de\/de\/","name":"Dynaflow Technology","description":"","potentialAction":[{"@type":"SearchAction","target":{"@type":"EntryPoint","urlTemplate":"https:\/\/dynaflow.de\/de\/?s={search_term_string}"},"query-input":{"@type":"PropertyValueSpecification","valueRequired":true,"valueName":"search_term_string"}}],"inLanguage":"de"}]}},"_links":{"self":[{"href":"https:\/\/dynaflow.de\/de\/wp-json\/wp\/v2\/pages\/2584","targetHints":{"allow":["GET"]}}],"collection":[{"href":"https:\/\/dynaflow.de\/de\/wp-json\/wp\/v2\/pages"}],"about":[{"href":"https:\/\/dynaflow.de\/de\/wp-json\/wp\/v2\/types\/page"}],"author":[{"embeddable":true,"href":"https:\/\/dynaflow.de\/de\/wp-json\/wp\/v2\/users\/2"}],"replies":[{"embeddable":true,"href":"https:\/\/dynaflow.de\/de\/wp-json\/wp\/v2\/comments?post=2584"}],"version-history":[{"count":0,"href":"https:\/\/dynaflow.de\/de\/wp-json\/wp\/v2\/pages\/2584\/revisions"}],"wp:attachment":[{"href":"https:\/\/dynaflow.de\/de\/wp-json\/wp\/v2\/media?parent=2584"}],"curies":[{"name":"wp","href":"https:\/\/api.w.org\/{rel}","templated":true}]}}