{"id":2475,"date":"2024-02-27T14:05:15","date_gmt":"2024-02-27T13:05:15","guid":{"rendered":"https:\/\/dynaflow.de\/kontakt\/"},"modified":"2024-02-27T14:05:15","modified_gmt":"2024-02-27T13:05:15","slug":"kontakt","status":"publish","type":"page","link":"https:\/\/dynaflow.de\/de\/kontakt\/","title":{"rendered":"Kontakt"},"content":{"rendered":"","protected":false},"excerpt":{"rendered":"","protected":false},"author":1,"featured_media":0,"parent":0,"menu_order":0,"comment_status":"closed","ping_status":"closed","template":"","meta":{"_acf_changed":false,"footnotes":""},"class_list":["post-2475","page","type-page","status-publish","hentry"],"acf":[],"yoast_head":"<!-- This site is optimized with the Yoast SEO plugin v26.9 - https:\/\/yoast.com\/product\/yoast-seo-wordpress\/ -->\n<title>Kontakt - Dynaflow Technology<\/title>\n<meta name=\"description\" content=\"Kontaktieren Sie unser Team jederzeit, egal ob Sie Unterst\u00fctzung ben\u00f6tigen oder eine Frage haben. Wir helfen Ihnen gerne weiter.\" \/>\n<meta name=\"robots\" content=\"index, follow, max-snippet:-1, max-image-preview:large, max-video-preview:-1\" \/>\n<link rel=\"canonical\" href=\"https:\/\/dynaflow.de\/de\/kontakt\/\" \/>\n<meta property=\"og:locale\" content=\"de_DE\" \/>\n<meta property=\"og:type\" content=\"article\" \/>\n<meta property=\"og:title\" content=\"Dynaflow Technology Kontakt\" \/>\n<meta property=\"og:description\" content=\"Sie k\u00f6nnen unser Team jederzeit kontaktieren, egal, ob Sie Unterst\u00fctzung ben\u00f6tigen oder eine Frage haben. Wir helfen Ihnen gerne.\" \/>\n<meta property=\"og:url\" content=\"https:\/\/dynaflow.de\/de\/kontakt\/\" \/>\n<meta property=\"og:site_name\" content=\"Dynaflow Technology\" \/>\n<meta property=\"og:image\" content=\"https:\/\/weship.d.zip.solutions\/apps\/uploads\/2025\/10\/Customer-Care-1.jpg\" \/>\n<meta name=\"twitter:card\" content=\"summary_large_image\" \/>\n<script type=\"application\/ld+json\" class=\"yoast-schema-graph\">{\"@context\":\"https:\/\/schema.org\",\"@graph\":[{\"@type\":\"WebPage\",\"@id\":\"https:\/\/dynaflow.de\/de\/kontakt\/\",\"url\":\"https:\/\/dynaflow.de\/de\/kontakt\/\",\"name\":\"Kontakt - Dynaflow Technology\",\"isPartOf\":{\"@id\":\"https:\/\/dynaflow.de\/de\/#website\"},\"datePublished\":\"2024-02-27T13:05:15+00:00\",\"description\":\"Kontaktieren Sie unser Team jederzeit, egal ob Sie Unterst\u00fctzung ben\u00f6tigen oder eine Frage haben. Wir helfen Ihnen gerne weiter.\",\"breadcrumb\":{\"@id\":\"https:\/\/dynaflow.de\/de\/kontakt\/#breadcrumb\"},\"inLanguage\":\"de\",\"potentialAction\":[{\"@type\":\"ReadAction\",\"target\":[\"https:\/\/dynaflow.de\/de\/kontakt\/\"]}]},{\"@type\":\"BreadcrumbList\",\"@id\":\"https:\/\/dynaflow.de\/de\/kontakt\/#breadcrumb\",\"itemListElement\":[{\"@type\":\"ListItem\",\"position\":1,\"name\":\"Home\",\"item\":\"https:\/\/dynaflow.de\/de\/\"},{\"@type\":\"ListItem\",\"position\":2,\"name\":\"Kontakt\"}]},{\"@type\":\"WebSite\",\"@id\":\"https:\/\/dynaflow.de\/de\/#website\",\"url\":\"https:\/\/dynaflow.de\/de\/\",\"name\":\"Dynaflow Technology\",\"description\":\"\",\"potentialAction\":[{\"@type\":\"SearchAction\",\"target\":{\"@type\":\"EntryPoint\",\"urlTemplate\":\"https:\/\/dynaflow.de\/de\/?s={search_term_string}\"},\"query-input\":{\"@type\":\"PropertyValueSpecification\",\"valueRequired\":true,\"valueName\":\"search_term_string\"}}],\"inLanguage\":\"de\"}]}<\/script>\n<!-- \/ Yoast SEO plugin. -->","yoast_head_json":{"title":"Kontakt - Dynaflow Technology","description":"Kontaktieren Sie unser Team jederzeit, egal ob Sie Unterst\u00fctzung ben\u00f6tigen oder eine Frage haben. Wir helfen Ihnen gerne weiter.","robots":{"index":"index","follow":"follow","max-snippet":"max-snippet:-1","max-image-preview":"max-image-preview:large","max-video-preview":"max-video-preview:-1"},"canonical":"https:\/\/dynaflow.de\/de\/kontakt\/","og_locale":"de_DE","og_type":"article","og_title":"Dynaflow Technology Kontakt","og_description":"Sie k\u00f6nnen unser Team jederzeit kontaktieren, egal, ob Sie Unterst\u00fctzung ben\u00f6tigen oder eine Frage haben. Wir helfen Ihnen gerne.","og_url":"https:\/\/dynaflow.de\/de\/kontakt\/","og_site_name":"Dynaflow Technology","og_image":[{"url":"https:\/\/weship.d.zip.solutions\/apps\/uploads\/2025\/10\/Customer-Care-1.jpg","type":"","width":"","height":""}],"twitter_card":"summary_large_image","schema":{"@context":"https:\/\/schema.org","@graph":[{"@type":"WebPage","@id":"https:\/\/dynaflow.de\/de\/kontakt\/","url":"https:\/\/dynaflow.de\/de\/kontakt\/","name":"Kontakt - Dynaflow Technology","isPartOf":{"@id":"https:\/\/dynaflow.de\/de\/#website"},"datePublished":"2024-02-27T13:05:15+00:00","description":"Kontaktieren Sie unser Team jederzeit, egal ob Sie Unterst\u00fctzung ben\u00f6tigen oder eine Frage haben. Wir helfen Ihnen gerne weiter.","breadcrumb":{"@id":"https:\/\/dynaflow.de\/de\/kontakt\/#breadcrumb"},"inLanguage":"de","potentialAction":[{"@type":"ReadAction","target":["https:\/\/dynaflow.de\/de\/kontakt\/"]}]},{"@type":"BreadcrumbList","@id":"https:\/\/dynaflow.de\/de\/kontakt\/#breadcrumb","itemListElement":[{"@type":"ListItem","position":1,"name":"Home","item":"https:\/\/dynaflow.de\/de\/"},{"@type":"ListItem","position":2,"name":"Kontakt"}]},{"@type":"WebSite","@id":"https:\/\/dynaflow.de\/de\/#website","url":"https:\/\/dynaflow.de\/de\/","name":"Dynaflow Technology","description":"","potentialAction":[{"@type":"SearchAction","target":{"@type":"EntryPoint","urlTemplate":"https:\/\/dynaflow.de\/de\/?s={search_term_string}"},"query-input":{"@type":"PropertyValueSpecification","valueRequired":true,"valueName":"search_term_string"}}],"inLanguage":"de"}]}},"_links":{"self":[{"href":"https:\/\/dynaflow.de\/de\/wp-json\/wp\/v2\/pages\/2475","targetHints":{"allow":["GET"]}}],"collection":[{"href":"https:\/\/dynaflow.de\/de\/wp-json\/wp\/v2\/pages"}],"about":[{"href":"https:\/\/dynaflow.de\/de\/wp-json\/wp\/v2\/types\/page"}],"author":[{"embeddable":true,"href":"https:\/\/dynaflow.de\/de\/wp-json\/wp\/v2\/users\/1"}],"replies":[{"embeddable":true,"href":"https:\/\/dynaflow.de\/de\/wp-json\/wp\/v2\/comments?post=2475"}],"version-history":[{"count":0,"href":"https:\/\/dynaflow.de\/de\/wp-json\/wp\/v2\/pages\/2475\/revisions"}],"wp:attachment":[{"href":"https:\/\/dynaflow.de\/de\/wp-json\/wp\/v2\/media?parent=2475"}],"curies":[{"name":"wp","href":"https:\/\/api.w.org\/{rel}","templated":true}]}}