{"id":2449,"date":"2025-10-28T20:43:27","date_gmt":"2025-10-28T19:43:27","guid":{"rendered":"https:\/\/dyna-tec.d.zip.solutions\/advanced-reports\/"},"modified":"2026-02-06T15:59:07","modified_gmt":"2026-02-06T14:59:07","slug":"advanced-reports","status":"publish","type":"page","link":"https:\/\/dynaflow.de\/de\/advanced-reports\/","title":{"rendered":"Advanced Reports"},"content":{"rendered":"","protected":false},"excerpt":{"rendered":"","protected":false},"author":2,"featured_media":0,"parent":0,"menu_order":0,"comment_status":"closed","ping_status":"closed","template":"","meta":{"_acf_changed":false,"footnotes":""},"class_list":["post-2449","page","type-page","status-publish","hentry"],"acf":[],"yoast_head":"<!-- This site is optimized with the Yoast SEO plugin v26.9 - https:\/\/yoast.com\/product\/yoast-seo-wordpress\/ -->\n<title>Advanced Reports - Dynaflow Technology Software f\u00fcr 3PL-Anbieter, unterst\u00fctzt durch KI<\/title>\n<meta name=\"description\" content=\"Software f\u00fcr 3PL-Anbieter (E-Commerce-Fulfillment). FlowOMS erstellt und liefert automatisch detaillierte Berichte f\u00fcr Ihre Kunden und Partner \u2013 von Lagerwertaktualisierungen bis hin zu Prognosen f\u00fcr nicht vorr\u00e4tige Artikel und Zollzusammenfassungen. Keine manuellen Exporte, keine Excel-Bearbeitung \u2013 nur die richtigen Daten, zur richtigen Zeit geliefert. Betriebsmanagement &amp; Carrier Management powered by AI\" \/>\n<meta name=\"robots\" content=\"index, follow, max-snippet:-1, max-image-preview:large, max-video-preview:-1\" \/>\n<link rel=\"canonical\" href=\"https:\/\/dynaflow.de\/de\/advanced-reports\/\" \/>\n<meta property=\"og:locale\" content=\"de_DE\" \/>\n<meta property=\"og:type\" content=\"article\" \/>\n<meta property=\"og:title\" content=\"Erweiterte Berichte \u2013 Software f\u00fcr 3PL-Anbieter (E-Commerce-Fulfillment)\" \/>\n<meta property=\"og:description\" content=\"Software f\u00fcr 3PL-Anbieter (E-Commerce-Fulfillment). FlowOMS erstellt und liefert automatisch detaillierte Berichte f\u00fcr Ihre Kunden und Partner \u2013 von Lagerwertaktualisierungen bis hin zu Prognosen f\u00fcr nicht vorr\u00e4tige Artikel und Zollzusammenfassungen. Keine manuellen Exporte, keine Excel-Bearbeitung \u2013 nur die richtigen Daten, zur richtigen Zeit geliefert. Betriebsmanagement &amp; Carrier Management powered by AI\" \/>\n<meta property=\"og:url\" content=\"https:\/\/dynaflow.de\/de\/advanced-reports\/\" \/>\n<meta property=\"og:site_name\" content=\"Dynaflow Technology\" \/>\n<meta property=\"article:modified_time\" content=\"2026-02-06T14:59:07+00:00\" \/>\n<meta name=\"twitter:card\" content=\"summary_large_image\" \/>\n<script type=\"application\/ld+json\" class=\"yoast-schema-graph\">{\"@context\":\"https:\/\/schema.org\",\"@graph\":[{\"@type\":\"WebPage\",\"@id\":\"https:\/\/dynaflow.de\/de\/advanced-reports\/\",\"url\":\"https:\/\/dynaflow.de\/de\/advanced-reports\/\",\"name\":\"Advanced Reports - Dynaflow Technology Software f\u00fcr 3PL-Anbieter, unterst\u00fctzt durch KI\",\"isPartOf\":{\"@id\":\"https:\/\/dynaflow.de\/de\/#website\"},\"datePublished\":\"2025-10-28T19:43:27+00:00\",\"dateModified\":\"2026-02-06T14:59:07+00:00\",\"description\":\"Software f\u00fcr 3PL-Anbieter (E-Commerce-Fulfillment). FlowOMS erstellt und liefert automatisch detaillierte Berichte f\u00fcr Ihre Kunden und Partner \u2013 von Lagerwertaktualisierungen bis hin zu Prognosen f\u00fcr nicht vorr\u00e4tige Artikel und Zollzusammenfassungen. Keine manuellen Exporte, keine Excel-Bearbeitung \u2013 nur die richtigen Daten, zur richtigen Zeit geliefert. Betriebsmanagement & Carrier Management powered by AI\",\"breadcrumb\":{\"@id\":\"https:\/\/dynaflow.de\/de\/advanced-reports\/#breadcrumb\"},\"inLanguage\":\"de\",\"potentialAction\":[{\"@type\":\"ReadAction\",\"target\":[\"https:\/\/dynaflow.de\/de\/advanced-reports\/\"]}]},{\"@type\":\"BreadcrumbList\",\"@id\":\"https:\/\/dynaflow.de\/de\/advanced-reports\/#breadcrumb\",\"itemListElement\":[{\"@type\":\"ListItem\",\"position\":1,\"name\":\"Home\",\"item\":\"https:\/\/dynaflow.de\/de\/\"},{\"@type\":\"ListItem\",\"position\":2,\"name\":\"Advanced Reports\"}]},{\"@type\":\"WebSite\",\"@id\":\"https:\/\/dynaflow.de\/de\/#website\",\"url\":\"https:\/\/dynaflow.de\/de\/\",\"name\":\"Dynaflow Technology\",\"description\":\"\",\"potentialAction\":[{\"@type\":\"SearchAction\",\"target\":{\"@type\":\"EntryPoint\",\"urlTemplate\":\"https:\/\/dynaflow.de\/de\/?s={search_term_string}\"},\"query-input\":{\"@type\":\"PropertyValueSpecification\",\"valueRequired\":true,\"valueName\":\"search_term_string\"}}],\"inLanguage\":\"de\"}]}<\/script>\n<!-- \/ Yoast SEO plugin. -->","yoast_head_json":{"title":"Advanced Reports - Dynaflow Technology Software f\u00fcr 3PL-Anbieter, unterst\u00fctzt durch KI","description":"Software f\u00fcr 3PL-Anbieter (E-Commerce-Fulfillment). FlowOMS erstellt und liefert automatisch detaillierte Berichte f\u00fcr Ihre Kunden und Partner \u2013 von Lagerwertaktualisierungen bis hin zu Prognosen f\u00fcr nicht vorr\u00e4tige Artikel und Zollzusammenfassungen. Keine manuellen Exporte, keine Excel-Bearbeitung \u2013 nur die richtigen Daten, zur richtigen Zeit geliefert. Betriebsmanagement & Carrier Management powered by AI","robots":{"index":"index","follow":"follow","max-snippet":"max-snippet:-1","max-image-preview":"max-image-preview:large","max-video-preview":"max-video-preview:-1"},"canonical":"https:\/\/dynaflow.de\/de\/advanced-reports\/","og_locale":"de_DE","og_type":"article","og_title":"Erweiterte Berichte \u2013 Software f\u00fcr 3PL-Anbieter (E-Commerce-Fulfillment)","og_description":"Software f\u00fcr 3PL-Anbieter (E-Commerce-Fulfillment). FlowOMS erstellt und liefert automatisch detaillierte Berichte f\u00fcr Ihre Kunden und Partner \u2013 von Lagerwertaktualisierungen bis hin zu Prognosen f\u00fcr nicht vorr\u00e4tige Artikel und Zollzusammenfassungen. Keine manuellen Exporte, keine Excel-Bearbeitung \u2013 nur die richtigen Daten, zur richtigen Zeit geliefert. Betriebsmanagement & Carrier Management powered by AI","og_url":"https:\/\/dynaflow.de\/de\/advanced-reports\/","og_site_name":"Dynaflow Technology","article_modified_time":"2026-02-06T14:59:07+00:00","twitter_card":"summary_large_image","schema":{"@context":"https:\/\/schema.org","@graph":[{"@type":"WebPage","@id":"https:\/\/dynaflow.de\/de\/advanced-reports\/","url":"https:\/\/dynaflow.de\/de\/advanced-reports\/","name":"Advanced Reports - Dynaflow Technology Software f\u00fcr 3PL-Anbieter, unterst\u00fctzt durch KI","isPartOf":{"@id":"https:\/\/dynaflow.de\/de\/#website"},"datePublished":"2025-10-28T19:43:27+00:00","dateModified":"2026-02-06T14:59:07+00:00","description":"Software f\u00fcr 3PL-Anbieter (E-Commerce-Fulfillment). FlowOMS erstellt und liefert automatisch detaillierte Berichte f\u00fcr Ihre Kunden und Partner \u2013 von Lagerwertaktualisierungen bis hin zu Prognosen f\u00fcr nicht vorr\u00e4tige Artikel und Zollzusammenfassungen. Keine manuellen Exporte, keine Excel-Bearbeitung \u2013 nur die richtigen Daten, zur richtigen Zeit geliefert. Betriebsmanagement & Carrier Management powered by AI","breadcrumb":{"@id":"https:\/\/dynaflow.de\/de\/advanced-reports\/#breadcrumb"},"inLanguage":"de","potentialAction":[{"@type":"ReadAction","target":["https:\/\/dynaflow.de\/de\/advanced-reports\/"]}]},{"@type":"BreadcrumbList","@id":"https:\/\/dynaflow.de\/de\/advanced-reports\/#breadcrumb","itemListElement":[{"@type":"ListItem","position":1,"name":"Home","item":"https:\/\/dynaflow.de\/de\/"},{"@type":"ListItem","position":2,"name":"Advanced Reports"}]},{"@type":"WebSite","@id":"https:\/\/dynaflow.de\/de\/#website","url":"https:\/\/dynaflow.de\/de\/","name":"Dynaflow Technology","description":"","potentialAction":[{"@type":"SearchAction","target":{"@type":"EntryPoint","urlTemplate":"https:\/\/dynaflow.de\/de\/?s={search_term_string}"},"query-input":{"@type":"PropertyValueSpecification","valueRequired":true,"valueName":"search_term_string"}}],"inLanguage":"de"}]}},"_links":{"self":[{"href":"https:\/\/dynaflow.de\/de\/wp-json\/wp\/v2\/pages\/2449","targetHints":{"allow":["GET"]}}],"collection":[{"href":"https:\/\/dynaflow.de\/de\/wp-json\/wp\/v2\/pages"}],"about":[{"href":"https:\/\/dynaflow.de\/de\/wp-json\/wp\/v2\/types\/page"}],"author":[{"embeddable":true,"href":"https:\/\/dynaflow.de\/de\/wp-json\/wp\/v2\/users\/2"}],"replies":[{"embeddable":true,"href":"https:\/\/dynaflow.de\/de\/wp-json\/wp\/v2\/comments?post=2449"}],"version-history":[{"count":4,"href":"https:\/\/dynaflow.de\/de\/wp-json\/wp\/v2\/pages\/2449\/revisions"}],"predecessor-version":[{"id":2488,"href":"https:\/\/dynaflow.de\/de\/wp-json\/wp\/v2\/pages\/2449\/revisions\/2488"}],"wp:attachment":[{"href":"https:\/\/dynaflow.de\/de\/wp-json\/wp\/v2\/media?parent=2449"}],"curies":[{"name":"wp","href":"https:\/\/api.w.org\/{rel}","templated":true}]}}